{"id":41727,"date":"2023-10-16T14:40:56","date_gmt":"2023-10-16T14:40:56","guid":{"rendered":"https:\/\/miminhosritacatita.com\/?post_type=product&#038;p=41727"},"modified":"2025-10-06T12:58:38","modified_gmt":"2025-10-06T12:58:38","slug":"convite-casamento-elegante-a-noiva-sou-eu","status":"publish","type":"product","link":"https:\/\/miminhosritacatita.com\/el\/colecao-a-noiva-sou-eu\/convites-casamento-a-noiva-sou-eu\/convite-casamento-elegante-a-noiva-sou-eu\/","title":{"rendered":"Convite Casamento Elegante &#8216;A Noiva Sou Eu&#8217;"},"content":{"rendered":"<h1>Convite Casamento Elegante &#8216;A Noiva Sou Eu&#8217;<\/h1>\n<p>Convite Casamento Elegante &#8216;A Noiva Sou Eu&#8217;<\/p>\n<p>Dizem que o segredo est\u00e1 nos detalhes\u2026 E n\u00f3s acreditamos! Na nossa loja o Convite Casamento Delicado &#8216;A Noiva Sou Eu&#8217; \u00e9 dos nossos detalhes favoritos.<\/p>\n<p>Dos robes \u00e0s ligas\u2026 Como ser\u00e1 o seu Convite de Casamento? Pense!, porque \u00e9 aqui que o estilo pessoal vai brilhar!<\/p>\n<p>Feitos com amor, os nossos Convites de Casamento s\u00e3o feitos para cada cliente, ideia que resulta dos detalhes da sua hist\u00f3ria. Por isso, vamos j\u00e1 conta-la como ela \u00e9, pelas suas palavras.<\/p>\n<p>Temos, na nossa loja, v\u00e1rios Marcadores de Lugar de Casamento para v\u00e1rios pre\u00e7os e gostos, mantendo sempre a promessa de qualidade.<\/p>\n<h2>Convite Casamento Elegante &#8216;A Noiva Sou Eu&#8217;<\/h2>\n<p>\u03a0\u03b9\u03c3\u03c4\u03b5\u03cd\u03bf\u03c5\u03bc\u03b5 \u03cc\u03c4\u03b9 \u03c4\u03bf \u03c0\u03bb\u03b5\u03bf\u03bd\u03ad\u03ba\u03c4\u03b7\u03bc\u03b1 \u03b3\u03b9\u03b1 <b>\u0393\u03ac\u03bc\u03bf\u03c2<\/b> \u03b5\u03af\u03bd\u03b1\u03b9 \u03b4\u03b9\u03ba\u03ae \u03c3\u03b1\u03c2, \u03b1\u03bb\u03bb\u03ac \u03b7 \u03b1\u03c0\u03bf\u03c3\u03c4\u03bf\u03bb\u03ae \u03b5\u03af\u03bd\u03b1\u03b9 \u03b4\u03b9\u03ba\u03ae \u03bc\u03b1\u03c2. \u0393\u03b9' \u03b1\u03c5\u03c4\u03cc \u03b4\u03b7\u03bc\u03b9\u03bf\u03c5\u03c1\u03b3\u03bf\u03cd\u03bc\u03b5 \u03c0\u03c1\u03bf\u03ca\u03cc\u03bd\u03c4\u03b1 \u03c0\u03c1\u03bf\u03c3\u03b1\u03c1\u03bc\u03bf\u03c3\u03bc\u03ad\u03bd\u03b1 \u03c3\u03c4\u03bf \u03b3\u03bf\u03cd\u03c3\u03c4\u03bf \u03ba\u03ac\u03b8\u03b5 \u03c0\u03b5\u03bb\u03ac\u03c4\u03b7, \u03b5\u03be\u03b1\u03c3\u03c6\u03b1\u03bb\u03af\u03b6\u03bf\u03bd\u03c4\u03b1\u03c2 \u03c0\u03ac\u03bd\u03c4\u03b1 \u03c0\u03bf\u03b9\u03cc\u03c4\u03b7\u03c4\u03b1, \u03c4\u03b5\u03bb\u03b5\u03b9\u03cc\u03c4\u03b7\u03c4\u03b1 \u03ba\u03b1\u03b9 \u03ba\u03b1\u03bb\u03ae \u03b3\u03b5\u03cd\u03c3\u03b7.<\/p>\n<p>Assim, encontre na Loja Online a resposta para todos os pormenores que far\u00e3o a sua festa \u00fanica, como os nossos marcadores de lugar.<\/p>\n<p>\u039d\u03bf\u03b9\u03ba\u03b9\u03ac\u03b6\u03bf\u03c5\u03bc\u03b5 \u03b5\u03c0\u03af\u03c3\u03b7\u03c2 \u03b1\u03c5\u03c4\u03bf\u03ba\u03af\u03bd\u03b7\u03c4\u03b1 \u03b3\u03b9\u03b1 \u03c4\u03b7 \u03bc\u03b5\u03c4\u03b1\u03c6\u03bf\u03c1\u03ac \u03c4\u03b7\u03c2 \u03bd\u03cd\u03c6\u03b7\u03c2 \u03ba\u03b1\u03b9 \u03c4\u03bf\u03c5 \u03b3\u03b1\u03bc\u03c0\u03c1\u03bf\u03cd. \u0393\u03b9\u03b1 \u03bd\u03b1 \u03bc\u03ac\u03b8\u03b5\u03c4\u03b5 \u03c4\u03b7\u03bd \u03c4\u03b9\u03bc\u03ae, \u03b5\u03c0\u03b9\u03ba\u03bf\u03b9\u03bd\u03c9\u03bd\u03ae\u03c3\u03c4\u03b5 \u03bc\u03b1\u03b6\u03af \u03bc\u03b1\u03c2 \u03ba\u03b1\u03b9 \u03b5\u03bd\u03b7\u03bc\u03b5\u03c1\u03ce\u03c3\u03c4\u03b5 \u03bc\u03b1\u03c2 \u03b3\u03b9\u03b1 \u03c4\u03b7\u03bd \u03b7\u03bc\u03b5\u03c1\u03bf\u03bc\u03b7\u03bd\u03af\u03b1 \u03c4\u03b7\u03c2 \u03b5\u03ba\u03b4\u03ae\u03bb\u03c9\u03c3\u03b7\u03c2 \/ \u03c4\u03b7 \u03b4\u03b9\u03b5\u03cd\u03b8\u03c5\u03bd\u03c3\u03b7 \u03c0\u03b1\u03c1\u03b1\u03bb\u03b1\u03b2\u03ae\u03c2 \/ \u03c4\u03b7 \u03b4\u03b9\u03b5\u03cd\u03b8\u03c5\u03bd\u03c3\u03b7 \u03c4\u03b7\u03c2 \u03b5\u03ba\u03ba\u03bb\u03b7\u03c3\u03af\u03b1\u03c2 \/ \u03ba\u03b1\u03b9 \u03c4\u03bf\u03bd \u03c4\u03cc\u03c0\u03bf \u03c4\u03bf\u03c5 \u03b3\u03ac\u03bc\u03bf\u03c5.<\/p>\n<h3>Convites de casamento, Convite de Casamento, Convite casamento, Convites Casamento, Convites de casamento originais, Convites de casamento r\u00fastico<\/h3>\n<p>\u0388\u03c7\u03bf\u03c5\u03bc\u03b5 \u03b5\u03c0\u03af\u03c3\u03b7\u03c2 \u03ad\u03bd\u03b1 \u03c6\u03bf\u03c5\u03c3\u03ba\u03c9\u03c4\u03cc \u03ba\u03b1\u03b9 \u03bc\u03b9\u03b1 \u03c4\u03c3\u03bf\u03c5\u03bb\u03ae\u03b8\u03c1\u03b1 \u03b3\u03b9\u03b1 \u03b5\u03bd\u03bf\u03b9\u03ba\u03af\u03b1\u03c3\u03b7. \u0396\u03b7\u03c4\u03ae\u03c3\u03c4\u03b5 \u03bb\u03bf\u03b9\u03c0\u03cc\u03bd \u03c0\u03c1\u03bf\u03c3\u03c6\u03bf\u03c1\u03ac, \u03b1\u03bd\u03b1\u03c6\u03ad\u03c1\u03bf\u03bd\u03c4\u03b1\u03c2 \u03c4\u03b7\u03bd \u03b7\u03bc\u03ad\u03c1\u03b1 \u03c4\u03b7\u03c2 \u03b5\u03ba\u03b4\u03ae\u03bb\u03c9\u03c3\u03b7\u03c2 \u03ba\u03b1\u03b9 \u03b1\u03bd \u03b8\u03ad\u03bb\u03b5\u03c4\u03b5 \u03bd\u03b1 \u03c4\u03bf \u03c0\u03b1\u03c1\u03b1\u03bb\u03ac\u03b2\u03b5\u03c4\u03b5 \u03b1\u03c0\u03cc \u03c4\u03bf \u03ba\u03b1\u03c4\u03ac\u03c3\u03c4\u03b7\u03bc\u03b1 \u03ae \u03bd\u03b1 \u03ad\u03c1\u03b8\u03bf\u03c5\u03bc\u03b5 \u03c3\u03c4\u03bf \u03c7\u03ce\u03c1\u03bf \u03b3\u03b9\u03b1 \u03bd\u03b1 \u03c4\u03bf \u03c3\u03c4\u03ae\u03c3\u03b5\u03c4\u03b5 \u03ba\u03b1\u03b9 \u03bd\u03b1 \u03c4\u03bf \u03ba\u03b1\u03c4\u03b5\u03b2\u03ac\u03c3\u03bf\u03c5\u03bc\u03b5.<\/p>\n<p>Assim, encontre aqui a resposta para todos os detalhes que far\u00e3o o seu Casamento \u00fanico. Portanto dos quais Marcadores de lugar para convidados \/ Convites de Casamento \/ Porta Alian\u00e7as \/ Lembran\u00e7as de Casamento.<\/p>\n<ul>\n<li>Mas tamb\u00e9m, as Cestas de Lembran\u00e7as \/ e os Photo Booth \/ e os Cabides. Assim como Flutes \/ e Talheres \/ e os Bal\u00f5es \/ e os Sparklers \/ e Placas \u201cL\u00e1 Vem a Noiva\u201d. Caixa Cart\u00f5es Honra<\/li>\n<\/ul>\n<p>Tamb\u00e9m temos Esferogr\u00e1fica Pluma Livro Casamento \/ e os Ramos de Solteiras \/ e Caixas de Envelopes. E ainda, as Ofertas a Pais e Padrinhos \/ e as Argolas de Guardanapos\/ e as Ementas.<\/p>\n<p><strong>\u0394\u03b5\u03af\u03c4\u03b5 \u03b5\u03c0\u03af\u03c3\u03b7\u03c2: <a href=\"https:\/\/miminhosritacatita.com\/el\/product\/agenda-da-noiva\/\">\u0397\u03bc\u03b5\u03c1\u03bf\u03bb\u03cc\u03b3\u03b9\u03bf \u03bd\u03cd\u03c6\u03b7\u03c2<\/a><\/strong><\/p>\n<p><strong>\u0391\u03ba\u03bf\u03bb\u03bf\u03c5\u03b8\u03ae\u03c3\u03c4\u03b5 \u03bc\u03b1\u03c2 \u03c3\u03c4\u03bf<a href=\"https:\/\/www.instagram.com\/miminhos.rita.catita\/\" target=\"_blank\" rel=\"noopener\"> Instagram<\/a><\/strong><\/p>","protected":false},"excerpt":{"rendered":"<p>Convite Casamento Elegante &#8216;A Noiva Sou Eu&#8217;<\/p>\n<p>Dimens\u00e3o: 12x18cm<\/p>\n<p>Papeis 250gr<\/p>\n<p>Impress\u00e3o em foil rosa gold apenas nos nomes, data em alto relevo.<\/p>\n<p>De desejar algo diferente do que \u00e9 apresentado, contacte-nos.<\/p>\n<p>https:\/\/youtube.com\/shorts\/fmagl_T5GRE?feature=share<\/p>","protected":false},"featured_media":43562,"template":"","meta":[],"product_brand":[],"product_cat":[379,1178],"product_tag":[],"class_list":{"0":"post-41727","1":"product","2":"type-product","3":"status-publish","4":"has-post-thumbnail","6":"product_cat-convites-de-casamento","7":"product_cat-convites-casamento-a-noiva-sou-eu","9":"first","10":"instock","11":"taxable","12":"shipping-taxable","13":"purchasable","14":"product-type-simple"},"_links":{"self":[{"href":"https:\/\/miminhosritacatita.com\/el\/wp-json\/wp\/v2\/product\/41727","targetHints":{"allow":["GET"]}}],"collection":[{"href":"https:\/\/miminhosritacatita.com\/el\/wp-json\/wp\/v2\/product"}],"about":[{"href":"https:\/\/miminhosritacatita.com\/el\/wp-json\/wp\/v2\/types\/product"}],"wp:featuredmedia":[{"embeddable":true,"href":"https:\/\/miminhosritacatita.com\/el\/wp-json\/wp\/v2\/media\/43562"}],"wp:attachment":[{"href":"https:\/\/miminhosritacatita.com\/el\/wp-json\/wp\/v2\/media?parent=41727"}],"wp:term":[{"taxonomy":"product_brand","embeddable":true,"href":"https:\/\/miminhosritacatita.com\/el\/wp-json\/wp\/v2\/product_brand?post=41727"},{"taxonomy":"product_cat","embeddable":true,"href":"https:\/\/miminhosritacatita.com\/el\/wp-json\/wp\/v2\/product_cat?post=41727"},{"taxonomy":"product_tag","embeddable":true,"href":"https:\/\/miminhosritacatita.com\/el\/wp-json\/wp\/v2\/product_tag?post=41727"}],"curies":[{"name":"wp","href":"https:\/\/api.w.org\/{rel}","templated":true}]}}