{"id":41150,"date":"2023-07-25T14:22:56","date_gmt":"2023-07-25T14:22:56","guid":{"rendered":"https:\/\/miminhosritacatita.com\/?post_type=product&#038;p=41150"},"modified":"2026-03-12T15:50:20","modified_gmt":"2026-03-12T15:50:20","slug":"kit-flutes-talheres-delicado","status":"publish","type":"product","link":"https:\/\/miminhosritacatita.com\/el\/casamento\/flutes-de-casamento\/kit-flutes-talheres-delicado\/","title":{"rendered":"Kit Flutes Talheres Delicado"},"content":{"rendered":"<h1>Kit Flutes Talheres Delicado<\/h1>\n<p>Kit Flutes Talheres Delicado<\/p>\n<p>Dizem que o segredo est\u00e1 nos detalhes\u2026 E n\u00f3s acreditamos! Na nossa loja os Kit Flutes Talheres Delicado s\u00e3o dos nossos detalhes favoritos.<\/p>\n<p>Assim, dos robes \u00e0s ligas\u2026 Como ser\u00e3o os vossos Flutes? Pense!, porque \u00e9 aqui que o estilo pessoal vai brilhar!<\/p>\n<p>Por isso, feitas com amor, os nossos Flutes s\u00e3o feitas para cada cliente, ideia que resulta dos detalhes da sua hist\u00f3ria. Por isso, vamos j\u00e1 conta-la como ela \u00e9, pelas suas palavras.<\/p>\n<p>Temos, na nossa loja, v\u00e1rios Copos para Brinde dos Noivos,\u00a0 para v\u00e1rios pre\u00e7os e gostos, mantendo sempre a promessa de qualidade.<\/p>\n<h2>Os Kit Flutes Talheres Delicado<\/h2>\n<p>Assim, entendemos que o m\u00e9rito pelo <b>\u0393\u03ac\u03bc\u03bf\u03c2<\/b> \u00e9 seu, mas que a miss\u00e3o \u00e9 nossa. E, por isso, criamos produtos ajustados ao gosto de cada cliente, cumprindo sempre com a qualidade e perfei\u00e7\u00e3o e bom gosto.<\/p>\n<p>Portanto, encontre aqui a resposta para todos os detalhes que far\u00e3o o seu Casamento \u00fanico. Dos quais Convites \/ Porta Alian\u00e7as \/ Livros de Honra \/ Lembran\u00e7as Abre C\u00e1psulas \u00e2ncora.<\/p>\n<ul>\n<li>Mas tamb\u00e9m, as Cestas de Lembran\u00e7as \/ e os Photo Booth \/ e os Cabides. Assim como Kit Flutes e Talheres Casamento \/ e Talheres Dourados Bolo \/ e os Bal\u00f5es \/ e os Sparklers \/ e Placas de Boas Vindas.<\/li>\n<\/ul>\n<p>Por isso, al\u00e9m dos Flutes Caixa Veludo Originais, tamb\u00e9m alugamos carros para o transporte dos noivos. Para saber o pre\u00e7o contacte-nos e informe a data do Evento \/ a morada de recolha \/ a da Igreja \/ e a do local da boda.<\/p>\n<p>Assim, tamb\u00e9m temos Ramos de Noiva Artificiais \/ e os Ramos de Solteiras \/ e Caixas de Envelopes. E ainda, as Ofertas a Pais e Padrinhos \/ e as Argolas de Guardanapos\/ e as Ementas.<\/p>\n<p><strong>\u0394\u03b5\u03af\u03c4\u03b5 \u03b5\u03c0\u03af\u03c3\u03b7\u03c2: <a href=\"https:\/\/miminhosritacatita.com\/el\/product\/agenda-da-noiva\/\">\u0397\u03bc\u03b5\u03c1\u03bf\u03bb\u03cc\u03b3\u03b9\u03bf \u03bd\u03cd\u03c6\u03b7\u03c2<\/a><\/strong><\/p>\n<p><strong>Siga-nos no <a href=\"https:\/\/www.instagram.com\/miminhos.rita.catita\/\" target=\"_blank\" rel=\"noopener\">Instagram<\/a><\/strong><\/p>","protected":false},"excerpt":{"rendered":"<p>Kit Flutes Talheres Delicado<\/p>\n<p>Dimens\u00e3o Caixa: 27,6x28x8cm<\/p>\n<p>Flutes c\/ aplica\u00e7\u00e3o com nomes + fita<\/p>\n<p>Talheres c\/ Grava\u00e7\u00e3o a laser + fita + acr\u00edlico<\/p>\n<p>No fundo da Caixa leva veludo<\/p>\n<p>Caixa Madeira c\/ acr\u00edlico: 67,50\u20ac<\/p>\n<p>Flutes c\/ grava\u00e7\u00e3o, fita e aplica\u00e7\u00e3o: 42,50\u20ac<br \/>\nTalheres c\/ grava\u00e7\u00e3o, fita e acr\u00edlicos: 65\u20ac<\/p>\n<p>&nbsp;<\/p>\n<p>&nbsp;<\/p>","protected":false},"featured_media":41152,"template":"","meta":[],"product_brand":[],"product_cat":[1090,1067],"product_tag":[],"class_list":{"0":"post-41150","1":"product","2":"type-product","3":"status-publish","4":"has-post-thumbnail","6":"product_cat-flutes-de-casamento","7":"product_cat-talheres-de-casamento","9":"first","10":"instock","11":"taxable","12":"shipping-taxable","13":"purchasable","14":"product-type-simple"},"_links":{"self":[{"href":"https:\/\/miminhosritacatita.com\/el\/wp-json\/wp\/v2\/product\/41150","targetHints":{"allow":["GET"]}}],"collection":[{"href":"https:\/\/miminhosritacatita.com\/el\/wp-json\/wp\/v2\/product"}],"about":[{"href":"https:\/\/miminhosritacatita.com\/el\/wp-json\/wp\/v2\/types\/product"}],"wp:featuredmedia":[{"embeddable":true,"href":"https:\/\/miminhosritacatita.com\/el\/wp-json\/wp\/v2\/media\/41152"}],"wp:attachment":[{"href":"https:\/\/miminhosritacatita.com\/el\/wp-json\/wp\/v2\/media?parent=41150"}],"wp:term":[{"taxonomy":"product_brand","embeddable":true,"href":"https:\/\/miminhosritacatita.com\/el\/wp-json\/wp\/v2\/product_brand?post=41150"},{"taxonomy":"product_cat","embeddable":true,"href":"https:\/\/miminhosritacatita.com\/el\/wp-json\/wp\/v2\/product_cat?post=41150"},{"taxonomy":"product_tag","embeddable":true,"href":"https:\/\/miminhosritacatita.com\/el\/wp-json\/wp\/v2\/product_tag?post=41150"}],"curies":[{"name":"wp","href":"https:\/\/api.w.org\/{rel}","templated":true}]}}