{"id":34486,"date":"2022-12-23T16:27:57","date_gmt":"2022-12-23T16:27:57","guid":{"rendered":"https:\/\/miminhosritacatita.com\/?post_type=product&#038;p=34486"},"modified":"2024-09-18T09:55:15","modified_gmt":"2024-09-18T09:55:15","slug":"50-cartoes-mensagens-baby-shower","status":"publish","type":"product","link":"https:\/\/miminhosritacatita.com\/el\/baby-shower\/mensagens-baby-shower\/50-cartoes-mensagens-baby-shower\/","title":{"rendered":"50-Cart\u00f5es Mensagens Baby Shower"},"content":{"rendered":"<h1>50-Cart\u00f5es Mensagens Baby Shower<\/h1>\n<p>50-Cart\u00f5es Mensagens Baby Shower<\/p>\n<p>A Miminhos Rita Catita est\u00e1 sempre presente nos momentos mais importantes da sua vida e como n\u00e3o podia deixar de ser, queremos tamb\u00e9m estar presentes para mais esta celebra\u00e7\u00e3o especial!<\/p>\n<p>O que mais nos apaixona nos Baby Showers \u00e9 a possibilidade de incorporar elementos pessoais, \u00fanicos e impartilh\u00e1veis, exclusivos de cada hist\u00f3ria. Qual \u00e9 a sua?<\/p>\n<p>Na Miminhos Rita Catita entendemos que o m\u00e9rito pela<b> festa<\/b> \u00e9 seu, mas que o compromisso \u00e9 nosso. E, por isso, desenvolvemos produtos personalizados e ajustados \u00e0s necessidades de cada cliente, cumprindo sempre a promessa de qualidade, excel\u00eancia e profissionalismo.<\/p>\n<h2>50-Cart\u00f5es Mensagens Baby Shower<\/h2>\n<p>Assim, <strong>os nossos detalhes para Baby shower<\/strong> s\u00e3o o resultado de uma combina\u00e7\u00e3o inspirada nos detalhes, pelo que trabalhamos para manter sempre a mudan\u00e7a e a inova\u00e7\u00e3o.<\/p>\n<p>Para al\u00e9m disso, <strong>os nossos produtos<\/strong> s\u00e3o produzidos internamente \u2013 o que nos d\u00e1 total controlo sobre o processo de produ\u00e7\u00e3o.<\/p>\n<p>Portanto, tem um Baby Shower para organizar e n\u00e3o sabe o que escolher? Por isso, na Miminhos Rita Catita encontrar\u00e1 os artigos ideais. Para al\u00e9m do que mostramos tamb\u00e9m pode dizer-nos qual a sua ideia e n\u00f3s executamos.<\/p>\n<p>Assim, nos artigos que apresentamos \u00e9 poss\u00edvel fazermos altera\u00e7\u00f5es \u00e1s cores e personalizar a gosto, contudo contacte-nos sempre primeiro para confirmar essa possibilidade.<\/p>\n<p>Portanto, como sugest\u00f5es temos, Convites Coelho Baby Shower, Lembran\u00e7as, Placas de Bodas Vindas, Bandeirolas, Livro de Honra e o 50-Cart\u00f5es Mensagens Baby Shower.<\/p>\n<p>E ainda,<\/p>\n<ul>\n<li>Cart\u00f5es de Honra<\/li>\n<li>Baldes de Pipocas<\/li>\n<li>Topo de Bolo<\/li>\n<li>Bolos de Fraldas<\/li>\n<\/ul>\n<p>Por isso, encontre na Loja Online da Miminhos Rita Catita a tudo o que procura para uma prenda fant\u00e1stica.<\/p>\n<p><strong>\u0394\u03b5\u03af\u03c4\u03b5 \u03b5\u03c0\u03af\u03c3\u03b7\u03c2:<\/strong><a href=\"https:\/\/miminhosritacatita.com\/el\/product-category\/batizados\/\"> Artigos para Batizado<\/a><\/p>\n<p><strong>\u0395\u03c0\u03b9\u03c3\u03ba\u03b5\u03c6\u03b8\u03b5\u03af\u03c4\u03b5 \u03c4\u03bf <a href=\"https:\/\/www.instagram.com\/miminhos.rita.catita\/\" target=\"_blank\" rel=\"noopener\">Instagram<\/a><\/strong><\/p>","protected":false},"excerpt":{"rendered":"<p>50-Cart\u00f5es Mensagens Baby Shower<\/p>\n<p>A dimens\u00e3o dos cart\u00f5es personalizados \u00e9 de acordo as caixas que oferecemos. Para cart\u00f5es com outros tamanhos, solicitar or\u00e7amento.<\/p>\n<p>Uma \u00f3tima ideai para tornar o seu dia ainda mais memor\u00e1vel!<\/p>\n<p>&nbsp;<\/p>\n<p>&nbsp;<\/p>","protected":false},"featured_media":34487,"template":"","meta":[],"product_brand":[],"product_cat":[1103],"product_tag":[1111,1064,1117],"class_list":{"0":"post-34486","1":"product","2":"type-product","3":"status-publish","4":"has-post-thumbnail","6":"product_cat-mensagens-baby-shower","7":"product_tag-nao-feed","8":"product_tag-naofeed","9":"product_tag-naofeedgoogle","11":"first","12":"instock","13":"taxable","14":"shipping-taxable","15":"purchasable","16":"product-type-simple"},"_links":{"self":[{"href":"https:\/\/miminhosritacatita.com\/el\/wp-json\/wp\/v2\/product\/34486","targetHints":{"allow":["GET"]}}],"collection":[{"href":"https:\/\/miminhosritacatita.com\/el\/wp-json\/wp\/v2\/product"}],"about":[{"href":"https:\/\/miminhosritacatita.com\/el\/wp-json\/wp\/v2\/types\/product"}],"wp:featuredmedia":[{"embeddable":true,"href":"https:\/\/miminhosritacatita.com\/el\/wp-json\/wp\/v2\/media\/34487"}],"wp:attachment":[{"href":"https:\/\/miminhosritacatita.com\/el\/wp-json\/wp\/v2\/media?parent=34486"}],"wp:term":[{"taxonomy":"product_brand","embeddable":true,"href":"https:\/\/miminhosritacatita.com\/el\/wp-json\/wp\/v2\/product_brand?post=34486"},{"taxonomy":"product_cat","embeddable":true,"href":"https:\/\/miminhosritacatita.com\/el\/wp-json\/wp\/v2\/product_cat?post=34486"},{"taxonomy":"product_tag","embeddable":true,"href":"https:\/\/miminhosritacatita.com\/el\/wp-json\/wp\/v2\/product_tag?post=34486"}],"curies":[{"name":"wp","href":"https:\/\/api.w.org\/{rel}","templated":true}]}}