{"id":32670,"date":"2022-09-16T14:59:53","date_gmt":"2022-09-16T14:59:53","guid":{"rendered":"https:\/\/miminhosritacatita.com\/?post_type=product&#038;p=32670"},"modified":"2025-01-31T12:58:52","modified_gmt":"2025-01-31T12:58:52","slug":"prenda-aniversario-caneca-personalizada","status":"publish","type":"product","link":"https:\/\/miminhosritacatita.com\/el\/presentes-personalizados\/prendas-de-aniversario\/prenda-aniversario-caneca-personalizada\/","title":{"rendered":"Prenda Anivers\u00e1rio Caneca Personalizada"},"content":{"rendered":"<h1>Prenda Anivers\u00e1rio Caneca Personalizada<\/h1>\n<p>Prenda Anivers\u00e1rio Caneca Personalizada<\/p>\n<p>O anivers\u00e1rio \u00e9 sempre uma celebra\u00e7\u00e3o especial para a fam\u00edlia e amigos. E aos que acompanharam os nossos passos \u2013 primeiro curtos, depois mais longos \u2013, devemos uma recorda\u00e7\u00e3o especial. Portanto, a pensar nisso, a Miminhos Rita Catita desenvolveu presentes personalizados e prendas personalizadas de anivers\u00e1rio.<\/p>\n<p>Dispomos, nas nossas lojas, de v\u00e1rias <strong>prendas de anivers\u00e1rio<\/strong>, personalizadas e ajustadas \u00e0s necessidades de cada cliente, porque o seu anivers\u00e1rio \u00e9 \u00fanico e as ofertas devem ser tamb\u00e9m.<\/p>\n<p>Assim sendo, quais ser\u00e3o as suas <strong>Prendas personalizadas e presentes personalizados<\/strong>, para al\u00e9m dos momentos que, com certeza, n\u00e3o se v\u00e3o esquecer?<\/p>\n<h2>A Prenda Anivers\u00e1rio Caneca Personalizada<\/h2>\n<p>Portanto, na Miminhos Rita Catita entendemos que o m\u00e9rito pela escolha \u00e9 seu, mas que o compromisso \u00e9 nosso. E, por isso, desenvolvemos presentes personalizados e ajustados \u00e0s necessidades de cada cliente.<\/p>\n<p>Para al\u00e9m disso, as nossas Prendas Personalizadas s\u00e3o produzidas internamente, o que nos d\u00e1 total controlo sobre os prazos de produ\u00e7\u00e3o.<\/p>\n<p>Encontre na Loja Online da Miminhos Rita Catita a resposta para todos os pormenores que tornar\u00e3o o seu anivers\u00e1rio \u00fanico: presentes personalizados, prendas personalizadas, prendas de anivers\u00e1rio, prendas para beb\u00e9s, prendas originais para adultos e crian\u00e7as, Chocolates personalizados com mensagens, os presentes mais originais que possa imaginar, como a Prenda Anivers\u00e1rio Caneca Personalizada.<\/p>\n<p>Portanto,<\/p>\n<ul>\n<li>Prendas personalizadas<\/li>\n<li>\u0395\u03be\u03b1\u03c4\u03bf\u03bc\u03b9\u03ba\u03b5\u03c5\u03bc\u03ad\u03bd\u03b1 \u03b4\u03ce\u03c1\u03b1<\/li>\n<li>Prenda para beb\u00e9s<\/li>\n<li>Presentes originais e criativos<\/li>\n<\/ul>\n<p>Portanto, feitos com amor, algumas prendas de anivers\u00e1rio j\u00e1 s\u00e3o feitas para cada cliente, ideia que resulta dos detalhes da sua hist\u00f3ria. Por isso, vamos j\u00e1 conta-la como ela \u00e9, pelas suas palavras.<\/p>\n<p>O m\u00e9rito pela prenda personalizada \u00e9 seu, mas que a miss\u00e3o \u00e9 nossa. E, por isso, criamos produtos feitos ao gosto de cada cliente, cumprindo sempre com a qualidade e perfei\u00e7\u00e3o e bom gosto.<\/p>\n<p>E ainda, temos tamb\u00e9m para este dia especial mais presentes diferentes e originais para oferecer ao melhor aniversariante, uma Caixa Chocolate ao seu gosto \/ ou uma caixa com chocolates e uma bebida \/ ou outras prendas personalizadas.<\/p>\n<p>Encontre aqui a prenda de anivers\u00e1rio ideal para ofertar a quem ama, encomende j\u00e1.<\/p>\n<p><strong>\u0394\u03b5\u03af\u03c4\u03b5 \u03b5\u03c0\u03af\u03c3\u03b7\u03c2:<\/strong><a href=\"https:\/\/miminhosritacatita.com\/el\/product-category\/batizados\/\"> Artigos p\/ Batizado<\/a><\/p>\n<p><strong>Siga-nos no<a href=\"https:\/\/www.instagram.com\/miminhos.rita.catita\/\" target=\"_blank\" rel=\"noopener\"> Instagram<\/a><\/strong><\/p>","protected":false},"excerpt":{"rendered":"<p>Prenda Anivers\u00e1rio Caneca Personalizada<\/p>\n<p>Caneca personalizada + caixa de cart\u00e3o simples<\/p>\n<p>Para altera\u00e7\u00f5es indicar nas &#8220;Notas&#8221; depois de finalizar a encomenda.<\/p>","protected":false},"featured_media":29617,"template":"","meta":[],"product_brand":[],"product_cat":[1135],"product_tag":[],"class_list":{"0":"post-32670","1":"product","2":"type-product","3":"status-publish","4":"has-post-thumbnail","6":"product_cat-prendas-de-aniversario","8":"first","9":"instock","10":"taxable","11":"shipping-taxable","12":"purchasable","13":"product-type-simple"},"_links":{"self":[{"href":"https:\/\/miminhosritacatita.com\/el\/wp-json\/wp\/v2\/product\/32670","targetHints":{"allow":["GET"]}}],"collection":[{"href":"https:\/\/miminhosritacatita.com\/el\/wp-json\/wp\/v2\/product"}],"about":[{"href":"https:\/\/miminhosritacatita.com\/el\/wp-json\/wp\/v2\/types\/product"}],"wp:featuredmedia":[{"embeddable":true,"href":"https:\/\/miminhosritacatita.com\/el\/wp-json\/wp\/v2\/media\/29617"}],"wp:attachment":[{"href":"https:\/\/miminhosritacatita.com\/el\/wp-json\/wp\/v2\/media?parent=32670"}],"wp:term":[{"taxonomy":"product_brand","embeddable":true,"href":"https:\/\/miminhosritacatita.com\/el\/wp-json\/wp\/v2\/product_brand?post=32670"},{"taxonomy":"product_cat","embeddable":true,"href":"https:\/\/miminhosritacatita.com\/el\/wp-json\/wp\/v2\/product_cat?post=32670"},{"taxonomy":"product_tag","embeddable":true,"href":"https:\/\/miminhosritacatita.com\/el\/wp-json\/wp\/v2\/product_tag?post=32670"}],"curies":[{"name":"wp","href":"https:\/\/api.w.org\/{rel}","templated":true}]}}