{"id":23171,"date":"2021-12-07T19:01:11","date_gmt":"2021-12-07T19:01:11","guid":{"rendered":"https:\/\/miminhosritacatita.com\/?post_type=product&#038;p=23171"},"modified":"2026-04-10T13:56:19","modified_gmt":"2026-04-10T13:56:19","slug":"livro-honra-casamento-veludo","status":"publish","type":"product","link":"https:\/\/miminhosritacatita.com\/el\/casamento\/livros-de-honra-casamento\/livro-honra-casamento-veludo\/","title":{"rendered":"Livro Honra Casamento Veludo"},"content":{"rendered":"<h1>Livro Honra Casamento Veludo<\/h1>\n<p>Livro Honra Casamento Veludo<\/p>\n<p>Dizem que o segredo est\u00e1 nos detalhes\u2026 E n\u00f3s acreditamos! Na nossa loja os Livros de Honra s\u00e3o dos nossos detalhes favoritos.<\/p>\n<p>Dos robes \u00e0s ligas\u2026 Como ser\u00e1 o seu Livro de Honra de Casamento? Pense!, porque \u00e9 aqui que o estilo pessoal vai brilhar!<\/p>\n<p>Feitos com amor, os nossos Livro de Honra de Casamento s\u00e3o feitos para cada cliente, ideia que resulta dos detalhes da sua hist\u00f3ria. Por isso, vamos j\u00e1 conta-la como ela \u00e9, pelas suas palavras.<\/p>\n<p>Temos, na nossa loja, v\u00e1rios Livros de Honra de Casamento para v\u00e1rios pre\u00e7os e gostos, mantendo sempre a promessa de qualidade.<\/p>\n<h2>Livro Honra Casamento Veludo<\/h2>\n<p>\u03a0\u03b9\u03c3\u03c4\u03b5\u03cd\u03bf\u03c5\u03bc\u03b5 \u03cc\u03c4\u03b9 \u03c4\u03bf \u03c0\u03bb\u03b5\u03bf\u03bd\u03ad\u03ba\u03c4\u03b7\u03bc\u03b1 \u03b3\u03b9\u03b1 <b>\u0393\u03ac\u03bc\u03bf\u03c2<\/b> \u00e9 seu, mas que a miss\u00e3o \u00e9 nossa.<\/p>\n<p>Assim, encontre na Loja Online a resposta para todos os pormenores que far\u00e3o a sua festa \u00fanica, como o Livro Honra Casamento.<\/p>\n<p>Tamb\u00e9m alugamos carros para o transporte dos noivos. Para saber o pre\u00e7o contacte-nos e informe a data do Evento \/ a morada de recolha \/ a da Igreja \/ e a do local da boda.<\/p>\n<p>Assim, temos ainda para alugar um insufl\u00e1vel e um escorrega. Portanto, pe\u00e7a o seu or\u00e7amento dizendo em que dia ser\u00e1 o evento e se o deseja levantar em loja ou se pretende que nos desloquemos ao local do evento para a montagem \/ e desmontagem.<\/p>\n<p>Assim, encontre aqui a resposta para todos os detalhes que far\u00e3o o seu Casamento \u00fanico. Portanto dos quais Livro Honra em Veludo \/ Convites de Casamento \/ Porta Alian\u00e7as \/ Lembran\u00e7as de Casamento.<\/p>\n<ul>\n<li>Mas tamb\u00e9m, as Cestas de Lembran\u00e7as \/ e os Photo Booth \/ e os Cabides. Assim como Flutes \/ e Talheres \/ e os Bal\u00f5es \/ e os Sparklers \/ e Placas para casamento. Caixa Cart\u00f5es Honra<\/li>\n<\/ul>\n<p>Tamb\u00e9m temos Ramos de Noiva Artificiais \/ e os Ramos de Solteiras \/ e Caixas de Envelopes. E ainda, as Ofertas a Pais e Padrinhos \/ e as Argolas de Guardanapos\/ e as Ementas.<\/p>\n<p><strong>\u0394\u03b5\u03af\u03c4\u03b5 \u03b5\u03c0\u03af\u03c3\u03b7\u03c2: <a href=\"https:\/\/miminhosritacatita.com\/el\/product\/agenda-da-noiva\/\">\u0397\u03bc\u03b5\u03c1\u03bf\u03bb\u03cc\u03b3\u03b9\u03bf \u03bd\u03cd\u03c6\u03b7\u03c2<\/a><\/strong><\/p>\n<p>Siga-nos no <a href=\"https:\/\/www.instagram.com\/miminhos.rita.catita\/\" target=\"_blank\" rel=\"noopener\">Instagram<\/a><\/p>\n<p>&nbsp;<\/p>","protected":false},"excerpt":{"rendered":"<p>Livro Honra Casamento Veludo<\/p>\n<p><span id=\"fbPhotoSnowliftCaption\" class=\"fbPhotosPhotoCaption\" tabindex=\"0\" aria-live=\"polite\" data-ft=\"{&quot;tn&quot;:&quot;K&quot;}\"><span class=\"hasCaption\">(Possibilidade de impress\u00e3o da totalidade da primeira p\u00e1gina, mais nome dos noivos e data do casamento, ou uma pequena mensagem em todas as outras p\u00e1ginas)<\/span><\/span><span id=\"fbPhotoSnowliftTagList\" class=\"fbPhotoTagList\"><span class=\"fcg\">\u00a0<\/span><\/span><\/p>\n<p>Dimens\u00e3o: a4 (21 x 27cm)<\/p>\n<p>Quantidade de folhas &#8211; 40un<\/p>\n<p>Para altera\u00e7\u00e3o \u00e0s cores, indique nas notas, depois de finalizar a encomenda.<\/p>\n<p>&nbsp;<\/p>","protected":false},"featured_media":29822,"template":"","meta":[],"product_brand":[],"product_cat":[627],"product_tag":[],"class_list":{"0":"post-23171","1":"product","2":"type-product","3":"status-publish","4":"has-post-thumbnail","6":"product_cat-livros-de-honra-casamento","8":"first","9":"instock","10":"taxable","11":"shipping-taxable","12":"purchasable","13":"product-type-simple"},"_links":{"self":[{"href":"https:\/\/miminhosritacatita.com\/el\/wp-json\/wp\/v2\/product\/23171","targetHints":{"allow":["GET"]}}],"collection":[{"href":"https:\/\/miminhosritacatita.com\/el\/wp-json\/wp\/v2\/product"}],"about":[{"href":"https:\/\/miminhosritacatita.com\/el\/wp-json\/wp\/v2\/types\/product"}],"wp:featuredmedia":[{"embeddable":true,"href":"https:\/\/miminhosritacatita.com\/el\/wp-json\/wp\/v2\/media\/29822"}],"wp:attachment":[{"href":"https:\/\/miminhosritacatita.com\/el\/wp-json\/wp\/v2\/media?parent=23171"}],"wp:term":[{"taxonomy":"product_brand","embeddable":true,"href":"https:\/\/miminhosritacatita.com\/el\/wp-json\/wp\/v2\/product_brand?post=23171"},{"taxonomy":"product_cat","embeddable":true,"href":"https:\/\/miminhosritacatita.com\/el\/wp-json\/wp\/v2\/product_cat?post=23171"},{"taxonomy":"product_tag","embeddable":true,"href":"https:\/\/miminhosritacatita.com\/el\/wp-json\/wp\/v2\/product_tag?post=23171"}],"curies":[{"name":"wp","href":"https:\/\/api.w.org\/{rel}","templated":true}]}}