{"id":22941,"date":"2021-11-29T15:52:10","date_gmt":"2021-11-29T15:52:10","guid":{"rendered":"https:\/\/miminhosritacatita.com\/?post_type=product&#038;p=22941"},"modified":"2025-02-04T12:37:22","modified_gmt":"2025-02-04T12:37:22","slug":"garrafa-vidro-educadora-ou-professora","status":"publish","type":"product","link":"https:\/\/miminhosritacatita.com\/el\/presentes-personalizados\/prendas-para-educadora\/garrafa-vidro-educadora-ou-professora\/","title":{"rendered":"Garrafa Vidro Educadora ou Professora"},"content":{"rendered":"<h1>Garrafa Vidro Educadora ou Professora<\/h1>\n<p>Garrafa Vidro Educadora ou Professora<\/p>\n<p>Dizem que o segredo est\u00e1 nos detalhes\u2026 E portanto, n\u00f3s acreditamos! Na nossa loja a Garrafa Para Professor ou Educador \u00e9 dos nossos detalhes favoritos.<\/p>\n<p>Dos colares \u00e0s pulseiras\u2026 Como ser\u00e1 a sua? Pense!, porque \u00e9 aqui que aquela prenda especial vai brilhar!<\/p>\n<p>Assim, feitos com amor, os nossos presentes os s\u00e3o feitos para cada cliente, ideia que resulta dos detalhes de cada hist\u00f3ria. Por isso, vamos j\u00e1 conta-la como ela \u00e9, pelas suas palavras.<\/p>\n<p>Temos, na nossa loja, v\u00e1rias Caixa Para Educadora os para v\u00e1rios pre\u00e7os e gostos, mantendo sempre a promessa de qualidade.<\/p>\n<h2>A Garrafa Vidro Educadora ou Professora<\/h2>\n<p>Portanto, entendemos que o m\u00e9rito pelo <b>presente<\/b> \u00e9 seu, mas que a miss\u00e3o \u00e9 nossa. E, por isso, criamos produtos ajustados ao gosto de cada cliente, cumprindo sempre com a qualidade e perfei\u00e7\u00e3o e bom gosto.<\/p>\n<p>Assim, encontre na Loja Online a resposta para todos os pormenores que far\u00e3o o seu presente \u00fanico.<\/p>\n<p>Portanto, tamb\u00e9m alugamos carros para o transporte dos noivos. Para saber o pre\u00e7o contacte-nos e informe a data do Evento \/ a morada de recolha \/ a da Igreja \/ e a do local da boda.<\/p>\n<p>Assim, temos ainda para alugar um insufl\u00e1vel e um escorrega. Portanto, pe\u00e7a o seu or\u00e7amento dizendo em que dia ser\u00e1 o evento e se o deseja levantar em loja ou se pretende que nos desloquemos ao local do evento para a montagem \/ e a desmontagem.<\/p>\n<p>Como tal, encontre aqui a resposta para todos os detalhes que far\u00e3o o seu Presente \u00fanico. Dos quais Garrafa Vidro Educadora ou Professora \/ Mealheiro com colar \/ Colares Personalizados \/ Kit da Educadora e muito mais!<\/p>\n<p><strong>Portanto,<\/strong><\/p>\n<ul>\n<li><strong>Garrafas<\/strong><\/li>\n<li><strong>Blocos de Notas<br \/>\n<\/strong><\/li>\n<li><strong>Molduras personalizadas<br \/>\n<\/strong><\/li>\n<li><strong>Pulseiras e muito mais.<\/strong><\/li>\n<\/ul>\n<p>E ainda, temos tamb\u00e9m para este dia especial mais presentes diferentes e originais para oferecer a professoras e educadoras, uma Caixa Chocolate ao seu gosto \/ uma esferogr\u00e1fica personalizada \/ ou os Chocolates com uma mensagem.<\/p>\n<p>Portanto, encontre aqui o prenda ideal para a melhor auxiliar \/educadora \/ professora, encomende j\u00e1.<\/p>\n<p><strong>\u0394\u03b5\u03af\u03c4\u03b5 \u03b5\u03c0\u03af\u03c3\u03b7\u03c2: <a href=\"https:\/\/miminhosritacatita.com\/el\/product\/agenda-da-noiva\/\">\u0397\u03bc\u03b5\u03c1\u03bf\u03bb\u03cc\u03b3\u03b9\u03bf \u03bd\u03cd\u03c6\u03b7\u03c2<\/a><\/strong><\/p>\n<p><strong>Siga-nos no<a href=\"https:\/\/www.instagram.com\/miminhos.rita.catita\/\" target=\"_blank\" rel=\"noopener\"> Instagram<\/a><\/strong><\/p>","protected":false},"excerpt":{"rendered":"<p>Garrafa Vidro Educadora ou Professora<\/p>\n<p>Capacidade: 540 ml<\/p>\n<p>Material: Vidro e tampa de rosca de bambu, Inclui bolsa de silicone<\/p>\n<p>Cores dispon\u00edveis de Bolsa: Branco<\/p>\n<p>Indique a mensagem pretendida nas &#8220;notas&#8221; depois de finalizar a encomenda<\/p>\n<p>&nbsp;<\/p>","protected":false},"featured_media":22943,"template":"","meta":[],"product_brand":[],"product_cat":[1053],"product_tag":[],"class_list":{"0":"post-22941","1":"product","2":"type-product","3":"status-publish","4":"has-post-thumbnail","6":"product_cat-prendas-para-educadora","8":"first","9":"instock","10":"taxable","11":"shipping-taxable","12":"purchasable","13":"product-type-simple"},"_links":{"self":[{"href":"https:\/\/miminhosritacatita.com\/el\/wp-json\/wp\/v2\/product\/22941","targetHints":{"allow":["GET"]}}],"collection":[{"href":"https:\/\/miminhosritacatita.com\/el\/wp-json\/wp\/v2\/product"}],"about":[{"href":"https:\/\/miminhosritacatita.com\/el\/wp-json\/wp\/v2\/types\/product"}],"wp:featuredmedia":[{"embeddable":true,"href":"https:\/\/miminhosritacatita.com\/el\/wp-json\/wp\/v2\/media\/22943"}],"wp:attachment":[{"href":"https:\/\/miminhosritacatita.com\/el\/wp-json\/wp\/v2\/media?parent=22941"}],"wp:term":[{"taxonomy":"product_brand","embeddable":true,"href":"https:\/\/miminhosritacatita.com\/el\/wp-json\/wp\/v2\/product_brand?post=22941"},{"taxonomy":"product_cat","embeddable":true,"href":"https:\/\/miminhosritacatita.com\/el\/wp-json\/wp\/v2\/product_cat?post=22941"},{"taxonomy":"product_tag","embeddable":true,"href":"https:\/\/miminhosritacatita.com\/el\/wp-json\/wp\/v2\/product_tag?post=22941"}],"curies":[{"name":"wp","href":"https:\/\/api.w.org\/{rel}","templated":true}]}}