{"id":19049,"date":"2021-04-12T16:47:51","date_gmt":"2021-04-12T16:47:51","guid":{"rendered":"https:\/\/miminhosritacatita.com\/?post_type=product&#038;p=19049"},"modified":"2026-04-29T09:16:06","modified_gmt":"2026-04-29T09:16:06","slug":"peluche-doces-presente-mae","status":"publish","type":"product","link":"https:\/\/miminhosritacatita.com\/el\/presentes-personalizados\/prendas-dia-da-mae\/peluche-doces-presente-mae\/","title":{"rendered":"Peluche Doces Presente M\u00e3e"},"content":{"rendered":"<h1>Peluche Doces Presente M\u00e3e<\/h1>\n<p>Peluche Doces Presente M\u00e3e<\/p>\n<p>\u039b\u03ad\u03bd\u03b5 \u03cc\u03c4\u03b9 \u03c4\u03bf \u03bc\u03c5\u03c3\u03c4\u03b9\u03ba\u03cc \u03ba\u03c1\u03cd\u03b2\u03b5\u03c4\u03b1\u03b9 \u03c3\u03c4\u03b9\u03c2 \u03bb\u03b5\u03c0\u03c4\u03bf\u03bc\u03ad\u03c1\u03b5\u03b9\u03b5\u03c2... \u039a\u03b1\u03b9 \u03c4\u03bf \u03c0\u03b9\u03c3\u03c4\u03b5\u03cd\u03bf\u03c5\u03bc\u03b5! \u03a3\u03c4\u03bf \u03ba\u03b1\u03c4\u03ac\u03c3\u03c4\u03b7\u03bc\u03ac \u03bc\u03b1\u03c2, \u03c4\u03b1 \u03b4\u03ce\u03c1\u03b1 \u03b3\u03b9\u03b1 \u03c4\u03b7 \u0393\u03b9\u03bf\u03c1\u03c4\u03ae \u03c4\u03b7\u03c2 \u039c\u03b7\u03c4\u03ad\u03c1\u03b1\u03c2 \u03b5\u03af\u03bd\u03b1\u03b9 \u03bc\u03b5\u03c1\u03b9\u03ba\u03ad\u03c2 \u03b1\u03c0\u03cc \u03c4\u03b9\u03c2 \u03b1\u03b3\u03b1\u03c0\u03b7\u03bc\u03ad\u03bd\u03b5\u03c2 \u03bc\u03b1\u03c2 \u03bb\u03b5\u03c0\u03c4\u03bf\u03bc\u03ad\u03c1\u03b5\u03b9\u03b5\u03c2.<\/p>\n<p>\u0388\u03c4\u03c3\u03b9, \u03b3\u03b9\u03b1 \u03c4\u03b7 \u0393\u03b9\u03bf\u03c1\u03c4\u03ae \u03c4\u03b7\u03c2 \u039c\u03b7\u03c4\u03ad\u03c1\u03b1\u03c2... \u03c4\u03b9 \u03b4\u03ce\u03c1\u03bf \u03b8\u03b1 \u03b5\u03c0\u03b9\u03bb\u03ad\u03be\u03b5\u03c4\u03b5; \u03a3\u03ba\u03b5\u03c6\u03c4\u03b5\u03af\u03c4\u03b5! \u03b3\u03b9\u03b1\u03c4\u03af \u03b5\u03b4\u03ce \u03b5\u03af\u03bd\u03b1\u03b9 \u03c0\u03bf\u03c5 \u03c4\u03bf \u03c0\u03c1\u03bf\u03c3\u03c9\u03c0\u03b9\u03ba\u03cc \u03c3\u03b1\u03c2 \u03c3\u03c4\u03c5\u03bb \u03b8\u03b1 \u03bb\u03ac\u03bc\u03c8\u03b5\u03b9!<\/p>\n<h2>Peluche Doces Presente M\u00e3e<\/h2>\n<p>\u03a9\u03c2 \u03b5\u03ba \u03c4\u03bf\u03cd\u03c4\u03bf\u03c5, \u03c6\u03c4\u03b9\u03b1\u03b3\u03bc\u03ad\u03bd\u03b1 \u03bc\u03b5 \u03b1\u03b3\u03ac\u03c0\u03b7, \u03c4\u03b1 \u03c0\u03c1\u03bf\u03ca\u03cc\u03bd\u03c4\u03b1 \u03bc\u03b1\u03c2 \u03b5\u03af\u03bd\u03b1\u03b9 \u03c6\u03c4\u03b9\u03b1\u03b3\u03bc\u03ad\u03bd\u03b1 \u03b3\u03b9\u03b1 \u03ba\u03ac\u03b8\u03b5 \u03c0\u03b5\u03bb\u03ac\u03c4\u03b7, \u03bc\u03b9\u03b1 \u03b9\u03b4\u03ad\u03b1 \u03c0\u03bf\u03c5 \u03c0\u03b7\u03b3\u03ac\u03b6\u03b5\u03b9 \u03b1\u03c0\u03cc \u03c4\u03b9\u03c2 \u03bb\u03b5\u03c0\u03c4\u03bf\u03bc\u03ad\u03c1\u03b5\u03b9\u03b5\u03c2 \u03c4\u03b7\u03c2 \u03b9\u03c3\u03c4\u03bf\u03c1\u03af\u03b1\u03c2 \u03c4\u03bf\u03c5. \u0391\u03c2 \u03c4\u03b7\u03bd \u03c0\u03bf\u03cd\u03bc\u03b5 \u03bb\u03bf\u03b9\u03c0\u03cc\u03bd \u03cc\u03c0\u03c9\u03c2 \u03b5\u03af\u03bd\u03b1\u03b9, \u03bc\u03b5 \u03c4\u03b1 \u03b4\u03b9\u03ba\u03ac \u03c3\u03b1\u03c2 \u03bb\u03cc\u03b3\u03b9\u03b1.<\/p>\n<p>No entanto, temos, na nossa loja, como o Peluche Doces Presente,\u00a0 prendas para v\u00e1rios pre\u00e7os e gostos, mantendo sempre a promessa de qualidade.<\/p>\n<p>\u03a4\u03b1 \u03b5\u03cd\u03c3\u03b7\u03bc\u03b1 \u03b3\u03b9\u03b1 \u03c4\u03bf \u03b4\u03ce\u03c1\u03bf \u03b5\u03af\u03bd\u03b1\u03b9 \u03b4\u03b9\u03ba\u03ac \u03c3\u03b1\u03c2, \u03b1\u03bb\u03bb\u03ac \u03b7 \u03b1\u03c0\u03bf\u03c3\u03c4\u03bf\u03bb\u03ae \u03b5\u03af\u03bd\u03b1\u03b9 \u03b4\u03b9\u03ba\u03ae \u03bc\u03b1\u03c2. \u0393\u03b9' \u03b1\u03c5\u03c4\u03cc \u03b4\u03b7\u03bc\u03b9\u03bf\u03c5\u03c1\u03b3\u03bf\u03cd\u03bc\u03b5 \u03c0\u03c1\u03bf\u03ca\u03cc\u03bd\u03c4\u03b1 \u03c0\u03c1\u03bf\u03c3\u03b1\u03c1\u03bc\u03bf\u03c3\u03bc\u03ad\u03bd\u03b1 \u03c3\u03c4\u03bf \u03b3\u03bf\u03cd\u03c3\u03c4\u03bf \u03c4\u03bf\u03c5 \u03ba\u03ac\u03b8\u03b5 \u03c0\u03b5\u03bb\u03ac\u03c4\u03b7, \u03c0\u03b1\u03c1\u03ad\u03c7\u03bf\u03bd\u03c4\u03b1\u03c2 \u03c0\u03ac\u03bd\u03c4\u03b1 \u03c0\u03bf\u03b9\u03cc\u03c4\u03b7\u03c4\u03b1, \u03c4\u03b5\u03bb\u03b5\u03b9\u03cc\u03c4\u03b7\u03c4\u03b1 \u03ba\u03b1\u03b9 \u03ba\u03b1\u03bb\u03ae \u03b3\u03b5\u03cd\u03c3\u03b7.<\/p>\n<p>\u0392\u03c1\u03b5\u03af\u03c4\u03b5 \u03bb\u03bf\u03b9\u03c0\u03cc\u03bd \u03c4\u03b7\u03bd \u03b1\u03c0\u03ac\u03bd\u03c4\u03b7\u03c3\u03b7 \u03c3\u03b5 \u03cc\u03bb\u03b5\u03c2 \u03c4\u03b9\u03c2 \u03bb\u03b5\u03c0\u03c4\u03bf\u03bc\u03ad\u03c1\u03b5\u03b9\u03b5\u03c2 \u03c0\u03bf\u03c5 \u03b8\u03b1 \u03ba\u03ac\u03bd\u03bf\u03c5\u03bd \u03b1\u03c5\u03c4\u03ae \u03c4\u03b7 \u03bc\u03ad\u03c1\u03b1 \u03bc\u03bf\u03bd\u03b1\u03b4\u03b9\u03ba\u03ae \u03b5\u03b4\u03ce \u03ba\u03b1\u03b9 \u03c4\u03ce\u03c1\u03b1.<\/p>\n<ul>\n<li>\u0391\u03c0\u03cc \u03c4\u03b1 \u03bf\u03c0\u03bf\u03af\u03b1, \u03bf\u03b9 \u03ba\u03bf\u03c1\u03bd\u03af\u03b6\u03b5\u03c2 \u03c6\u03c9\u03c4\u03bf\u03b3\u03c1\u03b1\u03c6\u03b9\u03ce\u03bd \u03bc\u03b5 \u03c4\u03b7 \u03c6\u03c9\u03c4\u03bf\u03b3\u03c1\u03b1\u03c6\u03af\u03b1 \u03c3\u03b1\u03c2 \u03ba\u03b1\u03b9 \u03ad\u03bd\u03b1 \u03b5\u03b9\u03b4\u03b9\u03ba\u03cc \u03bc\u03ae\u03bd\u03c5\u03bc\u03b1 \/ \u03c4\u03bf \u03c3\u03c6\u03c5\u03c1\u03af \u03bc\u03b5 \u03bc\u03ae\u03bd\u03c5\u03bc\u03b1 \/ \u03ae \u03bf\u03b9 \u03c0\u03b1\u03bd\u03c4\u03cc\u03c6\u03bb\u03b5\u03c2 \u03ba\u03c1\u03b5\u03b2\u03b1\u03c4\u03bf\u03ba\u03ac\u03bc\u03b1\u03c1\u03b1\u03c2 \/ \u03ae \u03c4\u03bf \u03c0\u03c1\u03c9\u03c4\u03cc\u03c4\u03c5\u03c0\u03bf \u03b4\u03ce\u03c1\u03bf \u03b3\u03b9\u03b1 \u03c4\u03b7 \u03bc\u03b1\u03bc\u03ac \/ \u03ae \u03b7 \u03ba\u03bf\u03c1\u03bd\u03af\u03b6\u03b1 \u03ba\u03bf\u03c5\u03bc\u03c0\u03b1\u03c1\u03ac \u03b3\u03b9\u03b1 \u03c4\u03b1 \u03cc\u03bd\u03b5\u03b9\u03c1\u03b1 \u03c4\u03b7\u03c2 \u03bc\u03b1\u03bc\u03ac\u03c2.<\/li>\n<\/ul>\n<p>\u0392\u03c1\u03b5\u03af\u03c4\u03b5 \u03bb\u03bf\u03b9\u03c0\u03cc\u03bd \u03c4\u03b7\u03bd \u03b1\u03c0\u03ac\u03bd\u03c4\u03b7\u03c3\u03b7 \u03c3\u03b5 \u03cc\u03bb\u03b5\u03c2 \u03c4\u03b9\u03c2 \u03bb\u03b5\u03c0\u03c4\u03bf\u03bc\u03ad\u03c1\u03b5\u03b9\u03b5\u03c2 \u03c0\u03bf\u03c5 \u03b8\u03b1 \u03ba\u03ac\u03bd\u03bf\u03c5\u03bd \u03c4\u03bf \u03c0\u03ac\u03c1\u03c4\u03b9 \u03c3\u03b1\u03c2 \u03bc\u03bf\u03bd\u03b1\u03b4\u03b9\u03ba\u03cc \u03c3\u03c4\u03bf \u0397\u03bb\u03b5\u03ba\u03c4\u03c1\u03bf\u03bd\u03b9\u03ba\u03cc \u039a\u03b1\u03c4\u03ac\u03c3\u03c4\u03b7\u03bc\u03b1.<\/p>\n<p>\u0395\u03c0\u03b9\u03c0\u03bb\u03ad\u03bf\u03bd, \u03b3\u03b9\u03b1 \u03b1\u03c5\u03c4\u03ae \u03c4\u03b7\u03bd \u03be\u03b5\u03c7\u03c9\u03c1\u03b9\u03c3\u03c4\u03ae \u03b7\u03bc\u03ad\u03c1\u03b1 \u03ad\u03c7\u03bf\u03c5\u03bc\u03b5 \u03b5\u03c0\u03af\u03c3\u03b7\u03c2 \u03c0\u03b9\u03bf \u03b4\u03b9\u03b1\u03c6\u03bf\u03c1\u03b5\u03c4\u03b9\u03ba\u03ac \u03ba\u03b1\u03b9 \u03c0\u03c1\u03c9\u03c4\u03cc\u03c4\u03c5\u03c0\u03b1 \u03b4\u03ce\u03c1\u03b1 \u03b3\u03b9\u03b1 \u03bd\u03b1 \u03c7\u03b1\u03c1\u03af\u03c3\u03b5\u03c4\u03b5 \u03c3\u03c4\u03b7\u03bd \u03ba\u03b1\u03bb\u03cd\u03c4\u03b5\u03c1\u03b7 \u03bc\u03b1\u03bc\u03ac, \u03ad\u03bd\u03b1 \u03ba\u03bf\u03c5\u03c4\u03af \u03c3\u03bf\u03ba\u03bf\u03bb\u03ac\u03c4\u03b1\u03c2 \u03b1\u03bd\u03ac\u03bb\u03bf\u03b3\u03b1 \u03bc\u03b5 \u03c4\u03bf \u03b3\u03bf\u03cd\u03c3\u03c4\u03bf \u03c4\u03b7\u03c2 \/ \u03ae \u03ad\u03bd\u03b1 \u03ba\u03bf\u03c5\u03c4\u03af \u03bc\u03b5 \u03c3\u03bf\u03ba\u03bf\u03bb\u03ac\u03c4\u03b5\u03c2 \u03ba\u03b1\u03b9 \u03ad\u03bd\u03b1 \u03c0\u03bf\u03c4\u03cc \/ \u03ae \u03c3\u03bf\u03ba\u03bf\u03bb\u03ac\u03c4\u03b5\u03c2 \u03bc\u03b5 \u03ad\u03bd\u03b1 \u03bc\u03ae\u03bd\u03c5\u03bc\u03b1.<\/p>\n<p>Encontre aqui o prenda ideal para a melhor m\u00e3e do mundo, encomende j\u00e1 o Peluche Doces Presente M\u00e3e.<\/p>\n<p>\u0394\u03b5\u03af\u03c4\u03b5 \u03b5\u03c0\u03af\u03c3\u03b7\u03c2: <a href=\"https:\/\/miminhosritacatita.com\/el\/product\/agenda-da-noiva\/\">\u0397\u03bc\u03b5\u03c1\u03bf\u03bb\u03cc\u03b3\u03b9\u03bf \u03bd\u03cd\u03c6\u03b7\u03c2<\/a><\/p>\n<p><strong>\u0391\u03ba\u03bf\u03bb\u03bf\u03c5\u03b8\u03ae\u03c3\u03c4\u03b5 \u03bc\u03b1\u03c2 \u03c3\u03c4\u03bf<a href=\"https:\/\/www.instagram.com\/miminhos.rita.catita\/\" target=\"_blank\" rel=\"noopener\"> Instagram<\/a><\/strong><\/p>\n<p>&nbsp;<\/p>","protected":false},"excerpt":{"rendered":"<p>Peluche Doces Presente M\u00e3e (inclui o peluche + saco M&amp;M + 2 kit kat com rotulo)<\/p>\n<p>Para altera\u00e7\u00f5es, indique nas notas depois de finalizar a sua encomenda.<\/p>\n<p>\u0397 \u0397\u03bc\u03ad\u03c1\u03b1 \u03c4\u03b7\u03c2 \u039c\u03b7\u03c4\u03ad\u03c1\u03b1\u03c2 \u03c0\u03bb\u03b7\u03c3\u03b9\u03ac\u03b6\u03b5\u03b9, \u03c0\u03b1\u03c1\u03b1\u03b3\u03b3\u03b5\u03af\u03bb\u03c4\u03b5 \u03c4\u03bf \u03b9\u03b4\u03b1\u03bd\u03b9\u03ba\u03cc \u03b4\u03ce\u03c1\u03bf \u03b3\u03b9\u03b1 \u03c4\u03b7\u03bd \u03ba\u03b1\u03bb\u03cd\u03c4\u03b5\u03c1\u03b7 \u03bc\u03b1\u03bc\u03ac \u03c3\u03c4\u03bf\u03bd \u03ba\u03cc\u03c3\u03bc\u03bf \u03c4\u03ce\u03c1\u03b1!<\/p>","protected":false},"featured_media":78665,"template":"","meta":[],"product_brand":[],"product_cat":[1076],"product_tag":[],"class_list":{"0":"post-19049","1":"product","2":"type-product","3":"status-publish","4":"has-post-thumbnail","6":"product_cat-prendas-dia-da-mae","8":"first","9":"instock","10":"taxable","11":"shipping-taxable","12":"purchasable","13":"product-type-simple"},"_links":{"self":[{"href":"https:\/\/miminhosritacatita.com\/el\/wp-json\/wp\/v2\/product\/19049","targetHints":{"allow":["GET"]}}],"collection":[{"href":"https:\/\/miminhosritacatita.com\/el\/wp-json\/wp\/v2\/product"}],"about":[{"href":"https:\/\/miminhosritacatita.com\/el\/wp-json\/wp\/v2\/types\/product"}],"wp:featuredmedia":[{"embeddable":true,"href":"https:\/\/miminhosritacatita.com\/el\/wp-json\/wp\/v2\/media\/78665"}],"wp:attachment":[{"href":"https:\/\/miminhosritacatita.com\/el\/wp-json\/wp\/v2\/media?parent=19049"}],"wp:term":[{"taxonomy":"product_brand","embeddable":true,"href":"https:\/\/miminhosritacatita.com\/el\/wp-json\/wp\/v2\/product_brand?post=19049"},{"taxonomy":"product_cat","embeddable":true,"href":"https:\/\/miminhosritacatita.com\/el\/wp-json\/wp\/v2\/product_cat?post=19049"},{"taxonomy":"product_tag","embeddable":true,"href":"https:\/\/miminhosritacatita.com\/el\/wp-json\/wp\/v2\/product_tag?post=19049"}],"curies":[{"name":"wp","href":"https:\/\/api.w.org\/{rel}","templated":true}]}}