{"id":17696,"date":"2021-03-10T15:57:25","date_gmt":"2021-03-10T15:57:25","guid":{"rendered":"https:\/\/miminhosritacatita.com\/?post_type=product&#038;p=17696"},"modified":"2025-02-10T12:28:28","modified_gmt":"2025-02-10T12:28:28","slug":"kit-padrinhos-canecas-pascoa","status":"publish","type":"product","link":"https:\/\/miminhosritacatita.com\/el\/presentes-personalizados\/prendas-pascoa\/kit-padrinhos-canecas-pascoa\/","title":{"rendered":"Kit Padrinhos Canecas P\u00e1scoa"},"content":{"rendered":"<h1>Kit Padrinhos Canecas P\u00e1scoa<\/h1>\n<p>Kit Padrinhos Canecas P\u00e1scoa<\/p>\n<p>Dizem que o segredo est\u00e1 nos detalhes\u2026 E n\u00f3s acreditamos! Na nossa loja os Presentes para o Dia de Ramos s\u00e3o dos nossos detalhes favoritos.<\/p>\n<p>Assim, das Argola \u00e0s Molduras\u2026 Qual ser\u00e1 o presente escolhido? Pense!, porque \u00e9 aqui que o estilo pessoal vai brilhar!<\/p>\n<h2>O Kit Padrinhos Canecas P\u00e1scoa<\/h2>\n<p>Portanto, feitos com amor, alguns produtos j\u00e1 s\u00e3o feitos para cada cliente, ideia que resulta dos detalhes da sua hist\u00f3ria. Por isso, vamos j\u00e1 conta-la como ela \u00e9, pelas suas palavras.<\/p>\n<p>No entanto, temos, na nossa loja, v\u00e1rios prendas para v\u00e1rios pre\u00e7os e gostos, mantendo sempre a promessa de qualidade, como o Kit Padrinhos Canecas.<\/p>\n<p>\u03a4\u03b1 \u03b5\u03cd\u03c3\u03b7\u03bc\u03b1 \u03b3\u03b9\u03b1 \u03c4\u03bf \u03b4\u03ce\u03c1\u03bf \u03b5\u03af\u03bd\u03b1\u03b9 \u03b4\u03b9\u03ba\u03ac \u03c3\u03b1\u03c2, \u03b1\u03bb\u03bb\u03ac \u03b7 \u03b1\u03c0\u03bf\u03c3\u03c4\u03bf\u03bb\u03ae \u03b5\u03af\u03bd\u03b1\u03b9 \u03b4\u03b9\u03ba\u03ae \u03bc\u03b1\u03c2. \u0393\u03b9' \u03b1\u03c5\u03c4\u03cc \u03b4\u03b7\u03bc\u03b9\u03bf\u03c5\u03c1\u03b3\u03bf\u03cd\u03bc\u03b5 \u03c0\u03c1\u03bf\u03ca\u03cc\u03bd\u03c4\u03b1 \u03c0\u03c1\u03bf\u03c3\u03b1\u03c1\u03bc\u03bf\u03c3\u03bc\u03ad\u03bd\u03b1 \u03c3\u03c4\u03bf \u03b3\u03bf\u03cd\u03c3\u03c4\u03bf \u03c4\u03bf\u03c5 \u03ba\u03ac\u03b8\u03b5 \u03c0\u03b5\u03bb\u03ac\u03c4\u03b7, \u03c0\u03b1\u03c1\u03ad\u03c7\u03bf\u03bd\u03c4\u03b1\u03c2 \u03c0\u03ac\u03bd\u03c4\u03b1 \u03c0\u03bf\u03b9\u03cc\u03c4\u03b7\u03c4\u03b1, \u03c4\u03b5\u03bb\u03b5\u03b9\u03cc\u03c4\u03b7\u03c4\u03b1 \u03ba\u03b1\u03b9 \u03ba\u03b1\u03bb\u03ae \u03b3\u03b5\u03cd\u03c3\u03b7.<\/p>\n<p>\u0392\u03c1\u03b5\u03af\u03c4\u03b5 \u03bb\u03bf\u03b9\u03c0\u03cc\u03bd \u03c4\u03b7\u03bd \u03b1\u03c0\u03ac\u03bd\u03c4\u03b7\u03c3\u03b7 \u03c3\u03b5 \u03cc\u03bb\u03b5\u03c2 \u03c4\u03b9\u03c2 \u03bb\u03b5\u03c0\u03c4\u03bf\u03bc\u03ad\u03c1\u03b5\u03b9\u03b5\u03c2 \u03c0\u03bf\u03c5 \u03b8\u03b1 \u03ba\u03ac\u03bd\u03bf\u03c5\u03bd \u03c4\u03bf \u03c0\u03ac\u03c1\u03c4\u03b9 \u03c3\u03b1\u03c2 \u03bc\u03bf\u03bd\u03b1\u03b4\u03b9\u03ba\u03cc \u03c3\u03c4\u03bf \u0397\u03bb\u03b5\u03ba\u03c4\u03c1\u03bf\u03bd\u03b9\u03ba\u03cc \u039a\u03b1\u03c4\u03ac\u03c3\u03c4\u03b7\u03bc\u03b1.<\/p>\n<p>Portanto, encontre j\u00e1 e aqui a resposta para todos os detalhes que far\u00e3o este dia \u00fanico, como o Kit Padrinhos Canecas.<\/p>\n<ul>\n<li>Dos quais, as molduras com a vossa foto e uma mensagem especial \/ o Martelo com mensagem \/ ou os Chinelos de Quarto \/ ou a Argola Guardanapo Coelho \/ ou a moldura mealheiro para os sonhos do Pap\u00e1.<\/li>\n<\/ul>\n<p>E ainda, temos tamb\u00e9m para este dia especial mais presentes diferentes e originais para oferecer ao Melhor Padrinho, uma Caixa Chocolate ao seu gosto \/ ou uma caixa com chocolates e uma bebida \/ ou os Chocolates com uma mensagem.<\/p>\n<p>Encontre aqui o prenda ideal para os melhores Padrinhos do Mundo, encomende j\u00e1.<\/p>\n<p>\u0394\u03b5\u03af\u03c4\u03b5 \u03b5\u03c0\u03af\u03c3\u03b7\u03c2: <a href=\"https:\/\/miminhosritacatita.com\/el\/product\/agenda-da-noiva\/\">\u0397\u03bc\u03b5\u03c1\u03bf\u03bb\u03cc\u03b3\u03b9\u03bf \u03bd\u03cd\u03c6\u03b7\u03c2<\/a><\/p>\n<p><strong>\u0391\u03ba\u03bf\u03bb\u03bf\u03c5\u03b8\u03ae\u03c3\u03c4\u03b5 \u03bc\u03b1\u03c2 \u03c3\u03c4\u03bf<\/strong> <a href=\"https:\/\/www.instagram.com\/miminhos.rita.catita\/\" target=\"_blank\" rel=\"noopener\">Instagram<\/a><\/p>\n<p>&nbsp;<\/p>\n<p>&nbsp;<\/p>","protected":false},"excerpt":{"rendered":"<p>Kit Padrinhos Canecas P\u00e1scoa (Caixa com autocolante na tampa, 2 canecas, espumante, am\u00eandoas)<\/p>\n<p>Para altera\u00e7\u00f5es indique nas &#8220;notas&#8221; depois de finalizar a encomenda.<\/p>\n<p>O Dia de Ramos est\u00e1 a chegar, encomende j\u00e1 o presente ideal para a Melhor Madrinha do Mundo!<\/p>","protected":false},"featured_media":28827,"template":"","meta":[],"product_brand":[],"product_cat":[1073],"product_tag":[1064],"class_list":{"0":"post-17696","1":"product","2":"type-product","3":"status-publish","4":"has-post-thumbnail","6":"product_cat-prendas-pascoa","7":"product_tag-naofeed","9":"first","10":"instock","11":"taxable","12":"shipping-taxable","13":"purchasable","14":"product-type-simple"},"_links":{"self":[{"href":"https:\/\/miminhosritacatita.com\/el\/wp-json\/wp\/v2\/product\/17696","targetHints":{"allow":["GET"]}}],"collection":[{"href":"https:\/\/miminhosritacatita.com\/el\/wp-json\/wp\/v2\/product"}],"about":[{"href":"https:\/\/miminhosritacatita.com\/el\/wp-json\/wp\/v2\/types\/product"}],"wp:featuredmedia":[{"embeddable":true,"href":"https:\/\/miminhosritacatita.com\/el\/wp-json\/wp\/v2\/media\/28827"}],"wp:attachment":[{"href":"https:\/\/miminhosritacatita.com\/el\/wp-json\/wp\/v2\/media?parent=17696"}],"wp:term":[{"taxonomy":"product_brand","embeddable":true,"href":"https:\/\/miminhosritacatita.com\/el\/wp-json\/wp\/v2\/product_brand?post=17696"},{"taxonomy":"product_cat","embeddable":true,"href":"https:\/\/miminhosritacatita.com\/el\/wp-json\/wp\/v2\/product_cat?post=17696"},{"taxonomy":"product_tag","embeddable":true,"href":"https:\/\/miminhosritacatita.com\/el\/wp-json\/wp\/v2\/product_tag?post=17696"}],"curies":[{"name":"wp","href":"https:\/\/api.w.org\/{rel}","templated":true}]}}