{"id":16236,"date":"2021-01-31T17:45:24","date_gmt":"2021-01-31T17:45:24","guid":{"rendered":"https:\/\/miminhosritacatita.com\/?post_type=product&#038;p=16236"},"modified":"2025-03-28T12:27:07","modified_gmt":"2025-03-28T12:27:07","slug":"prenda-pai-tabua-queijo","status":"publish","type":"product","link":"https:\/\/miminhosritacatita.com\/el\/presentes-personalizados\/prendas-dia-do-pai\/prenda-pai-tabua-queijo\/","title":{"rendered":"Prenda Pai T\u00e1bua Queijo"},"content":{"rendered":"<h1>Prenda Pai T\u00e1bua Queijo<\/h1>\n<p>Dizem que o segredo est\u00e1 nos detalhes\u2026 E n\u00f3s acreditamos! Na nossa loja a Prenda Pai T\u00e1bua Queijo \u00e9 dos nossos presentes favoritos.<\/p>\n<p>Os produtos personalizados da Miminhos Rita Catita oferecem a oportunidade de criar um artigo \u00fanico que simbolize o significado especial dos momentos que est\u00e3o sendo celebrados.<\/p>\n<p>Portanto, feitos com amor, personalizamos o seu presente para ocasi\u00f5es especiais como Dia do Pai, com v\u00e1rios pre\u00e7os e gostos, mantendo sempre a promessa de qualidade dos nossos produtos.<\/p>\n<p>O m\u00e9rito pela Prenda personalizada para o dia do Pai \u00e9 seu, mas a miss\u00e3o \u00e9 nossa. E, por isso, criamos prendas feitas ao gosto de cada cliente que far\u00e3o sorrir seus entes queridos.<\/p>\n<h2>Compre aqui a tua Prenda Pai T\u00e1bua Queijo<\/h2>\n<p>As prendas personalizadas, s\u00e3o os mais indicadas, pois s\u00e3o \u00fanicas e originais. Afinal, dedicas-te parte do tempo para encontrar algo criativo e especial.<\/p>\n<p>Assim, encontre na Miminhos Rita Catita a resposta para todos os detalhes que far\u00e3o o seu dia original, \u00fanico e criativo como:<\/p>\n<ul>\n<li>Caixa de chocolates,<\/li>\n<li>Canecas personalizadas<\/li>\n<li>Porta-retratos<\/li>\n<li>Molduras<\/li>\n<li>Bebidas com r\u00f3tulos personalizados<\/li>\n<\/ul>\n<p>O Dia do Pai tem um valor sentimental agregado e, com os produtos da Miminhos Rita Catita, \u00e9 poss\u00edvel surpreender a pessoa que amas com um toque mais que especial com a Prenda para o dia do Pai.<\/p>\n<p>Sendo assim, antes de produzirmos, sempre enviamos aos nossos clientes uma maquete digital aos nossos clientes. Assim, ter\u00e1 a certeza que a sua Prenda Dia do Pai ficar\u00e1 ao vosso gosto.<\/p>\n<p>Seja como for, encomende j\u00e1 pela loja on-line, e-mail, Instagram, Facebook ou Whatsapp.<\/p>","protected":false},"excerpt":{"rendered":"<p>Prenda Pai T\u00e1bua Queijo<\/p>\n<p>Dimens\u00e3o: 27,5x15x1cm<\/p>\n<p>O que significa o seu Pai para si? J\u00e1 parou para pensar na import\u00e2ncia que ele exerce na sua vida e como ajudou a formar o ser humano que \u00e9s hoje? Que tal surpreende-lo com um presente especial?<\/p>","protected":false},"featured_media":59894,"template":"","meta":[],"product_brand":[],"product_cat":[1065],"product_tag":[],"class_list":{"0":"post-16236","1":"product","2":"type-product","3":"status-publish","4":"has-post-thumbnail","6":"product_cat-prendas-dia-do-pai","8":"first","9":"instock","10":"taxable","11":"shipping-taxable","12":"purchasable","13":"product-type-simple"},"_links":{"self":[{"href":"https:\/\/miminhosritacatita.com\/el\/wp-json\/wp\/v2\/product\/16236","targetHints":{"allow":["GET"]}}],"collection":[{"href":"https:\/\/miminhosritacatita.com\/el\/wp-json\/wp\/v2\/product"}],"about":[{"href":"https:\/\/miminhosritacatita.com\/el\/wp-json\/wp\/v2\/types\/product"}],"wp:featuredmedia":[{"embeddable":true,"href":"https:\/\/miminhosritacatita.com\/el\/wp-json\/wp\/v2\/media\/59894"}],"wp:attachment":[{"href":"https:\/\/miminhosritacatita.com\/el\/wp-json\/wp\/v2\/media?parent=16236"}],"wp:term":[{"taxonomy":"product_brand","embeddable":true,"href":"https:\/\/miminhosritacatita.com\/el\/wp-json\/wp\/v2\/product_brand?post=16236"},{"taxonomy":"product_cat","embeddable":true,"href":"https:\/\/miminhosritacatita.com\/el\/wp-json\/wp\/v2\/product_cat?post=16236"},{"taxonomy":"product_tag","embeddable":true,"href":"https:\/\/miminhosritacatita.com\/el\/wp-json\/wp\/v2\/product_tag?post=16236"}],"curies":[{"name":"wp","href":"https:\/\/api.w.org\/{rel}","templated":true}]}}