{"id":13588,"date":"2020-06-03T15:06:05","date_gmt":"2020-06-03T15:06:05","guid":{"rendered":"https:\/\/miminhosritacatita.com\/?post_type=product&#038;p=13588"},"modified":"2026-03-12T15:13:17","modified_gmt":"2026-03-12T15:13:17","slug":"acessorios-noivo-caixa-details","status":"publish","type":"product","link":"https:\/\/miminhosritacatita.com\/el\/casamento\/acessorios-para-noiva\/caixas-de-acessorios-dos-noivos\/acessorios-noivo-caixa-details\/","title":{"rendered":"Acess\u00f3rios Noivo Caixa Details"},"content":{"rendered":"<h1>Acess\u00f3rios Noivo Caixa Details<\/h1>\n<p>Acess\u00f3rios Noivo Caixa Details<\/p>\n<p>Dizem que o segredo est\u00e1 nos detalhes\u2026 E n\u00f3s acreditamos! Na nossa loja os acess\u00f3rios para a noiva e os acess\u00f3rios para os noivos s\u00e3o dos nossos detalhes favoritos.<\/p>\n<p>Dos Acess\u00f3rios aos robes da noiva\u2026 Quais ser\u00e3o os seus <strong>Acess\u00f3rios de Noiva<\/strong>? Pense!, porque \u00e9 aqui que o estilo pessoal vai brilhar!<\/p>\n<p>Feitos com amor, os acess\u00f3rios de noiva \/ 0 s\u00e3o feitos para cada cliente, assim, ideia que resulta dos detalhes da sua hist\u00f3ria. Por isso, vamos j\u00e1 conta-la como ela \u00e9, pelas suas palavras.<\/p>\n<p>Temos, na nossa loja, v\u00e1rios Acess\u00f3rio para Noiva, para v\u00e1rios pre\u00e7os e gostos, mantendo sempre a promessa de qualidade.<\/p>\n<h2>Acess\u00f3rios Noivo Caixa Details<\/h2>\n<p>\u03a0\u03b9\u03c3\u03c4\u03b5\u03cd\u03bf\u03c5\u03bc\u03b5 \u03cc\u03c4\u03b9 \u03c4\u03bf \u03c0\u03bb\u03b5\u03bf\u03bd\u03ad\u03ba\u03c4\u03b7\u03bc\u03b1 \u03b3\u03b9\u03b1 <b>\u0393\u03ac\u03bc\u03bf\u03c2<\/b> \u00e9 seu, mas que a miss\u00e3o \u00e9 nossa. E, por isso, criamos acess\u00f3rios de noiva ajustados ao gosto de cada cliente, cumprindo sempre com a qualidade e perfei\u00e7\u00e3o e bom gosto.<\/p>\n<p>\u0392\u03c1\u03b5\u03af\u03c4\u03b5 \u03bb\u03bf\u03b9\u03c0\u03cc\u03bd \u03c4\u03b7\u03bd \u03b1\u03c0\u03ac\u03bd\u03c4\u03b7\u03c3\u03b7 \u03c3\u03b5 \u03cc\u03bb\u03b5\u03c2 \u03c4\u03b9\u03c2 \u03bb\u03b5\u03c0\u03c4\u03bf\u03bc\u03ad\u03c1\u03b5\u03b9\u03b5\u03c2 \u03c0\u03bf\u03c5 \u03b8\u03b1 \u03ba\u03ac\u03bd\u03bf\u03c5\u03bd \u03c4\u03bf \u03c0\u03ac\u03c1\u03c4\u03b9 \u03c3\u03b1\u03c2 \u03bc\u03bf\u03bd\u03b1\u03b4\u03b9\u03ba\u03cc \u03c3\u03c4\u03bf \u0397\u03bb\u03b5\u03ba\u03c4\u03c1\u03bf\u03bd\u03b9\u03ba\u03cc \u039a\u03b1\u03c4\u03ac\u03c3\u03c4\u03b7\u03bc\u03b1.<\/p>\n<p>\u039d\u03bf\u03b9\u03ba\u03b9\u03ac\u03b6\u03bf\u03c5\u03bc\u03b5 \u03b5\u03c0\u03af\u03c3\u03b7\u03c2 \u03b1\u03c5\u03c4\u03bf\u03ba\u03af\u03bd\u03b7\u03c4\u03b1 \u03b3\u03b9\u03b1 \u03c4\u03b7 \u03bc\u03b5\u03c4\u03b1\u03c6\u03bf\u03c1\u03ac \u03c4\u03b7\u03c2 \u03bd\u03cd\u03c6\u03b7\u03c2 \u03ba\u03b1\u03b9 \u03c4\u03bf\u03c5 \u03b3\u03b1\u03bc\u03c0\u03c1\u03bf\u03cd. \u0393\u03b9\u03b1 \u03bd\u03b1 \u03bc\u03ac\u03b8\u03b5\u03c4\u03b5 \u03c4\u03b7\u03bd \u03c4\u03b9\u03bc\u03ae, \u03b5\u03c0\u03b9\u03ba\u03bf\u03b9\u03bd\u03c9\u03bd\u03ae\u03c3\u03c4\u03b5 \u03bc\u03b1\u03b6\u03af \u03bc\u03b1\u03c2 \u03ba\u03b1\u03b9 \u03b5\u03bd\u03b7\u03bc\u03b5\u03c1\u03ce\u03c3\u03c4\u03b5 \u03bc\u03b1\u03c2 \u03b3\u03b9\u03b1 \u03c4\u03b7\u03bd \u03b7\u03bc\u03b5\u03c1\u03bf\u03bc\u03b7\u03bd\u03af\u03b1 \u03c4\u03b7\u03c2 \u03b5\u03ba\u03b4\u03ae\u03bb\u03c9\u03c3\u03b7\u03c2 \/ \u03c4\u03b7 \u03b4\u03b9\u03b5\u03cd\u03b8\u03c5\u03bd\u03c3\u03b7 \u03c0\u03b1\u03c1\u03b1\u03bb\u03b1\u03b2\u03ae\u03c2 \/ \u03c4\u03b7 \u03b4\u03b9\u03b5\u03cd\u03b8\u03c5\u03bd\u03c3\u03b7 \u03c4\u03b7\u03c2 \u03b5\u03ba\u03ba\u03bb\u03b7\u03c3\u03af\u03b1\u03c2 \/ \u03ba\u03b1\u03b9 \u03c4\u03bf\u03bd \u03c4\u03cc\u03c0\u03bf \u03c4\u03bf\u03c5 \u03b3\u03ac\u03bc\u03bf\u03c5.<\/p>\n<h3>Boxers Noivo, Boxers Personalizados, Boxers homem personalizados, Boxers Personalizados Portugal, Meias Noivo, Meias Personalizadas, Meias Personalizadas Portugal.<\/h3>\n<p>\u0388\u03c7\u03bf\u03c5\u03bc\u03b5 \u03b5\u03c0\u03af\u03c3\u03b7\u03c2 \u03ad\u03bd\u03b1 \u03c6\u03bf\u03c5\u03c3\u03ba\u03c9\u03c4\u03cc \u03ba\u03b1\u03b9 \u03bc\u03b9\u03b1 \u03c4\u03c3\u03bf\u03c5\u03bb\u03ae\u03b8\u03c1\u03b1 \u03b3\u03b9\u03b1 \u03b5\u03bd\u03bf\u03b9\u03ba\u03af\u03b1\u03c3\u03b7. \u0396\u03b7\u03c4\u03ae\u03c3\u03c4\u03b5 \u03bb\u03bf\u03b9\u03c0\u03cc\u03bd \u03c0\u03c1\u03bf\u03c3\u03c6\u03bf\u03c1\u03ac, \u03b1\u03bd\u03b1\u03c6\u03ad\u03c1\u03bf\u03bd\u03c4\u03b1\u03c2 \u03c4\u03b7\u03bd \u03b7\u03bc\u03ad\u03c1\u03b1 \u03c4\u03b7\u03c2 \u03b5\u03ba\u03b4\u03ae\u03bb\u03c9\u03c3\u03b7\u03c2 \u03ba\u03b1\u03b9 \u03b1\u03bd \u03b8\u03ad\u03bb\u03b5\u03c4\u03b5 \u03bd\u03b1 \u03c4\u03bf \u03c0\u03b1\u03c1\u03b1\u03bb\u03ac\u03b2\u03b5\u03c4\u03b5 \u03b1\u03c0\u03cc \u03c4\u03bf \u03ba\u03b1\u03c4\u03ac\u03c3\u03c4\u03b7\u03bc\u03b1 \u03ae \u03bd\u03b1 \u03ad\u03c1\u03b8\u03bf\u03c5\u03bc\u03b5 \u03c3\u03c4\u03bf \u03c7\u03ce\u03c1\u03bf \u03b3\u03b9\u03b1 \u03bd\u03b1 \u03c4\u03bf \u03c3\u03c4\u03ae\u03c3\u03b5\u03c4\u03b5 \u03ba\u03b1\u03b9 \u03bd\u03b1 \u03c4\u03bf \u03ba\u03b1\u03c4\u03b5\u03b2\u03ac\u03c3\u03bf\u03c5\u03bc\u03b5.<\/p>\n<p>Portanto, encontre aqui a resposta para todos os detalhes que far\u00e3o o seu Casamento \u00fanico. Dos quais o Acess\u00f3rios Noivo Caixa Details \/ Convites \/ Porta Alian\u00e7as \/ Livros de Honra \/ Lembran\u00e7as. Mas tamb\u00e9m, Cestas de Lembran\u00e7as \/ e Photo Booth \/ e Cabides. Assim como Flutes \/ e Talheres \/ e Bal\u00f5es \/ e Sparklers \/ e Placas de boas vindas.<\/p>\n<ul>\n<li>\u03a0\u03b9\u03bd\u03b1\u03ba\u03af\u03b4\u03b5\u03c2<\/li>\n<li>Caixas de Envelopes<\/li>\n<li>\u0395\u03c0\u03b9\u03c4\u03c1\u03b1\u03c0\u03ad\u03b6\u03b9\u03bf\u03b9 \u03b4\u03b5\u03af\u03ba\u03c4\u03b5\u03c2<\/li>\n<li>Ementas e Cestas.<\/li>\n<\/ul>\n<p>Por isso, tamb\u00e9m temos Ramos de Noiva Artificiais \/ e Ramos de Solteiras \/ e Caixas de Envelopes. E ainda, Ofertas a Pais e Padrinhos \/ e Argolas de Guardanapos\/ e Ementas.<\/p>\n<p><strong>\u0394\u03b5\u03af\u03c4\u03b5 \u03b5\u03c0\u03af\u03c3\u03b7\u03c2: <a href=\"https:\/\/miminhosritacatita.com\/el\/product\/agenda-da-noiva\/\">\u0397\u03bc\u03b5\u03c1\u03bf\u03bb\u03cc\u03b3\u03b9\u03bf \u03bd\u03cd\u03c6\u03b7\u03c2<\/a><\/strong><\/p>\n<p>\u0391\u03ba\u03bf\u03bb\u03bf\u03c5\u03b8\u03ae\u03c3\u03c4\u03b5 \u03bc\u03b1\u03c2 \u03c3\u03c4\u03bf <a href=\"https:\/\/www.instagram.com\/miminhos.rita.catita\/\" target=\"_blank\" rel=\"noopener\">Instagram<\/a><\/p>","protected":false},"excerpt":{"rendered":"<p>Acess\u00f3rios Noivo Caixa Details<\/p>\n<p>Caixa personalizada 45\u20ac com meias 15\u20ac e boxer estampados 20\u20ac<\/p>\n<p>&nbsp;<\/p>\n<p>Boxers da Imagem &#8211; Cor Preto<\/p>\n<p>Meias da Imagem &#8211; Cor Preto<\/p>\n<p>Estampagem da imagem &#8211; Cor Branco<\/p>\n<p>Cor da Caixa: Branca<\/p>\n<p>Para altera\u00e7\u00f5es indicar nas &#8220;Notas&#8221;.<\/p>","protected":false},"featured_media":30217,"template":"","meta":[],"product_brand":[],"product_cat":[1149],"product_tag":[],"class_list":{"0":"post-13588","1":"product","2":"type-product","3":"status-publish","4":"has-post-thumbnail","6":"product_cat-caixas-de-acessorios-dos-noivos","8":"first","9":"instock","10":"featured","11":"taxable","12":"shipping-taxable","13":"purchasable","14":"product-type-variable"},"_links":{"self":[{"href":"https:\/\/miminhosritacatita.com\/el\/wp-json\/wp\/v2\/product\/13588","targetHints":{"allow":["GET"]}}],"collection":[{"href":"https:\/\/miminhosritacatita.com\/el\/wp-json\/wp\/v2\/product"}],"about":[{"href":"https:\/\/miminhosritacatita.com\/el\/wp-json\/wp\/v2\/types\/product"}],"wp:featuredmedia":[{"embeddable":true,"href":"https:\/\/miminhosritacatita.com\/el\/wp-json\/wp\/v2\/media\/30217"}],"wp:attachment":[{"href":"https:\/\/miminhosritacatita.com\/el\/wp-json\/wp\/v2\/media?parent=13588"}],"wp:term":[{"taxonomy":"product_brand","embeddable":true,"href":"https:\/\/miminhosritacatita.com\/el\/wp-json\/wp\/v2\/product_brand?post=13588"},{"taxonomy":"product_cat","embeddable":true,"href":"https:\/\/miminhosritacatita.com\/el\/wp-json\/wp\/v2\/product_cat?post=13588"},{"taxonomy":"product_tag","embeddable":true,"href":"https:\/\/miminhosritacatita.com\/el\/wp-json\/wp\/v2\/product_tag?post=13588"}],"curies":[{"name":"wp","href":"https:\/\/api.w.org\/{rel}","templated":true}]}}