{"id":13443,"date":"2020-05-13T10:08:10","date_gmt":"2020-05-13T10:08:10","guid":{"rendered":"https:\/\/miminhosritacatita.com\/?post_type=product&#038;p=13443"},"modified":"2026-03-16T18:01:27","modified_gmt":"2026-03-16T18:01:27","slug":"lembranca-casamento-padrinhos-especial","status":"publish","type":"product","link":"https:\/\/miminhosritacatita.com\/el\/casamento\/lembranca-de-casamento-para-padrinhos\/lembranca-casamento-padrinhos-especial\/","title":{"rendered":"Lembran\u00e7a Casamento Padrinhos Especial"},"content":{"rendered":"<h1>Lembran\u00e7a Casamento Padrinhos Especial<\/h1>\n<p>Lembran\u00e7a Casamento Padrinhos Especial<\/p>\n<p>Dizem que o segredo est\u00e1 nos detalhes\u2026 E n\u00f3s acreditamos! Na nossa loja a Lembran\u00e7a de Casamento para Padrinhos, e tamb\u00e9m pais, s\u00e3o dos nossos detalhes favoritos.<\/p>\n<p>Dos robes \u00e0s ligas\u2026 Como ser\u00e3o a vossa Lembran\u00e7a de Casamento para Padrinhos? Pense!, porque \u00e9 aqui que o estilo pessoal vai brilhar!<\/p>\n<p>Feitas com amor, a nossa Lembran\u00e7a Casamento Padrinhos Especial, \u00e9 exclusiva, ideia que resulta dos detalhes da sua hist\u00f3ria. Por isso, vamos j\u00e1 conta-la como ela \u00e9, pelas suas palavras.<\/p>\n<p>Assim, temos na nossa loja, v\u00e1rias lembran\u00e7as de casamento para v\u00e1rios pre\u00e7os e gostos, mantendo sempre a promessa de qualidade.<\/p>\n<h2>Lembran\u00e7a Casamento Padrinhos Especial<\/h2>\n<p>\u03a0\u03b9\u03c3\u03c4\u03b5\u03cd\u03bf\u03c5\u03bc\u03b5 \u03cc\u03c4\u03b9 \u03c4\u03bf \u03c0\u03bb\u03b5\u03bf\u03bd\u03ad\u03ba\u03c4\u03b7\u03bc\u03b1 \u03b3\u03b9\u03b1 <b>\u0393\u03ac\u03bc\u03bf\u03c2<\/b> \u03b5\u03af\u03bd\u03b1\u03b9 \u03b4\u03b9\u03ba\u03ae \u03c3\u03b1\u03c2, \u03b1\u03bb\u03bb\u03ac \u03b7 \u03b1\u03c0\u03bf\u03c3\u03c4\u03bf\u03bb\u03ae \u03b5\u03af\u03bd\u03b1\u03b9 \u03b4\u03b9\u03ba\u03ae \u03bc\u03b1\u03c2. \u0393\u03b9' \u03b1\u03c5\u03c4\u03cc \u03b4\u03b7\u03bc\u03b9\u03bf\u03c5\u03c1\u03b3\u03bf\u03cd\u03bc\u03b5 \u03c0\u03c1\u03bf\u03ca\u03cc\u03bd\u03c4\u03b1 \u03c0\u03c1\u03bf\u03c3\u03b1\u03c1\u03bc\u03bf\u03c3\u03bc\u03ad\u03bd\u03b1 \u03c3\u03c4\u03bf \u03b3\u03bf\u03cd\u03c3\u03c4\u03bf \u03ba\u03ac\u03b8\u03b5 \u03c0\u03b5\u03bb\u03ac\u03c4\u03b7, \u03b5\u03be\u03b1\u03c3\u03c6\u03b1\u03bb\u03af\u03b6\u03bf\u03bd\u03c4\u03b1\u03c2 \u03c0\u03ac\u03bd\u03c4\u03b1 \u03c0\u03bf\u03b9\u03cc\u03c4\u03b7\u03c4\u03b1, \u03c4\u03b5\u03bb\u03b5\u03b9\u03cc\u03c4\u03b7\u03c4\u03b1 \u03ba\u03b1\u03b9 \u03ba\u03b1\u03bb\u03ae \u03b3\u03b5\u03cd\u03c3\u03b7.<\/p>\n<p>Assim, encontre na Loja Online a resposta a todos os pormenores que far\u00e3o a sua festa \u00fanica, como convites de casamento, lembran\u00e7as de casamento, agenda da noiva, liga noiva, convite de casamento r\u00fastico e convite de casamento e batizado.<\/p>\n<p>Tamb\u00e9m alugamos carros para o transporte dos noivos. Assim, para saber o pre\u00e7o contacte-nos e informe a data do Evento \/ a morada de recolha \/ a da Igreja \/ e a do local da boda.<\/p>\n<p>Encontre aqui a resposta a todos os detalhes que far\u00e3o o seu Casamento \u00fanico. Dos quais:<\/p>\n<ul>\n<li>Lembran\u00e7a Casamento Padrinhos \/ Lembran\u00e7a para pais \/ Porta Alian\u00e7as \/ Livros de Honra de casamento \/ Lembran\u00e7as de casamento. Mas tamb\u00e9m, as Cestas de Lembran\u00e7as \/ e os Photo Booth casamento \/ e os Cabides dos noivos. Assim como Flutes \/ e Talheres \/ e os Bal\u00f5es \/ e os Sparklers \/ e Placas de Boas Vindas.<\/li>\n<\/ul>\n<p>Seja como for, tamb\u00e9m temos Ramos de Noiva \/ e os Ramos de Solteiras \/ e Caixas de Envelopes. E ainda, as Lembran\u00e7a de Casamento para Padrinhos \/ e as Argolas de Guardanapos\/ e as Ementas.<\/p>\n<p><strong>\u0394\u03b5\u03af\u03c4\u03b5 \u03b5\u03c0\u03af\u03c3\u03b7\u03c2: <a href=\"https:\/\/miminhosritacatita.com\/el\/product\/agenda-da-noiva\/\">\u0397\u03bc\u03b5\u03c1\u03bf\u03bb\u03cc\u03b3\u03b9\u03bf \u03bd\u03cd\u03c6\u03b7\u03c2<\/a><\/strong><\/p>\n<p><strong>\u0391\u03ba\u03bf\u03bb\u03bf\u03c5\u03b8\u03ae\u03c3\u03c4\u03b5 \u03bc\u03b1\u03c2 \u03c3\u03c4\u03bf <a href=\"https:\/\/www.instagram.com\/miminhos.rita.catita\/\" target=\"_blank\" rel=\"noopener\">Instagram<\/a><\/strong><\/p>","protected":false},"excerpt":{"rendered":"<p>Lembran\u00e7a Casamento Padrinhos Especial<\/p>\n<p>O Espumante Gold 23K \u00e9 Espumante Bruto Austr\u00edaco, produzido desde 1997.<\/p>\n<p>Neste espumante s\u00e3o adicionados Genu\u00ednos Flocos de Ouro de 23 Kilates comest\u00edveis, que acrescentam toque de brilho para qualquer ocasi\u00e3o.<\/p>\n<p>Garrafa de Champanhe 0,20L com caixa em forma de barra de ouro<\/p>\n<p>&nbsp;<\/p>\n<p>&nbsp;<\/p>","protected":false},"featured_media":62700,"template":"","meta":[],"product_brand":[],"product_cat":[984],"product_tag":[],"class_list":{"0":"post-13443","1":"product","2":"type-product","3":"status-publish","4":"has-post-thumbnail","6":"product_cat-lembranca-de-casamento-para-padrinhos","8":"first","9":"instock","10":"taxable","11":"shipping-taxable","12":"purchasable","13":"product-type-simple"},"_links":{"self":[{"href":"https:\/\/miminhosritacatita.com\/el\/wp-json\/wp\/v2\/product\/13443","targetHints":{"allow":["GET"]}}],"collection":[{"href":"https:\/\/miminhosritacatita.com\/el\/wp-json\/wp\/v2\/product"}],"about":[{"href":"https:\/\/miminhosritacatita.com\/el\/wp-json\/wp\/v2\/types\/product"}],"wp:featuredmedia":[{"embeddable":true,"href":"https:\/\/miminhosritacatita.com\/el\/wp-json\/wp\/v2\/media\/62700"}],"wp:attachment":[{"href":"https:\/\/miminhosritacatita.com\/el\/wp-json\/wp\/v2\/media?parent=13443"}],"wp:term":[{"taxonomy":"product_brand","embeddable":true,"href":"https:\/\/miminhosritacatita.com\/el\/wp-json\/wp\/v2\/product_brand?post=13443"},{"taxonomy":"product_cat","embeddable":true,"href":"https:\/\/miminhosritacatita.com\/el\/wp-json\/wp\/v2\/product_cat?post=13443"},{"taxonomy":"product_tag","embeddable":true,"href":"https:\/\/miminhosritacatita.com\/el\/wp-json\/wp\/v2\/product_tag?post=13443"}],"curies":[{"name":"wp","href":"https:\/\/api.w.org\/{rel}","templated":true}]}}