{"id":78982,"date":"2026-05-11T17:24:50","date_gmt":"2026-05-11T17:24:50","guid":{"rendered":"https:\/\/miminhosritacatita.com\/?page_id=78982"},"modified":"2026-05-11T17:39:18","modified_gmt":"2026-05-11T17:39:18","slug":"a-fundadora","status":"publish","type":"page","link":"https:\/\/miminhosritacatita.com\/el\/a-fundadora\/","title":{"rendered":"A Fundadora"},"content":{"rendered":"<h2 class=\"wp-block-heading\">C\u00e1tia Gomes: A Alma e o Design por tr\u00e1s da Miminhos Rita Catita<\/h2>\n\n\n\n<p>A Fundadora. Muitas vezes perguntam-me onde nasce a inspira\u00e7\u00e3o para criar pe\u00e7as que marcam os momentos mais felizes da vida de algu\u00e9m. A resposta \u00e9 simples, mas profunda: nasce de um sonho que come\u00e7ou com as m\u00e3os, cresceu com o cora\u00e7\u00e3o e transformou-se num legado de amor.<\/p>\n\n\n\n<p>Chamo-me <strong>C\u00e1tia Gomes<\/strong> e sou a fundadora e diretora criativa da <strong>Miminhos Rita Catita<\/strong>. A minha jornada no mundo do estacion\u00e1rio n\u00e3o come\u00e7ou num grande est\u00fadio, mas sim na casa dos meus pais, em setembro de 2008.<\/p>\n\n\n\n<h2 class=\"wp-block-heading\">O In\u00edcio: Entre Postais de Amor e um Sonho &#8211; A Fundadora<\/h2>\n\n\n\n<p>Curiosamente, a semente da Miminhos Rita Catita foi plantada muito antes da empresa existir oficialmente. Tudo come\u00e7ou com o carinho que depositava nos trabalhos manuais e postais que criava para oferecer ao meu namorado. Esses pequenos gestos de amor foram o meu primeiro &#8220;laborat\u00f3rio&#8221; criativo. Hoje, esse mesmo namorado \u00e9 o meu marido e o meu bra\u00e7o direito na gest\u00e3o da empresa, mantendo viva a ess\u00eancia familiar e a dedica\u00e7\u00e3o que nos uniu desde o primeiro dia.<\/p>\n\n\n\n<p>Em 2008, o meu atelier era um pequeno quarto onde as ideias transbordavam. Entre rendas e pap\u00e9is fine art, comecei a desenhar os primeiros convites. Em poucos meses, as paredes daquele quarto tornaram-se pequenas para a dimens\u00e3o da confian\u00e7a que as noivas depositavam no meu trabalho. Em maio de 2009, abri a nossa primeira loja com 180 metros quadrados, espa\u00e7o que foi o nosso porto seguro e palco de crescimento at\u00e9 dezembro de 2025.<\/p>\n\n\n\n<h2 class=\"wp-block-heading\">Uma Nova Era: 500m\u00b2 Dedicados ao Design de Luxo &#8211; A Fundadora<\/h2>\n\n\n\n<p>O crescimento constante e o desejo de oferecer uma experi\u00eancia inigual\u00e1vel levaram-nos a um novo marco. Em dezembro de 2025, inaugur\u00e1mos a nossa nova sede: um espa\u00e7o de <strong>500 metros quadrados criado totalmente de raiz<\/strong>. Este novo atelier foi pensado detalhe a detalhe para acolher os nossos casais com o conforto que merecem e para potenciar o talento da nossa <strong>equipa de 9 profissionais especializados<\/strong>.<\/p>\n\n\n\n<p>Aqui, aliamos a tecnologia de ponta ao acabamento artesanal, garantindo que a Miminhos Rita Catita continue na vanguarda do design de eventos em Portugal.<\/p>\n\n\n\n<h2 class=\"wp-block-heading\">Talento Autodidata e a Sensibilidade Floral<\/h2>\n\n\n\n<p>Acredito que o design de autor se sente na ponta dos dedos. Sou uma <strong>designer autodidata<\/strong>, movida pela curiosidade e pela busca incessante pela excel\u00eancia. Tudo o que sei sobre composi\u00e7\u00e3o e artes gr\u00e1ficas foi aprendido atrav\u00e9s da pr\u00e1tica e da paix\u00e3o.<\/p>\n\n\n\n<p>A minha sensibilidade est\u00e9tica foi tamb\u00e9m moldada por um curso de <strong>Arte Floral<\/strong>, que me ensinou a compreender a harmonia das cores e a delicadeza das texturas, elementos que hoje s\u00e3o a assinatura visual da nossa marca.<\/p>\n\n\n\n<h2 class=\"wp-block-heading\">Uma Vis\u00e3o de Autor para Eventos Inesquec\u00edveis &#8211; A Fundadora<\/h2>\n\n\n\n<p>Ao longo de mais de 17 anos, a minha miss\u00e3o manteve-se intacta: garantir que cada pe\u00e7a seja uma extens\u00e3o da alma de quem nos procura. Hoje, a Miminhos Rita Catita \u00e9 reconhecida como uma autoridade no estacion\u00e1rio personalizado em Portugal, n\u00e3o apenas pela t\u00e9cnica, mas pela hist\u00f3ria de resili\u00eancia e amor que carregamos connosco.<\/p>\n\n\n\n<h3 class=\"wp-block-heading\">O Meu Compromisso Convosco<\/h3>\n\n\n\n<p>Quando escolhem a Miminhos Rita Catita, est\u00e3o a escolher um design que nasceu de uma dedica\u00e7\u00e3o real. Cada detalhe passa pelo meu olhar e pelo cuidado de uma equipa que entende que a perfei\u00e7\u00e3o est\u00e1 no carinho colocado em cada projeto.<\/p>\n\n\n\n<p>Hoje, olhamos para o futuro com a mesma emo\u00e7\u00e3o dos primeiros postais, mantendo o compromisso de inovar no design de luxo para que cada detalhe do vosso evento seja verdadeiramente inesquec\u00edvel.<\/p>\n\n\n\n<p>Conhe\u00e7a um pouco melhor a <a href=\"https:\/\/miminhosritacatita.com\/el\/miminhos-rita-catita\/\" target=\"_blank\" rel=\"noreferrer noopener\">Miminhos Rita Catita<\/a><\/p>\n\n\n\n<p><strong>Siga-nos nas redes sociais:<\/strong><br><a href=\"https:\/\/www.instagram.com\/miminhosritacatita_casamento\" target=\"_blank\" rel=\"noreferrer noopener\">Instagram de Casamento<\/a><br><a href=\"https:\/\/www.instagram.com\/miminhosritacatita_batizado\" target=\"_blank\" rel=\"noreferrer noopener\">Instagram de Batizado<\/a><\/p>\n\n\n\n<p><\/p>","protected":false},"excerpt":{"rendered":"<p>C\u00e1tia Gomes: A Alma e o Design por tr\u00e1s da Miminhos Rita Catita A Fundadora. Muitas vezes perguntam-me onde nasce a inspira\u00e7\u00e3o para criar pe\u00e7as que marcam os momentos mais felizes da vida de algu\u00e9m. A resposta \u00e9 simples, mas profunda: nasce de um sonho que come\u00e7ou com as m\u00e3os, cresceu com o cora\u00e7\u00e3o e &#8230; <a title=\"A Fundadora\" class=\"read-more\" href=\"https:\/\/miminhosritacatita.com\/el\/a-fundadora\/\" aria-label=\"Read more about A Fundadora\">\u03a0\u03b5\u03c1\u03b9\u03c3\u03c3\u03cc\u03c4\u03b5\u03c1\u03b1<\/a><\/p>","protected":false},"author":3,"featured_media":78983,"parent":0,"menu_order":0,"comment_status":"closed","ping_status":"closed","template":"","meta":{"footnotes":""},"class_list":["post-78982","page","type-page","status-publish","has-post-thumbnail"],"_links":{"self":[{"href":"https:\/\/miminhosritacatita.com\/el\/wp-json\/wp\/v2\/pages\/78982","targetHints":{"allow":["GET"]}}],"collection":[{"href":"https:\/\/miminhosritacatita.com\/el\/wp-json\/wp\/v2\/pages"}],"about":[{"href":"https:\/\/miminhosritacatita.com\/el\/wp-json\/wp\/v2\/types\/page"}],"author":[{"embeddable":true,"href":"https:\/\/miminhosritacatita.com\/el\/wp-json\/wp\/v2\/users\/3"}],"replies":[{"embeddable":true,"href":"https:\/\/miminhosritacatita.com\/el\/wp-json\/wp\/v2\/comments?post=78982"}],"version-history":[{"count":3,"href":"https:\/\/miminhosritacatita.com\/el\/wp-json\/wp\/v2\/pages\/78982\/revisions"}],"predecessor-version":[{"id":78990,"href":"https:\/\/miminhosritacatita.com\/el\/wp-json\/wp\/v2\/pages\/78982\/revisions\/78990"}],"wp:featuredmedia":[{"embeddable":true,"href":"https:\/\/miminhosritacatita.com\/el\/wp-json\/wp\/v2\/media\/78983"}],"wp:attachment":[{"href":"https:\/\/miminhosritacatita.com\/el\/wp-json\/wp\/v2\/media?parent=78982"}],"curies":[{"name":"wp","href":"https:\/\/api.w.org\/{rel}","templated":true}]}}