{"id":9897,"date":"2019-12-11T11:08:17","date_gmt":"2019-12-11T11:08:17","guid":{"rendered":"https:\/\/miminhosritacatita.com\/?post_type=product&#038;p=9897"},"modified":"2024-12-30T13:15:54","modified_gmt":"2024-12-30T13:15:54","slug":"topo-bolo-batismo-nomes","status":"publish","type":"product","link":"https:\/\/miminhosritacatita.com\/de\/batizado\/topos-de-bolo-batizado\/topo-bolo-batismo-nomes\/","title":{"rendered":"Topo Bolo Batismo Nomes"},"content":{"rendered":"<h1>Topo Bolo Batismo Nomes<\/h1>\n<p>Topo Bolo Batismo Nomes<\/p>\n<p><b>Die Taufe ist<\/b> eine der wichtigsten Phasen in der Entwicklung Ihres Kindes steht vor der T\u00fcr. Und wir sind \u00fcberzeugt, dass dies ein Grund zum Feiern ist.<\/p>\n<p>Todos os detalhes contam, desde o nome do seu filho, \u00e0 data do nascimento, at\u00e9 \u00e0 lista de convidados e, principalmente, o topo de bolo batizado!\u00a0 Porque vamos j\u00e1 come\u00e7ar a preparar o <b>Kindstaufe <\/b>das s\u00fc\u00dfeste \u00fcberhaupt.<\/p>\n<p>Wir glauben, dass der Verdienst f\u00fcr <b>Taufe<\/b> \u00e9 seu, mas que a miss\u00e3o \u00e9 nossa. E, por isso, criamos um Topo de Bolo Batismo \u00fanico e adaptado ao gosto de cada cliente, cumprindo sempre com a qualidade e perfei\u00e7\u00e3o e bom gosto.<\/p>\n<p>Mit Liebe gemacht, unser<strong> topo de bolo batizado<\/strong> werden f\u00fcr jeden Kunden individuell angefertigt. Denn wenn sie geboren werden, hat jedes Baby seine eigene Geschichte.<\/p>\n<h2>O nosso Topo Bolo Batismo Nomes<\/h2>\n<p>E, na Miminhos, j\u00e1 sabemos que os topos de bolo batizado s\u00e3o um bom pretexto para contar a sua!<\/p>\n<p>Feitos com amor, os topos de bolo de batismo s\u00e3o feitos para cada cliente, ideia que resulta dos detalhes da sua hist\u00f3ria. Por isso, vamos j\u00e1 conta-la como ela \u00e9, pelas suas palavras.<\/p>\n<p>Temos topos de bolo de batizado de todas as formas e cores e materiais e tamb\u00e9m a todos os pre\u00e7os. Al\u00e9m disso, o nosso Topo Bolo Batismo Nomes\u00a0\u00e9 feito c\u00e1, j\u00e1 que \u00e9 o que nos d\u00e1 o controlo sobre o prazo de produ\u00e7\u00e3o.<\/p>\n<p>Compre j\u00e1 na Loja Online da Miminhos os produtos que far\u00e3o da sua festa, a melhor. Dos quais, Convites e Lembran\u00e7as e Conjuntos e Livros de Honra.<\/p>\n<ul>\n<li>Und auch Plakate und Umschlagboxen und Tischmarker und Speisekarten und K\u00f6rbe.<\/li>\n<\/ul>\n<p>Mas ainda, Baby Shower e Vestidos e Fatos e Topos de Bolo Batismo. Para al\u00e9m disso, temos tamb\u00e9m um insufl\u00e1vel e um escorrega para alugar, para si.<\/p>\n<p class=\"font_3\">Inspire-se no nosso trabalho e tenha j\u00e1 mais ideias de topos de bolo para batizado, desde as mais simples, \u00e0s mais elegantes e mais formais, at\u00e9 aos mais divertidos.<\/p>\n<p class=\"font_2\">Assim, combine j\u00e1 o design do seu Topo Bolo Batismo Nomes com o ambiente que quer apresentar aos seus convidados no dia.<\/p>\n<p class=\"font_3\">Werfen Sie also einen Blick auf einige der folgenden Arten von <strong>topo de bolo batizado<\/strong>\u00a0im Miminhos-Shop erstellt.<\/p>\n<p><strong>Siehe auch <a href=\"https:\/\/miminhosritacatita.com\/de\/product-category\/batizados\/\">Artikel zur Taufe<\/a><\/strong><\/p>\n<p><strong>Folgen Sie uns auf <a href=\"https:\/\/www.instagram.com\/miminhos.rita.catita\/\" target=\"_blank\" rel=\"noopener\">Instagram<\/a><\/strong><\/p>","protected":false},"excerpt":{"rendered":"<p>Topo Bolo Batismo Nomes<\/p>\n<p>Material: Acr\u00edlico 3mm<\/p>\n<p>Dimens\u00e3o m\u00e1xima: 17x13cm<\/p>\n<p>Beginnen wir mit der Vorbereitung der <b>Taufe<\/b> das s\u00fc\u00dfeste \u00fcberhaupt.<\/p>\n<p>&nbsp;<\/p>","protected":false},"featured_media":23531,"template":"","meta":[],"product_brand":[],"product_cat":[858,1037],"product_tag":[],"class_list":{"0":"post-9897","1":"product","2":"type-product","3":"status-publish","4":"has-post-thumbnail","6":"product_cat-batizado","7":"product_cat-topos-de-bolo-batizado","9":"first","10":"instock","11":"taxable","12":"shipping-taxable","13":"purchasable","14":"product-type-simple"},"_links":{"self":[{"href":"https:\/\/miminhosritacatita.com\/de\/wp-json\/wp\/v2\/product\/9897","targetHints":{"allow":["GET"]}}],"collection":[{"href":"https:\/\/miminhosritacatita.com\/de\/wp-json\/wp\/v2\/product"}],"about":[{"href":"https:\/\/miminhosritacatita.com\/de\/wp-json\/wp\/v2\/types\/product"}],"wp:featuredmedia":[{"embeddable":true,"href":"https:\/\/miminhosritacatita.com\/de\/wp-json\/wp\/v2\/media\/23531"}],"wp:attachment":[{"href":"https:\/\/miminhosritacatita.com\/de\/wp-json\/wp\/v2\/media?parent=9897"}],"wp:term":[{"taxonomy":"product_brand","embeddable":true,"href":"https:\/\/miminhosritacatita.com\/de\/wp-json\/wp\/v2\/product_brand?post=9897"},{"taxonomy":"product_cat","embeddable":true,"href":"https:\/\/miminhosritacatita.com\/de\/wp-json\/wp\/v2\/product_cat?post=9897"},{"taxonomy":"product_tag","embeddable":true,"href":"https:\/\/miminhosritacatita.com\/de\/wp-json\/wp\/v2\/product_tag?post=9897"}],"curies":[{"name":"wp","href":"https:\/\/api.w.org\/{rel}","templated":true}]}}