{"id":9763,"date":"2019-12-05T11:21:50","date_gmt":"2019-12-05T11:21:50","guid":{"rendered":"https:\/\/miminhosritacatita.com\/?post_type=product&#038;p=9763"},"modified":"2026-03-12T17:14:43","modified_gmt":"2026-03-12T17:14:43","slug":"caixa-envelopes-batizado-delicada","status":"publish","type":"product","link":"https:\/\/miminhosritacatita.com\/de\/batizado\/caixas-para-envelopes-de-batizado\/caixa-envelopes-batizado-delicada\/","title":{"rendered":"Caixa Envelopes Batizado Delicada"},"content":{"rendered":"<h1>Caixa Envelopes Batizado Delicada<\/h1>\n<p>Caixa Envelopes Batizado Delicada<\/p>\n<p><b>Die Taufe ist<\/b> eine der wichtigsten Phasen in der Entwicklung Ihres Kindes steht vor der T\u00fcr. Und wir sind \u00fcberzeugt, dass dies ein Grund zum Feiern ist.<\/p>\n<p>Todos os detalhes contam, desde o nome do seu filho, \u00e0 data do nascimento, at\u00e9 \u00e0 lista de convidados!\u00a0 Porque vamos j\u00e1 come\u00e7ar a preparar o <b>Taufe<\/b> das s\u00fc\u00dfeste \u00fcberhaupt.<\/p>\n<p>Wir glauben, dass der Verdienst f\u00fcr <b>Taufe<\/b> \u00e9 seu, mas que a miss\u00e3o \u00e9 nossa. E, por isso, criamos as Caixas de Batismo Carrocel, \u00fanicas e adaptadas ao gosto de cada cliente, cumprindo sempre com a qualidade e perfei\u00e7\u00e3o e bom gosto.<\/p>\n<p>Feitas com amor, a nossa<strong>\u00a0<\/strong>Caixa Envelopes Batizado Delicada s\u00e3o feitas para cada cliente. Pois na altura em que nascem, todos os beb\u00e9s j\u00e1 tem a sua hist\u00f3ria.<\/p>\n<h2>Caixa Envelopes Batizado Delicada<\/h2>\n<p>E, na Miminhos, j\u00e1 sabemos que as Caixas s\u00e3o um bom pretexto para contar a sua!<\/p>\n<p>Feitas com amor, as Caixas s\u00e3o feitas para cada cliente, ideia que resulta dos detalhes da sua hist\u00f3ria. Por isso, vamos j\u00e1 conta-la como ela \u00e9, pelas suas palavras.<\/p>\n<p>Temos caixas de todas as formas e cores e materiais e tamb\u00e9m a todos os pre\u00e7os. Al\u00e9m disso, a nossa Caixa Envelopes Batismo \u00e9 feitas c\u00e1, j\u00e1 que \u00e9 o que nos d\u00e1 o controlo sobre o prazo de produ\u00e7\u00e3o.<\/p>\n<p>Kaufen Sie jetzt die Produkte, die Ihre Party zu einem Erfolg machen, im Miminhos Online Shop<strong>, das Beste. Darunter Einladungen und Souvenirs und Sets und Ehrenb\u00fccher.<\/strong><\/p>\n<ul>\n<li>\n<h3><strong> Und auch Plakate und Umschlagboxen und Tischmarker und Speisekarten und K\u00f6rbe. <\/strong><\/h3>\n<\/li>\n<\/ul>\n<p><strong>Aber auch Baby Shower und Kleider und Kost\u00fcme und Tortenaufleger. <\/strong><strong>Dar\u00fcber hinaus haben wir auch eine in<\/strong>H\u00fcpfburg und eine Rutsche f\u00fcr Sie zu mieten.<\/p>\n<p class=\"font_3\">Inspire-se no nosso trabalho e tenha j\u00e1 mais ideias de <strong>Taufe<\/strong>, von den einfachsten \u00fcber die elegantesten und formellsten bis hin zu den lustigsten.<\/p>\n<p class=\"font_2\">Assim, combine j\u00e1 o design da sua caixa para Envelopes Batismo com o ambiente que quer apresentar aos seus convidados no dia.<\/p>\n<p class=\"font_3\">Werfen Sie also einen Blick auf einige der folgenden Arten von <strong>caixas<\/strong> im Miminhos-Shop erstellt.<\/p>\n<p><strong>Siehe auch <a href=\"https:\/\/miminhosritacatita.com\/de\/product-category\/batizados\/\">Artikel zur Taufe<\/a><\/strong><\/p>\n<p><strong>Besuchen Sie unser <a href=\"https:\/\/www.instagram.com\/miminhos.rita.catita\/\" target=\"_blank\" rel=\"noopener\">Instagram<\/a><\/strong><\/p>","protected":false},"excerpt":{"rendered":"<p>Caixa Envelopes Batizado Delicada, personalizada e impressa ao seu gosto.<\/p>\n<p>Dimens\u00e3o: 34 cm x 25,5 cm<\/p>\n<p>Para mais altera\u00e7\u00f5es, indicar nas &#8220;notas&#8221;.<\/p>","protected":false},"featured_media":41935,"template":"","meta":[],"product_brand":[],"product_cat":[858,1033],"product_tag":[],"class_list":{"0":"post-9763","1":"product","2":"type-product","3":"status-publish","4":"has-post-thumbnail","6":"product_cat-batizado","7":"product_cat-caixas-para-envelopes-de-batizado","9":"first","10":"instock","11":"taxable","12":"shipping-taxable","13":"purchasable","14":"product-type-simple"},"_links":{"self":[{"href":"https:\/\/miminhosritacatita.com\/de\/wp-json\/wp\/v2\/product\/9763","targetHints":{"allow":["GET"]}}],"collection":[{"href":"https:\/\/miminhosritacatita.com\/de\/wp-json\/wp\/v2\/product"}],"about":[{"href":"https:\/\/miminhosritacatita.com\/de\/wp-json\/wp\/v2\/types\/product"}],"wp:featuredmedia":[{"embeddable":true,"href":"https:\/\/miminhosritacatita.com\/de\/wp-json\/wp\/v2\/media\/41935"}],"wp:attachment":[{"href":"https:\/\/miminhosritacatita.com\/de\/wp-json\/wp\/v2\/media?parent=9763"}],"wp:term":[{"taxonomy":"product_brand","embeddable":true,"href":"https:\/\/miminhosritacatita.com\/de\/wp-json\/wp\/v2\/product_brand?post=9763"},{"taxonomy":"product_cat","embeddable":true,"href":"https:\/\/miminhosritacatita.com\/de\/wp-json\/wp\/v2\/product_cat?post=9763"},{"taxonomy":"product_tag","embeddable":true,"href":"https:\/\/miminhosritacatita.com\/de\/wp-json\/wp\/v2\/product_tag?post=9763"}],"curies":[{"name":"wp","href":"https:\/\/api.w.org\/{rel}","templated":true}]}}