{"id":9074,"date":"2019-10-17T14:43:19","date_gmt":"2019-10-17T14:43:19","guid":{"rendered":"https:\/\/miminhosritacatita.com\/?post_type=product&#038;p=9074"},"modified":"2026-04-09T07:54:54","modified_gmt":"2026-04-09T07:54:54","slug":"lembranca-batizado-concha-bebe","status":"publish","type":"product","link":"https:\/\/miminhosritacatita.com\/de\/batizado\/lembrancas-de-batizado\/lembranca-batizado-concha-bebe\/","title":{"rendered":"Lembran\u00e7a Batizado Concha Beb\u00e9"},"content":{"rendered":"<h1>Lembran\u00e7a Batizado Concha Beb\u00e9<\/h1>\n<p>Lembran\u00e7a Batizado Concha Beb\u00e9<\/p>\n<p>O <b>Taufe <\/b>\u00e9 das mais importantes fases do crescimento do seu filho e est\u00e1 prestes a chegar. E estamos convencidos de que isso \u00e9 motivo para celebrar.<\/p>\n<p>Todos os detalhes contam, desde o nome do seu filho, \u00e0 data do nascimento, as lembrancinhas de batizado, at\u00e9 \u00e0 lista de convidados! Porque vamos j\u00e1 come\u00e7ar a preparar o <b>Taufe<\/b> das s\u00fc\u00dfeste \u00fcberhaupt.<\/p>\n<p>Wir glauben, dass der Verdienst f\u00fcr <b>Taufe<\/b> \u00e9 seu, mas que a miss\u00e3o \u00e9 nossa. E, por isso, criamos uma lembran\u00e7a \u00fanica e adaptada ao gosto de cada cliente, cumprindo sempre com a qualidade e perfei\u00e7\u00e3o e bom gosto.<\/p>\n<p>Feitas com amor, as nossas<strong> Taufgeschenke<\/strong> werden f\u00fcr jeden Kunden individuell angefertigt. Denn wenn sie geboren werden, hat jedes Baby seine eigene Geschichte.<\/p>\n<h2>Lembran\u00e7a Batizado Concha Beb\u00e9<\/h2>\n<p>E, na Miminhos, j\u00e1 sabemos que a Lembran\u00e7a de Batismo \u00e9 um bom pretexto para contar a sua!<\/p>\n<p>Feitos com amor, os brindes de batizado s\u00e3o feitos para cada cliente, ideia que resulta dos detalhes da sua hist\u00f3ria. Por isso, vamos j\u00e1 conta-la como ela \u00e9, pelas suas palavras.<\/p>\n<p>Temos brindes de todas as formas e cores e materiais e tamb\u00e9m a todos os pre\u00e7os. Al\u00e9m disso, a nossa Lembran\u00e7a Batizado Concha Beb\u00e9 \u00e9 feita c\u00e1, j\u00e1 que \u00e9 o que nos d\u00e1 o controlo sobre o prazo de produ\u00e7\u00e3o.<\/p>\n<p>Kaufen Sie jetzt die Produkte, die Ihre Party zu einem Erfolg machen, im Miminhos Online Shop<strong>, <\/strong>a melhor. Dos quais, Convites e Lembran\u00e7as de Batismo e Conjuntos e Livros de Honra.<\/p>\n<ul>\n<li>Und auch Plakate und Umschlagboxen und Tischmarker und Speisekarten und K\u00f6rbe.<\/li>\n<\/ul>\n<p>Aber auch Baby Shower und Kleider und Kost\u00fcme und Cake Toppers. Wir haben auch eine H\u00fcpfburg und eine Rutsche f\u00fcr Sie zu mieten.<\/p>\n<p class=\"font_3\">Inspire-se no nosso trabalho e tenha j\u00e1 mais ideias de<strong> lembran\u00e7a de<\/strong> <strong>Taufe<\/strong>, von den einfachsten \u00fcber die elegantesten und formellsten bis hin zu den lustigsten.<\/p>\n<p class=\"font_2\">Assim, combine j\u00e1 o design do seu Lembran\u00e7a Batizado com o ambiente que quer apresentar aos seus convidados no dia.<\/p>\n<p class=\"font_3\">Werfen Sie also einen Blick auf einige der folgenden Arten von <strong>Taufgeschenke<\/strong>\u00a0im Miminhos-Shop erstellt.<\/p>\n<p><strong>Siehe auch <a href=\"https:\/\/miminhosritacatita.com\/de\/product-category\/batizados\/\">Artikel zur Taufe<\/a><\/strong><\/p>\n<p><strong>Folgen Sie uns auf <a href=\"https:\/\/www.instagram.com\/miminhos.rita.catita\/\" target=\"_blank\" rel=\"noopener\">Instagram<\/a><\/strong><\/p>","protected":false},"excerpt":{"rendered":"<p>Lembran\u00e7a Batizado Concha Beb\u00e9, personalizada e impressa ao seu gosto, entre em contacto connosco<\/p>\n<p>Dimens\u00e3o da concha:\u00a0 5cm<\/p>\n<p>Cor do fio da imagem: Prata<\/p>\n<p>Beb\u00e9 da Imagem: Rosa<\/p>","protected":false},"featured_media":62348,"template":"","meta":[],"product_brand":[],"product_cat":[858,860],"product_tag":[],"class_list":{"0":"post-9074","1":"product","2":"type-product","3":"status-publish","4":"has-post-thumbnail","6":"product_cat-batizado","7":"product_cat-lembrancas-de-batizado","9":"first","10":"instock","11":"taxable","12":"shipping-taxable","13":"purchasable","14":"product-type-simple"},"_links":{"self":[{"href":"https:\/\/miminhosritacatita.com\/de\/wp-json\/wp\/v2\/product\/9074","targetHints":{"allow":["GET"]}}],"collection":[{"href":"https:\/\/miminhosritacatita.com\/de\/wp-json\/wp\/v2\/product"}],"about":[{"href":"https:\/\/miminhosritacatita.com\/de\/wp-json\/wp\/v2\/types\/product"}],"wp:featuredmedia":[{"embeddable":true,"href":"https:\/\/miminhosritacatita.com\/de\/wp-json\/wp\/v2\/media\/62348"}],"wp:attachment":[{"href":"https:\/\/miminhosritacatita.com\/de\/wp-json\/wp\/v2\/media?parent=9074"}],"wp:term":[{"taxonomy":"product_brand","embeddable":true,"href":"https:\/\/miminhosritacatita.com\/de\/wp-json\/wp\/v2\/product_brand?post=9074"},{"taxonomy":"product_cat","embeddable":true,"href":"https:\/\/miminhosritacatita.com\/de\/wp-json\/wp\/v2\/product_cat?post=9074"},{"taxonomy":"product_tag","embeddable":true,"href":"https:\/\/miminhosritacatita.com\/de\/wp-json\/wp\/v2\/product_tag?post=9074"}],"curies":[{"name":"wp","href":"https:\/\/api.w.org\/{rel}","templated":true}]}}