{"id":8907,"date":"2019-10-08T12:53:22","date_gmt":"2019-10-08T12:53:22","guid":{"rendered":"https:\/\/miminhosritacatita.com\/?post_type=product&#038;p=8907"},"modified":"2024-12-31T10:02:41","modified_gmt":"2024-12-31T10:02:41","slug":"lembranca-casamento-padrinhos-acrilico","status":"publish","type":"product","link":"https:\/\/miminhosritacatita.com\/de\/casamento\/lembranca-de-casamento-para-padrinhos\/lembranca-casamento-padrinhos-acrilico\/","title":{"rendered":"Lembran\u00e7a Casamento Padrinhos Acr\u00edlico"},"content":{"rendered":"<h1>Lembran\u00e7a Casamento Padrinhos Acr\u00edlico<\/h1>\n<p>Lembran\u00e7a Casamento Padrinhos Acr\u00edlico<\/p>\n<p>Dizem que o segredo est\u00e1 nos detalhes\u2026 E n\u00f3s acreditamos! Na nossa loja a Lembran\u00e7a de Casamento para Padrinhos, e tamb\u00e9m pais, s\u00e3o dos nossos detalhes favoritos.<\/p>\n<p>Dos robes \u00e0s ligas\u2026 Como ser\u00e3o a vossa Lembran\u00e7a de Casamento para Padrinhos? Pense!, porque \u00e9 aqui que o estilo pessoal vai brilhar!<\/p>\n<p>Feitas com amor, a nossa Lembran\u00e7a Casamento Padrinhos, \u00e9 exclusiva, ideia que resulta dos detalhes da sua hist\u00f3ria. Por isso, vamos j\u00e1 conta-la como ela \u00e9, pelas suas palavras.<\/p>\n<p>Temos, na nossa loja, v\u00e1rias lembran\u00e7as de casamento para v\u00e1rios pre\u00e7os e gostos, mantendo sempre a promessa de qualidade.<\/p>\n<h2>A Lembran\u00e7a Casamento Padrinhos Acr\u00edlico<\/h2>\n<p>Wir glauben, dass der Verdienst f\u00fcr <b>Hochzeit<\/b> \u00e9 seu, mas que a miss\u00e3o \u00e9 nossa. E, por isso, criamos produtos ajustados ao gosto de cada cliente, cumprindo sempre com a qualidade e perfei\u00e7\u00e3o e bom gosto.<\/p>\n<p>Assim, encontre na Loja Online a resposta a todos os pormenores que far\u00e3o a sua festa \u00fanica, como convites de casamento, lembran\u00e7as de casamento, agenda da noiva, liga noiva, convite de casamento r\u00fastico e convite de casamento e batizado.<\/p>\n<p>Tamb\u00e9m alugamos carros para o transporte dos noivos. Assim, para saber o pre\u00e7o contacte-nos e informe a data do Evento \/ a morada de recolha \/ a da Igreja \/ e a do local da boda.<\/p>\n<p>Encontre aqui a resposta a todos os detalhes que far\u00e3o o seu Casamento \u00fanico. Dos quais:<\/p>\n<ul>\n<li>Lembran\u00e7a Casamento Padrinhos Acr\u00edlico \/ Lembran\u00e7a para pais \/ Porta Alian\u00e7as \/ Livros de Honra de casamento \/ Lembran\u00e7as de casamento. Mas tamb\u00e9m, as Cestas de Lembran\u00e7as \/ e os Photo Booth casamento \/ e os Cabides dos noivos. Assim como Flutes \/ e Talheres \/ e os Bal\u00f5es \/ e os Sparklers \/ e Placas para casamento.<\/li>\n<\/ul>\n<p>Seja como for, tamb\u00e9m temos Ramos de Noiva \/ e os Ramos de Solteiras \/ e Caixas de Envelopes. E ainda, as Lembran\u00e7a de Casamento para Padrinhos \/ e as Argolas de Guardanapos\/ e as Ementas.<\/p>\n<p><strong>Siehe auch: <a href=\"https:\/\/miminhosritacatita.com\/de\/product\/agenda-da-noiva\/\">Braut-Agenda<\/a><\/strong><\/p>\n<p><strong>Folgen Sie uns auf <a href=\"https:\/\/www.instagram.com\/miminhos.rita.catita\/\" target=\"_blank\" rel=\"noopener\">Instagram<\/a><\/strong><\/p>","protected":false},"excerpt":{"rendered":"<p>Lembran\u00e7a Casamento Padrinhos Acr\u00edlico com grava\u00e7\u00e3o a laser<\/p>\n<p>Surpreenda os seus convidados mais especiais com este miminho, portanto a grava\u00e7\u00e3o pode ser totalmente personalizada a seu gosto.<\/p>\n<p>Medidas: 7x7x2cm<\/p>\n<p>&nbsp;<\/p>","protected":false},"featured_media":12070,"template":"","meta":[],"product_brand":[],"product_cat":[984],"product_tag":[],"class_list":{"0":"post-8907","1":"product","2":"type-product","3":"status-publish","4":"has-post-thumbnail","6":"product_cat-lembranca-de-casamento-para-padrinhos","8":"first","9":"instock","10":"taxable","11":"shipping-taxable","12":"purchasable","13":"product-type-simple"},"_links":{"self":[{"href":"https:\/\/miminhosritacatita.com\/de\/wp-json\/wp\/v2\/product\/8907","targetHints":{"allow":["GET"]}}],"collection":[{"href":"https:\/\/miminhosritacatita.com\/de\/wp-json\/wp\/v2\/product"}],"about":[{"href":"https:\/\/miminhosritacatita.com\/de\/wp-json\/wp\/v2\/types\/product"}],"wp:featuredmedia":[{"embeddable":true,"href":"https:\/\/miminhosritacatita.com\/de\/wp-json\/wp\/v2\/media\/12070"}],"wp:attachment":[{"href":"https:\/\/miminhosritacatita.com\/de\/wp-json\/wp\/v2\/media?parent=8907"}],"wp:term":[{"taxonomy":"product_brand","embeddable":true,"href":"https:\/\/miminhosritacatita.com\/de\/wp-json\/wp\/v2\/product_brand?post=8907"},{"taxonomy":"product_cat","embeddable":true,"href":"https:\/\/miminhosritacatita.com\/de\/wp-json\/wp\/v2\/product_cat?post=8907"},{"taxonomy":"product_tag","embeddable":true,"href":"https:\/\/miminhosritacatita.com\/de\/wp-json\/wp\/v2\/product_tag?post=8907"}],"curies":[{"name":"wp","href":"https:\/\/api.w.org\/{rel}","templated":true}]}}