{"id":8745,"date":"2019-10-02T13:53:10","date_gmt":"2019-10-02T13:53:10","guid":{"rendered":"https:\/\/miminhosritacatita.com\/?post_type=product&#038;p=8745"},"modified":"2025-12-23T10:14:16","modified_gmt":"2025-12-23T10:14:16","slug":"chinelos-para-lembrancas","status":"publish","type":"product","link":"https:\/\/miminhosritacatita.com\/de\/casamento\/lembrancas-de-casamento\/chinelos-para-lembrancas\/","title":{"rendered":"Chinelos Para Lembran\u00e7as"},"content":{"rendered":"<h1>Chinelos Para Lembran\u00e7as<\/h1>\n<p>Chinelos Para Lembran\u00e7as<\/p>\n<p>Dizem que o segredo est\u00e1 nos detalhes\u2026 E n\u00f3s acreditamos! Na nossa loja as Lembran\u00e7as de Casamento s\u00e3o dos nossos detalhes favoritos.<\/p>\n<p>Dos robes \u00e0s ligas\u2026 Como ser\u00e3o as vossas Lembran\u00e7as? Pense!, porque \u00e9 aqui que o estilo pessoal vai brilhar! O Chinelos Para Lembran\u00e7as \u00e9 a solu\u00e7\u00e3o ideal!<\/p>\n<p>Feitas com amor, Os nossos Chinelos Para Lembran\u00e7as s\u00e3o feitas para cada cliente, ideia que resulta dos detalhes da sua hist\u00f3ria. Por isso, vamos j\u00e1 conta-la como ela \u00e9, pelas suas palavras.<\/p>\n<p>Temos, na nossa loja, v\u00e1rios Brindes para v\u00e1rios pre\u00e7os e gostos, mantendo sempre a promessa de qualidade.<\/p>\n<h2>Chinelos Para Lembran\u00e7as<\/h2>\n<p>Wir glauben, dass der Verdienst f\u00fcr <b>Hochzeit<\/b> \u00e9 seu, mas que a miss\u00e3o \u00e9 nossa. E, por isso, criamos produtos ajustados ao gosto de cada cliente, cumprindo sempre com a qualidade e perfei\u00e7\u00e3o e bom gosto.<\/p>\n<p>Assim, encontre na Loja Online a resposta para todos os pormenores que far\u00e3o a sua festa \u00fanica.<\/p>\n<p>Tamb\u00e9m alugamos carros para o transporte dos noivos. Para saber o pre\u00e7o contacte-nos e informe a data do Evento \/ a morada de recolha \/ a da Igreja \/ e a do local da boda.<\/p>\n<p>Assim, temos ainda para alugar um insufl\u00e1vel e um escorrega. Portanto, pe\u00e7a o seu or\u00e7amento dizendo em que dia ser\u00e1 o evento e se o deseja levantar em loja ou se pretende que nos desloquemos ao local do evento para a montagem \/ e desmontagem.<\/p>\n<p>Encontre aqui a resposta para todos os detalhes que far\u00e3o o seu Casamento \u00fanico. Portanto dos quais Chinelos Para Lembran\u00e7as \/ Convites \/ Porta Alian\u00e7as \/ Livros de Honra \/ Lembran\u00e7as Abre C\u00e1psulas \u00e2ncora. Mas tamb\u00e9m, as Cestas de Lembran\u00e7as \/ e os Photo Booth \/ e os Cabides. Assim como Flutes \/ e Talheres \/ e os Bal\u00f5es \/ e os Sparklers \/ e Placas para casamento.<\/p>\n<p>Tamb\u00e9m temos Ramos de Noiva Artificiais \/ e os Ramos de Solteiras \/ e Caixas de Envelopes. E ainda, as Ofertas a Pais e Padrinhos \/ e as Argolas de Guardanapos\/ e as Ementas.<\/p>\n<p><strong>Siehe auch: <a href=\"https:\/\/miminhosritacatita.com\/de\/product\/agenda-da-noiva\/\">Braut-Agenda<\/a><\/strong><\/p>\n<p><strong>Folgen Sie uns auf<a href=\"https:\/\/www.instagram.com\/miminhos.rita.catita\/\" target=\"_blank\" rel=\"noopener\"> Instagram<\/a><\/strong><\/p>","protected":false},"excerpt":{"rendered":"<p>Chinelos Para Lembran\u00e7as com impress\u00e3o em ambos os chinelos, conforme imagem.<\/p>\n<p>Tamanhos: 36-38 e 42-44<\/p>\n<p>Uma Lembran\u00e7a com utilidade e originalidade<\/p>\n<p>&nbsp;<\/p>","protected":false},"featured_media":65808,"template":"","meta":[],"product_brand":[],"product_cat":[479],"product_tag":[],"class_list":{"0":"post-8745","1":"product","2":"type-product","3":"status-publish","4":"has-post-thumbnail","6":"product_cat-lembrancas-de-casamento","8":"first","9":"instock","10":"taxable","11":"shipping-taxable","12":"purchasable","13":"product-type-simple"},"_links":{"self":[{"href":"https:\/\/miminhosritacatita.com\/de\/wp-json\/wp\/v2\/product\/8745","targetHints":{"allow":["GET"]}}],"collection":[{"href":"https:\/\/miminhosritacatita.com\/de\/wp-json\/wp\/v2\/product"}],"about":[{"href":"https:\/\/miminhosritacatita.com\/de\/wp-json\/wp\/v2\/types\/product"}],"wp:featuredmedia":[{"embeddable":true,"href":"https:\/\/miminhosritacatita.com\/de\/wp-json\/wp\/v2\/media\/65808"}],"wp:attachment":[{"href":"https:\/\/miminhosritacatita.com\/de\/wp-json\/wp\/v2\/media?parent=8745"}],"wp:term":[{"taxonomy":"product_brand","embeddable":true,"href":"https:\/\/miminhosritacatita.com\/de\/wp-json\/wp\/v2\/product_brand?post=8745"},{"taxonomy":"product_cat","embeddable":true,"href":"https:\/\/miminhosritacatita.com\/de\/wp-json\/wp\/v2\/product_cat?post=8745"},{"taxonomy":"product_tag","embeddable":true,"href":"https:\/\/miminhosritacatita.com\/de\/wp-json\/wp\/v2\/product_tag?post=8745"}],"curies":[{"name":"wp","href":"https:\/\/api.w.org\/{rel}","templated":true}]}}