{"id":7548,"date":"2019-04-12T10:59:09","date_gmt":"2019-04-12T10:59:09","guid":{"rendered":"https:\/\/miminhosritacatita.com\/?post_type=product&#038;p=7548"},"modified":"2026-01-05T18:10:04","modified_gmt":"2026-01-05T18:10:04","slug":"lembranca-casamento-tubo-cha","status":"publish","type":"product","link":"https:\/\/miminhosritacatita.com\/de\/casamento\/lembrancas-de-casamento\/lembranca-casamento-tubo-cha\/","title":{"rendered":"Lembran\u00e7a Casamento Tubo Ch\u00e1"},"content":{"rendered":"<h1>Lembran\u00e7a Casamento Tubo Ch\u00e1<\/h1>\n<p>Lembran\u00e7a Casamento Tubo Ch\u00e1<\/p>\n<p>Dizem que o segredo est\u00e1 nos detalhes\u2026 E n\u00f3s acreditamos! Na nossa loja as Lembran\u00e7as de Casamento s\u00e3o dos nossos detalhes favoritos.<\/p>\n<p>Dos robes \u00e0s ligas\u2026 Como ser\u00e3o as vossas Lembran\u00e7as de Casamento? Pense!, porque \u00e9 aqui que o estilo pessoal vai brilhar! A Brinde Casamento Licor Beir\u00e3o \u00e9 a solu\u00e7\u00e3o ideal!<\/p>\n<p>Feitas com amor, as nossas Lembran\u00e7as de Casamento s\u00e3o feitas para cada cliente, ideia que resulta dos detalhes da sua hist\u00f3ria. Por isso, vamos j\u00e1 conta-la como ela \u00e9, pelas suas palavras.<\/p>\n<p>Temos, na nossa loja, v\u00e1rios Brindes de Casamento para v\u00e1rios pre\u00e7os e gostos, mantendo sempre a promessa de qualidade.<\/p>\n<h2>Lembran\u00e7a Casamento Tubo Ch\u00e1<\/h2>\n<p>Wir glauben, dass der Verdienst f\u00fcr <b>Hochzeit<\/b> \u00e9 seu, mas que a miss\u00e3o \u00e9 nossa. E, por isso, criamos brindes de casamento ajustados ao gosto de cada cliente, cumprindo sempre com a qualidade e perfei\u00e7\u00e3o e bom gosto.<\/p>\n<p>Assim, encontre na Loja Online a resposta para todos os pormenores que far\u00e3o a sua festa \u00fanica, como esta lembran\u00e7a de casamento.<\/p>\n<p>Assim, tamb\u00e9m alugamos carros para o transporte dos noivos. Para saber o pre\u00e7o contacte-nos e informe a data do Evento \/ a morada de recolha \/ a da Igreja \/ e a do local da boda.<\/p>\n<h3><strong>Lembran\u00e7as de Casamento, Lembran\u00e7as de Casamento para convidados, Lembran\u00e7as de casamento simples, Lembran\u00e7as Casamento Originais, Lembran\u00e7as de Casamento para homem.<\/strong><\/h3>\n<p>Seja como for, encontre aqui a resposta para todos os detalhes que far\u00e3o o seu Casamento \u00fanico com os nossos brindes de casamento. Portanto dos quais Lembran\u00e7a Casamento Tubo Ch\u00e1 \/ Convites \/ Porta Alian\u00e7as \/ Livros de Honra \/ Lembran\u00e7as Abre C\u00e1psulas \u00e2ncora.<\/p>\n<ul>\n<li>Mas tamb\u00e9m, as Cestas de Lembran\u00e7as \/ e os Photo Booth \/ e os Cabides. Assim como Flutes \/ e Talheres \/ e os Bal\u00f5es \/ e os Sparklers \/ e Placas \u201cL\u00e1 Vem a Noiva\u201d.<\/li>\n<\/ul>\n<p>Tamb\u00e9m temos Ramos de Noiva Artificiais \/ e os Ramos de Solteiras \/ e Caixas de Envelopes. E ainda, as Ofertas a Pais e Padrinhos \/ e as Argolas de Guardanapos\/ e as Ementas.<\/p>\n<p>Siehe auch: <a href=\"https:\/\/miminhosritacatita.com\/de\/product\/agenda-da-noiva\/\">Braut-Agenda<\/a><\/p>\n<p>Folgen Sie uns auf <a href=\"https:\/\/www.instagram.com\/miminhos.rita.catita\/\" target=\"_blank\" rel=\"noopener\">Instagram<\/a><\/p>","protected":false},"excerpt":{"rendered":"<p>Lembran\u00e7a Casamento Tubo Ch\u00e1 com etiqueta personalizada<\/p>\n<p>Uma Lembran\u00e7a com utilidade e originalidade que tornar\u00e1 o seu casamento \u00fanico! Descubra todas as lembran\u00e7as que dispomos, inclusive lembran\u00e7as para homens.<\/p>","protected":false},"featured_media":36918,"template":"","meta":[],"product_brand":[],"product_cat":[479],"product_tag":[],"class_list":{"0":"post-7548","1":"product","2":"type-product","3":"status-publish","4":"has-post-thumbnail","6":"product_cat-lembrancas-de-casamento","8":"first","9":"instock","10":"taxable","11":"shipping-taxable","12":"purchasable","13":"product-type-simple"},"_links":{"self":[{"href":"https:\/\/miminhosritacatita.com\/de\/wp-json\/wp\/v2\/product\/7548","targetHints":{"allow":["GET"]}}],"collection":[{"href":"https:\/\/miminhosritacatita.com\/de\/wp-json\/wp\/v2\/product"}],"about":[{"href":"https:\/\/miminhosritacatita.com\/de\/wp-json\/wp\/v2\/types\/product"}],"wp:featuredmedia":[{"embeddable":true,"href":"https:\/\/miminhosritacatita.com\/de\/wp-json\/wp\/v2\/media\/36918"}],"wp:attachment":[{"href":"https:\/\/miminhosritacatita.com\/de\/wp-json\/wp\/v2\/media?parent=7548"}],"wp:term":[{"taxonomy":"product_brand","embeddable":true,"href":"https:\/\/miminhosritacatita.com\/de\/wp-json\/wp\/v2\/product_brand?post=7548"},{"taxonomy":"product_cat","embeddable":true,"href":"https:\/\/miminhosritacatita.com\/de\/wp-json\/wp\/v2\/product_cat?post=7548"},{"taxonomy":"product_tag","embeddable":true,"href":"https:\/\/miminhosritacatita.com\/de\/wp-json\/wp\/v2\/product_tag?post=7548"}],"curies":[{"name":"wp","href":"https:\/\/api.w.org\/{rel}","templated":true}]}}