{"id":7129,"date":"2019-03-20T15:33:45","date_gmt":"2019-03-20T15:33:45","guid":{"rendered":"https:\/\/miminhosritacatita.com\/?post_type=product&#038;p=7129"},"modified":"2026-05-07T15:03:12","modified_gmt":"2026-05-07T15:03:12","slug":"caixa-vela-padrinhos-avos","status":"publish","type":"product","link":"https:\/\/miminhosritacatita.com\/de\/batizado\/caixa-vela-padrinhos-avos\/","title":{"rendered":"Caixa Vela Padrinhos Av\u00f3s"},"content":{"rendered":"<h1>Caixa Vela Padrinhos Av\u00f3s<\/h1>\n<p>Caixa Vela Padrinhos Av\u00f3s<\/p>\n<p><b>Die Taufe ist<\/b> eine der wichtigsten Phasen in der Entwicklung Ihres Kindes steht vor der T\u00fcr. Und wir sind \u00fcberzeugt, dass dies ein Grund zum Feiern ist.<\/p>\n<p>Todos os detalhes contam, desde o nome do seu filho, \u00e0 data do nascimento, at\u00e9 \u00e0 lista de convidados!\u00a0 Porque vamos j\u00e1 come\u00e7ar a preparar o <b>Taufe<\/b> das s\u00fc\u00dfeste \u00fcberhaupt.<\/p>\n<p>Wir glauben, dass der Verdienst f\u00fcr <b>Taufe<\/b> \u00e9 seu, mas que a miss\u00e3o \u00e9 nossa. E, por isso, criamos uma Lembran\u00e7a \u00fanica e adaptada ao gosto de cada cliente, cumprindo sempre com a qualidade e perfei\u00e7\u00e3o e bom gosto.<\/p>\n<p>Feitas com amor, as nossas<strong> Lembran\u00e7as<\/strong> werden f\u00fcr jeden Kunden individuell angefertigt. Denn wenn sie geboren werden, hat jedes Baby seine eigene Geschichte.<\/p>\n<h2>Caixa Vela Padrinhos Av\u00f3s<\/h2>\n<p>E, na Miminhos, j\u00e1 sabemos que as Lembran\u00e7as s\u00e3o um bom pretexto para contar a sua!<\/p>\n<p>Die mit viel Liebe hergestellten Geschenke werden f\u00fcr jeden Kunden angefertigt, eine Idee, die sich aus den Details seiner Geschichte ergibt. Erz\u00e4hlen wir sie also so, wie sie ist, in ihren eigenen Worten.<\/p>\n<p>Temos brindes de todas as formas e cores e materiais e tamb\u00e9m a todos os pre\u00e7os. Al\u00e9m disso, a nossa Caixa Vela Padrinhos Av\u00f3s \u00e9 feito c\u00e1, j\u00e1 que \u00e9 o que nos d\u00e1 o controlo sobre o prazo de produ\u00e7\u00e3o.<\/p>\n<p>Kaufen Sie jetzt die Produkte, die Ihre Party zu einem Erfolg machen, im Miminhos Online Shop<strong>, das Beste. Darunter Einladungen und Souvenirs und Sets und Ehrenb\u00fccher.<\/strong><\/p>\n<ul>\n<li><strong> Und auch Plakate und Umschlagboxen und Tischmarker und Speisekarten und K\u00f6rbe. <\/strong><\/li>\n<\/ul>\n<p><strong>Mas ainda, Baby Shower e Vestidos e Fatos e Topos de Bolo e outras lembran\u00e7as. <\/strong><strong>Para al\u00e9m disso, <\/strong>temos tamb\u00e9m um insufl\u00e1vel e um escorrega para alugar, para si.<\/p>\n<p class=\"font_3\">Inspire-se no nosso trabalho e tenha j\u00e1 mais ideias de <strong>Taufe<\/strong>, von den einfachsten \u00fcber die elegantesten und formellsten bis hin zu den lustigsten.<\/p>\n<p class=\"font_2\">Assim, combine j\u00e1 o design da sua Caixa Vela Padrinhos que quer apresentar aos seus convidados no dia.<\/p>\n<p class=\"font_3\">Werfen Sie also einen Blick auf einige der folgenden Arten von <strong>lembran\u00e7as<\/strong> im Miminhos-Shop erstellt.<\/p>\n<p><strong>Siehe auch <a href=\"https:\/\/miminhosritacatita.com\/de\/product-category\/batizados\/\">Artikel zur Taufe<\/a><\/strong><\/p>\n<p><strong>Folgen Sie uns auf <a href=\"https:\/\/www.instagram.com\/miminhos.rita.catita\/\" target=\"_blank\" rel=\"noopener\">Instagram<\/a><\/strong><\/p>","protected":false},"excerpt":{"rendered":"<p>Caixa Vela Padrinhos Av\u00f3s com Impress\u00e3o ou grava\u00e7\u00e3o na Caixa<\/p>\n<p>Dimens\u00e3o da caixa: 18x11x10cm<\/p>\n<p>Indique nas Notas quais os detalhes preferidos<\/p>","protected":false},"featured_media":39363,"template":"","meta":[],"product_brand":[],"product_cat":[858,966],"product_tag":[],"class_list":{"0":"post-7129","1":"product","2":"type-product","3":"status-publish","4":"has-post-thumbnail","6":"product_cat-batizado","7":"product_cat-lembrancas-para-padrinhos-de-batizado","9":"first","10":"instock","11":"taxable","12":"shipping-taxable","13":"purchasable","14":"product-type-simple"},"_links":{"self":[{"href":"https:\/\/miminhosritacatita.com\/de\/wp-json\/wp\/v2\/product\/7129","targetHints":{"allow":["GET"]}}],"collection":[{"href":"https:\/\/miminhosritacatita.com\/de\/wp-json\/wp\/v2\/product"}],"about":[{"href":"https:\/\/miminhosritacatita.com\/de\/wp-json\/wp\/v2\/types\/product"}],"wp:featuredmedia":[{"embeddable":true,"href":"https:\/\/miminhosritacatita.com\/de\/wp-json\/wp\/v2\/media\/39363"}],"wp:attachment":[{"href":"https:\/\/miminhosritacatita.com\/de\/wp-json\/wp\/v2\/media?parent=7129"}],"wp:term":[{"taxonomy":"product_brand","embeddable":true,"href":"https:\/\/miminhosritacatita.com\/de\/wp-json\/wp\/v2\/product_brand?post=7129"},{"taxonomy":"product_cat","embeddable":true,"href":"https:\/\/miminhosritacatita.com\/de\/wp-json\/wp\/v2\/product_cat?post=7129"},{"taxonomy":"product_tag","embeddable":true,"href":"https:\/\/miminhosritacatita.com\/de\/wp-json\/wp\/v2\/product_tag?post=7129"}],"curies":[{"name":"wp","href":"https:\/\/api.w.org\/{rel}","templated":true}]}}