{"id":7055,"date":"2019-03-19T17:05:04","date_gmt":"2019-03-19T17:05:04","guid":{"rendered":"https:\/\/miminhosritacatita.com\/?post_type=product&#038;p=7055"},"modified":"2025-10-17T17:55:10","modified_gmt":"2025-10-17T17:55:10","slug":"lembranca-de-batizado-chavena-gravacao","status":"publish","type":"product","link":"https:\/\/miminhosritacatita.com\/de\/batizado\/lembrancas-de-batizado\/lembranca-de-batizado-chavena-gravacao\/","title":{"rendered":"Lembran\u00e7a Batizado Ch\u00e1vena Grava\u00e7\u00e3o"},"content":{"rendered":"<h1>Lembran\u00e7a Batizado Ch\u00e1vena Grava\u00e7\u00e3o<\/h1>\n<p>Lembran\u00e7a Batizado Ch\u00e1vena Grava\u00e7\u00e3o<\/p>\n<p>O <b>Taufe <\/b>\u00e9 das mais importantes fases do crescimento do seu filho e est\u00e1 prestes a chegar. E estamos convencidos de que isso \u00e9 motivo para celebrar.<\/p>\n<p>Todos os detalhes contam, desde o nome do seu filho, \u00e0 data do nascimento, at\u00e9 \u00e0 lista de convidados! Porque vamos j\u00e1 come\u00e7ar a preparar o <b>Taufe<\/b> das s\u00fc\u00dfeste \u00fcberhaupt.<\/p>\n<p>Wir glauben, dass der Verdienst f\u00fcr <b>Taufe<\/b> \u00e9 seu, mas que a miss\u00e3o \u00e9 nossa. E, por isso, criamos uma lembran\u00e7a \u00fanica e adaptada ao gosto de cada cliente, cumprindo sempre com a qualidade e perfei\u00e7\u00e3o e bom gosto.<\/p>\n<p>Feitas com amor, as nossas<strong> Lembran\u00e7as<\/strong> werden f\u00fcr jeden Kunden individuell angefertigt. Denn wenn sie geboren werden, hat jedes Baby seine eigene Geschichte.<\/p>\n<h2>A nossa Lembran\u00e7a Batizado Ch\u00e1vena Grava\u00e7\u00e3o<\/h2>\n<p>E, na Miminhos, j\u00e1 sabemos que as Lembran\u00e7as s\u00e3o um bom pretexto para contar a sua!<\/p>\n<p>Die mit viel Liebe hergestellten Geschenke werden f\u00fcr jeden Kunden angefertigt, eine Idee, die sich aus den Details seiner Geschichte ergibt. Erz\u00e4hlen wir sie also so, wie sie ist, in ihren eigenen Worten.<\/p>\n<p>Temos brindes de todas as formas e cores e materiais e tamb\u00e9m a todos os pre\u00e7os. Al\u00e9m disso, a nossa Lembran\u00e7a Batizado Ch\u00e1vena Grava\u00e7\u00e3o \u00e9 feita c\u00e1, j\u00e1 que \u00e9 o que nos d\u00e1 o controlo sobre o prazo de produ\u00e7\u00e3o.<\/p>\n<p>Kaufen Sie jetzt die Produkte, die Ihre Party zu einem Erfolg machen, im Miminhos Online Shop<strong>, <\/strong>a melhor. Dos quais, Convites e Lembran\u00e7as e Conjuntos e Livros de Honra.<\/p>\n<ul>\n<li>\n<h3>Und auch Plakate und Umschlagboxen und Tischmarker und Speisekarten und K\u00f6rbe.<\/h3>\n<\/li>\n<\/ul>\n<p>Aber auch Baby Shower und Kleider und Kost\u00fcme und Cake Toppers. Wir haben auch eine H\u00fcpfburg und eine Rutsche f\u00fcr Sie zu mieten.<\/p>\n<p class=\"font_3\">Inspire-se no nosso trabalho e tenha j\u00e1 mais ideias de <strong>Taufe<\/strong>, von den einfachsten \u00fcber die elegantesten und formellsten bis hin zu den lustigsten.<\/p>\n<p class=\"font_2\">Assim, combine j\u00e1 o design da sua Lembran\u00e7a com o ambiente que quer apresentar aos seus convidados no dia.<\/p>\n<p class=\"font_3\">Werfen Sie also einen Blick auf einige der folgenden Arten von <strong>lembran\u00e7as<\/strong> im Miminhos-Shop erstellt.<\/p>\n<p><strong>Siehe auch <a href=\"https:\/\/miminhosritacatita.com\/de\/product-category\/batizados\/\">Artikel zur Taufe<\/a><\/strong><\/p>\n<p><strong>Folgen Sie uns auf <a href=\"https:\/\/www.instagram.com\/miminhos.rita.catita\/\" target=\"_blank\" rel=\"noopener\">Instagram<\/a><\/strong><\/p>","protected":false},"excerpt":{"rendered":"<p>Lembran\u00e7a Batizado Ch\u00e1vena Grava\u00e7\u00e3o a laser, personalizada e impressa ao seu gosto, entre em contacto connosco<\/p>\n<p>Dimens\u00e3o da Ch\u00e1vena: 6&#215;6,5cm<\/p>\n<p>&nbsp;<\/p>","protected":false},"featured_media":59983,"template":"","meta":[],"product_brand":[],"product_cat":[858,860],"product_tag":[],"class_list":{"0":"post-7055","1":"product","2":"type-product","3":"status-publish","4":"has-post-thumbnail","6":"product_cat-batizado","7":"product_cat-lembrancas-de-batizado","9":"first","10":"instock","11":"taxable","12":"shipping-taxable","13":"purchasable","14":"product-type-simple"},"_links":{"self":[{"href":"https:\/\/miminhosritacatita.com\/de\/wp-json\/wp\/v2\/product\/7055","targetHints":{"allow":["GET"]}}],"collection":[{"href":"https:\/\/miminhosritacatita.com\/de\/wp-json\/wp\/v2\/product"}],"about":[{"href":"https:\/\/miminhosritacatita.com\/de\/wp-json\/wp\/v2\/types\/product"}],"wp:featuredmedia":[{"embeddable":true,"href":"https:\/\/miminhosritacatita.com\/de\/wp-json\/wp\/v2\/media\/59983"}],"wp:attachment":[{"href":"https:\/\/miminhosritacatita.com\/de\/wp-json\/wp\/v2\/media?parent=7055"}],"wp:term":[{"taxonomy":"product_brand","embeddable":true,"href":"https:\/\/miminhosritacatita.com\/de\/wp-json\/wp\/v2\/product_brand?post=7055"},{"taxonomy":"product_cat","embeddable":true,"href":"https:\/\/miminhosritacatita.com\/de\/wp-json\/wp\/v2\/product_cat?post=7055"},{"taxonomy":"product_tag","embeddable":true,"href":"https:\/\/miminhosritacatita.com\/de\/wp-json\/wp\/v2\/product_tag?post=7055"}],"curies":[{"name":"wp","href":"https:\/\/api.w.org\/{rel}","templated":true}]}}