{"id":65867,"date":"2025-11-10T17:40:48","date_gmt":"2025-11-10T17:40:48","guid":{"rendered":"https:\/\/miminhosritacatita.com\/?post_type=product&#038;p=65867"},"modified":"2025-11-10T17:56:16","modified_gmt":"2025-11-10T17:56:16","slug":"caixa-honra-bodas-ouro","status":"publish","type":"product","link":"https:\/\/miminhosritacatita.com\/de\/bodas\/bodas-de-ouro\/livros-de-honra-para-bodas-de-ouro\/caixa-honra-bodas-ouro\/","title":{"rendered":"Caixa Honra Bodas Ouro"},"content":{"rendered":"<h1>Caixa Honra Bodas Ouro<\/h1>\n<p>Caixa Honra Bodas Ouro<\/p>\n<p>As Bodas de Ouro s\u00e3o uma celebra\u00e7\u00e3o muito importante e est\u00e3o prestes a chegar. E estamos convencidos de que isso \u00e9 motivo para celebrar.<\/p>\n<p>Todos temos uma hist\u00f3ria. E, por isso, n\u00f3s suspeitamos de que o Livro Honra Bodas Assinatura \u00e9 um bom pretexto para (nos) contar a sua!<\/p>\n<p>Jedes Detail z\u00e4hlt, von der Verabredung \u00fcber das Hochzeitsdatum bis hin zur G\u00e4steliste!  Denn die Vorbereitungen f\u00fcr das sch\u00f6nste Goldene Jubil\u00e4um aller Zeiten k\u00f6nnen beginnen.<\/p>\n<p>Entendemos que o m\u00e9rito pelas <b>Goldene Hochzeit<\/b> \u00e9 seu, mas que a miss\u00e3o \u00e9 nossa. E, por isso, criamos produtos \u00fanicos e adaptados ao gosto de cada cliente, cumprindo sempre com a qualidade e perfei\u00e7\u00e3o e bom gosto.<\/p>\n<h2>Caixa Honra Bodas Ouro<\/h2>\n<p>Pela altura em que casam, todos os casais j\u00e1 tem uma hist\u00f3ria. E, na Miminhos, j\u00e1 sabemos que os livros de honra para bodas de ouro s\u00e3o um bom pretexto para contar a sua!<\/p>\n<p>Assim, temos convites de todas as formas e cores e materiais e tamb\u00e9m a todos os pre\u00e7os. Al\u00e9m disso, os nossos livros s\u00e3o feitos c\u00e1, j\u00e1 que \u00e9 o que nos d\u00e1 o controlo sobre o prazo de produ\u00e7\u00e3o.<\/p>\n<p>Feitos com amor, o Livro Honra Bodas Assinatura \u00e9 feito para cada cliente, ideia que resulta dos detalhes da sua hist\u00f3ria. Por isso, vamos j\u00e1 conta-la como ela \u00e9, pelas suas palavras.<\/p>\n<p>Seja como for, compre j\u00e1 na Loja Online da Miminhos os produtos que far\u00e3o da sua festa<strong>, <\/strong>a melhor:<\/p>\n<ul>\n<li>Convite Bodas Ouro Brilhante<\/li>\n<li>Lembran\u00e7as de Bodas de Ouro<\/li>\n<li>Topos de Bolo de Bordas de Ouro<\/li>\n<li>Livros de Honra<\/li>\n<\/ul>\n<p>E ainda, Placards, Caixas de Envelopes, Marcadores de Mesa, Ementas e Cestas.<\/p>\n<p class=\"font_3\">Lassen Sie sich also von unserer Arbeit inspirieren und holen Sie sich jetzt weitere Ideen f\u00fcr Goldene Hochzeiten, von den einfachsten \u00fcber die elegantesten und formellsten bis hin zu den lustigsten.<\/p>\n<p class=\"font_2\">Assim, combine j\u00e1 o design do seu Livro Honra Bodas Assinatura com o ambiente que quer apresentar aos seus convidados no dia.<\/p>\n<p class=\"font_3\">Werfen Sie also einen Blick auf einige der folgenden Arten von <strong>Einladungen<\/strong> im Miminhos-Shop erstellt.<\/p>\n<p><strong>Siehe auch: <a href=\"https:\/\/miminhosritacatita.com\/de\/product-category\/goldene-hochzeit\/geschenke-zur-goldenen-hochzeit\/\">Prendas p\/ Bodas de Ouro<\/a><\/strong><\/p>\n<p><strong>Besuchen Sie unser <a href=\"https:\/\/www.instagram.com\/miminhos.rita.catita\/\" target=\"_blank\" rel=\"noopener\">Instagram<\/a><\/strong><\/p>","protected":false},"excerpt":{"rendered":"<p>Caixa Honra Bodas Ouro<\/p>\n<p>(Caixa n\u00e3o inclui cart\u00f5es &#8211; Comprar aqui:<a href=\"https:\/\/miminhosritacatita.com\/de\/hochzeit\/livros-de-honra-casamento\/\"> Cart\u00f5es de honra<\/a>)<\/p>\n<p>Dimens\u00e3o Caixa: 17,5\u00d717,5x6cm<\/p>\n<p>Caneta de pluma n\u00e3o inclu\u00edda, pode adquirir aqui: <strong><a href=\"https:\/\/miminhosritacatita.com\/de\/hochzeit\/livros-de-honra\/esferografica-pluma-livro-casamento\/\">Esferogr\u00e1fica Pluma<\/a><\/strong><\/p>\n<p>Para altera\u00e7\u00e3o \u00e0s cores, indique nas notas, depois de finalizar a encomenda.<\/p>\n<p>&nbsp;<\/p>","protected":false},"featured_media":65869,"template":"","meta":[],"product_brand":[],"product_cat":[1157],"product_tag":[],"class_list":{"0":"post-65867","1":"product","2":"type-product","3":"status-publish","4":"has-post-thumbnail","6":"product_cat-livros-de-honra-para-bodas-de-ouro","8":"first","9":"instock","10":"taxable","11":"shipping-taxable","12":"purchasable","13":"product-type-simple"},"_links":{"self":[{"href":"https:\/\/miminhosritacatita.com\/de\/wp-json\/wp\/v2\/product\/65867","targetHints":{"allow":["GET"]}}],"collection":[{"href":"https:\/\/miminhosritacatita.com\/de\/wp-json\/wp\/v2\/product"}],"about":[{"href":"https:\/\/miminhosritacatita.com\/de\/wp-json\/wp\/v2\/types\/product"}],"wp:featuredmedia":[{"embeddable":true,"href":"https:\/\/miminhosritacatita.com\/de\/wp-json\/wp\/v2\/media\/65869"}],"wp:attachment":[{"href":"https:\/\/miminhosritacatita.com\/de\/wp-json\/wp\/v2\/media?parent=65867"}],"wp:term":[{"taxonomy":"product_brand","embeddable":true,"href":"https:\/\/miminhosritacatita.com\/de\/wp-json\/wp\/v2\/product_brand?post=65867"},{"taxonomy":"product_cat","embeddable":true,"href":"https:\/\/miminhosritacatita.com\/de\/wp-json\/wp\/v2\/product_cat?post=65867"},{"taxonomy":"product_tag","embeddable":true,"href":"https:\/\/miminhosritacatita.com\/de\/wp-json\/wp\/v2\/product_tag?post=65867"}],"curies":[{"name":"wp","href":"https:\/\/api.w.org\/{rel}","templated":true}]}}