{"id":65858,"date":"2025-11-10T17:23:55","date_gmt":"2025-11-10T17:23:55","guid":{"rendered":"https:\/\/miminhosritacatita.com\/?post_type=product&#038;p=65858"},"modified":"2025-11-10T17:29:06","modified_gmt":"2025-11-10T17:29:06","slug":"presente-bodas-prata-caixa","status":"publish","type":"product","link":"https:\/\/miminhosritacatita.com\/de\/bodas\/bodas-de-prata\/prendas-para-bodas-de-prata\/presente-bodas-prata-caixa\/","title":{"rendered":"Presente Bodas Prata Caixa"},"content":{"rendered":"<h1>Presente Bodas Prata Caixa<\/h1>\n<p>Presente Bodas Prata Caixa<\/p>\n<p>Das Silberjubil\u00e4um ist ein sehr wichtiges Fest und steht vor der T\u00fcr. Und wir sind \u00fcberzeugt, dass dies ein Grund zum Feiern ist.<\/p>\n<p>Todos temos uma hist\u00f3ria. E, n\u00f3s suspeitamos de que o<strong> Presente Bodas Prata Caixa <\/strong>sind eine gute Ausrede, um uns von Ihren zu erz\u00e4hlen!<\/p>\n<p>Jedes Detail z\u00e4hlt, von der Verabredung \u00fcber das Hochzeitsdatum bis hin zur G\u00e4steliste!  Lasst uns mit den Vorbereitungen f\u00fcr die sch\u00f6nste Hochzeit aller Zeiten beginnen.<\/p>\n<p>Wir sind uns bewusst, dass das Silberjubil\u00e4um Ihr Verdienst ist, aber dass die Aufgabe unsere ist. Deshalb kreieren wir einzigartige Produkte, die auf den Geschmack eines jeden Kunden zugeschnitten sind, wobei wir stets auf Qualit\u00e4t, Perfektion und guten Geschmack achten.<\/p>\n<p>Unsere mit Liebe hergestellten Geschenke zum Silberjubil\u00e4um werden f\u00fcr jeden Kunden individuell angefertigt.<\/p>\n<h2>Presente Bodas Prata Caixa<\/h2>\n<p>Wenn sie heiraten, hat jedes Paar eine Geschichte. Und wir bei Miminhos wissen, dass Souvenirs eine gute Ausrede sind, um Ihre zu erz\u00e4hlen!<\/p>\n<p>Die mit viel Liebe hergestellten Geschenke werden f\u00fcr jeden Kunden angefertigt, eine Idee, die sich aus den Details seiner Geschichte ergibt. Erz\u00e4hlen wir sie also so, wie sie ist, in ihren eigenen Worten.<\/p>\n<p>Wir haben also Souvenirs in allen Formen, Farben und Materialien und zu allen Preisen. Au\u00dferdem werden unsere Geschenke hier hergestellt, was uns die Kontrolle \u00fcber die Produktionszeiten gibt.<\/p>\n<p>Kaufen Sie im Miminhos Online Shop die Produkte, die Ihre Feier zur besten machen werden. Dazu geh\u00f6ren Silberhochzeitseinladungen, Silberhochzeitssouvenirs, Silberhochzeitsgeschenke, Eheringhalter und Ehrenb\u00fccher.<\/p>\n<ul>\n<li>Und auch Plakate und Umschlagboxen und Tischmarker und Speisekarten und K\u00f6rbe.<\/li>\n<\/ul>\n<p class=\"font_3\">Lassen Sie sich also von unserer Arbeit inspirieren und holen Sie sich jetzt weitere Hochzeitsideen, von den einfachsten \u00fcber die elegantesten und formellsten bis hin zu den lustigsten.<\/p>\n<p class=\"font_2\">Passen Sie also das Design Ihres Geschenks zum Silberjubil\u00e4um an die Atmosph\u00e4re an, die Sie Ihren G\u00e4sten an diesem Tag vermitteln wollen.<\/p>\n<p class=\"font_3\">Portanto, veja j\u00e1, em baixo alguns tipos de Presente Bodas Prata Caixa criadas na loja da Miminhos.\u200b<\/p>\n<p><strong>Siehe auch: <a href=\"https:\/\/miminhosritacatita.com\/de\/product-category\/silberhochzeit\/convites-bodas-de-prata\/\">Einladungen zum 25. Hochzeitstag<\/a><\/strong><\/p>\n<p><strong>Besuchen Sie unser <a href=\"https:\/\/www.instagram.com\/miminhos.rita.catita\/\" target=\"_blank\" rel=\"noopener\">Instagram<\/a><\/strong><\/p>\n<p>&nbsp;<\/p>","protected":false},"excerpt":{"rendered":"<p>Presente Bodas Prata Caixa<\/p>\n<p>Caixa com 2 Flutes (com grava\u00e7\u00e3o a laser)<br \/>\n+ Garrafa de Champanhe com Genu\u00ednos Flocos de Ouro de 23 Kilates<\/p>\n<p>Dimens\u00e3o da Caixa: 22 x 25 x 8 cm<br \/>\nGarrafa de Champanhe 0,20L<\/p>\n<p>Personaliza\u00e7\u00e3o apenas nos flutes<\/p>","protected":false},"featured_media":65862,"template":"","meta":[],"product_brand":[],"product_cat":[843],"product_tag":[],"class_list":{"0":"post-65858","1":"product","2":"type-product","3":"status-publish","4":"has-post-thumbnail","6":"product_cat-prendas-para-bodas-de-prata","8":"first","9":"instock","10":"taxable","11":"shipping-taxable","12":"purchasable","13":"product-type-simple"},"_links":{"self":[{"href":"https:\/\/miminhosritacatita.com\/de\/wp-json\/wp\/v2\/product\/65858","targetHints":{"allow":["GET"]}}],"collection":[{"href":"https:\/\/miminhosritacatita.com\/de\/wp-json\/wp\/v2\/product"}],"about":[{"href":"https:\/\/miminhosritacatita.com\/de\/wp-json\/wp\/v2\/types\/product"}],"wp:featuredmedia":[{"embeddable":true,"href":"https:\/\/miminhosritacatita.com\/de\/wp-json\/wp\/v2\/media\/65862"}],"wp:attachment":[{"href":"https:\/\/miminhosritacatita.com\/de\/wp-json\/wp\/v2\/media?parent=65858"}],"wp:term":[{"taxonomy":"product_brand","embeddable":true,"href":"https:\/\/miminhosritacatita.com\/de\/wp-json\/wp\/v2\/product_brand?post=65858"},{"taxonomy":"product_cat","embeddable":true,"href":"https:\/\/miminhosritacatita.com\/de\/wp-json\/wp\/v2\/product_cat?post=65858"},{"taxonomy":"product_tag","embeddable":true,"href":"https:\/\/miminhosritacatita.com\/de\/wp-json\/wp\/v2\/product_tag?post=65858"}],"curies":[{"name":"wp","href":"https:\/\/api.w.org\/{rel}","templated":true}]}}