{"id":61148,"date":"2024-12-03T17:30:32","date_gmt":"2024-12-03T17:30:32","guid":{"rendered":"https:\/\/miminhosritacatita.com\/?post_type=product&#038;p=61148"},"modified":"2024-12-31T10:30:43","modified_gmt":"2024-12-31T10:30:43","slug":"lembrancas-padrinhos-casamento-chinelos","status":"publish","type":"product","link":"https:\/\/miminhosritacatita.com\/de\/casamento\/lembranca-de-casamento-para-padrinhos\/lembrancas-padrinhos-casamento-chinelos\/","title":{"rendered":"Lembran\u00e7as Padrinhos Casamento Chinelos"},"content":{"rendered":"<h1>Lembran\u00e7as Padrinhos Casamento Chinelos<\/h1>\n<p>Lembran\u00e7as Padrinhos Casamento Chinelos<\/p>\n<p>Dizem que o segredo est\u00e1 nos detalhes\u2026 E n\u00f3s acreditamos! Na nossa loja a Lembran\u00e7a de Casamento para Padrinhos, e tamb\u00e9m pais, s\u00e3o dos nossos detalhes favoritos.<\/p>\n<p>Dos robes \u00e0s ligas\u2026 Como ser\u00e3o a vossa Lembran\u00e7a de Casamento para Padrinhos? Pense!, porque \u00e9 aqui que o estilo pessoal vai brilhar!<\/p>\n<p>Feitas com amor, a nossa Lembran\u00e7a Casamento Padrinhos Luxo, \u00e9 exclusiva, ideia que resulta dos detalhes da sua hist\u00f3ria. Por isso, vamos j\u00e1 conta-la como ela \u00e9, pelas suas palavras.<\/p>\n<p>Assim, temos na nossa loja, v\u00e1rias lembran\u00e7as de casamento para v\u00e1rios pre\u00e7os e gostos, mantendo sempre a promessa de qualidade.<\/p>\n<h2>Lembran\u00e7as Padrinhos Casamento Chinelos<\/h2>\n<p>Entendemos que o m\u00e9rito pelo <b>Hochzeit<\/b> \u00e9 seu, mas que a miss\u00e3o \u00e9 nossa. E, por isso, criamos produtos ajustados ao gosto de cada cliente, cumprindo sempre com a qualidade e perfei\u00e7\u00e3o e bom gosto.<\/p>\n<p>Assim, encontre na Loja Online a resposta a todos os pormenores que far\u00e3o a sua festa \u00fanica, como convites de casamento, lembran\u00e7as de casamento, agenda da noiva, liga noiva, convite de casamento r\u00fastico e convite de casamento e batizado.<\/p>\n<p>Tamb\u00e9m alugamos carros para o transporte dos noivos. Assim, para saber o pre\u00e7o contacte-nos e informe a data do Evento \/ a morada de recolha \/ a da Igreja \/ e a do local da boda.<\/p>\n<p>Encontre aqui a resposta a todos os detalhes que far\u00e3o o seu Casamento \u00fanico. Dos quais:<\/p>\n<ul>\n<li>Lembran\u00e7a Casamento Padrinhos Luxo \/ Lembran\u00e7a para pais \/ Porta Alian\u00e7as \/ Livros de Honra de casamento \/ Lembran\u00e7as de casamento. Mas tamb\u00e9m, as Cestas de Lembran\u00e7as \/ e os Photo Booth casamento \/ e os Cabides dos noivos. Assim como Flutes \/ e Talheres \/ e os Bal\u00f5es \/ e os Sparklers \/ e Placas \u201cL\u00e1 Vem a Noiva\u201d.<\/li>\n<\/ul>\n<p>Seja como for, tamb\u00e9m temos Ramos de Noiva \/ e os Ramos de Solteiras \/ e Caixas de Envelopes. E ainda, as Lembran\u00e7a de Casamento para Padrinhos \/ e as Argolas de Guardanapos\/ e as Ementas.<\/p>\n<p><strong>Siehe auch: <a href=\"https:\/\/miminhosritacatita.com\/de\/product\/agenda-da-noiva\/\">Braut-Agenda<\/a><\/strong><\/p>\n<p><strong>Siga-nos no <a href=\"https:\/\/www.instagram.com\/miminhos.rita.catita\/\" target=\"_blank\" rel=\"noopener\">Instagram<\/a><\/strong><\/p>","protected":false},"excerpt":{"rendered":"<p>Lembran\u00e7as Padrinhos Casamento Chinelos<\/p>\n<p>Chinelos sublimados com possibilidade de personaliza\u00e7\u00e3o em toda a plana do p\u00e9<\/p>\n<p>Com resistente sola de EVA, tiras de PVC de cor preto e dispon\u00edveis em dois tamanhos: 36-38 e 42-44.<\/p>\n<p>Para altera\u00e7\u00f5es indicar nas notas, depois de finalizar a encomenda o tamanho e detalhes pretendidos<\/p>\n<p>&nbsp;<\/p>\n<p>&nbsp;<\/p>\n<p>&nbsp;<\/p>\n<p>&nbsp;<\/p>","protected":false},"featured_media":61149,"template":"","meta":[],"product_brand":[],"product_cat":[984],"product_tag":[],"class_list":{"0":"post-61148","1":"product","2":"type-product","3":"status-publish","4":"has-post-thumbnail","6":"product_cat-lembranca-de-casamento-para-padrinhos","8":"first","9":"instock","10":"taxable","11":"shipping-taxable","12":"purchasable","13":"product-type-simple"},"_links":{"self":[{"href":"https:\/\/miminhosritacatita.com\/de\/wp-json\/wp\/v2\/product\/61148","targetHints":{"allow":["GET"]}}],"collection":[{"href":"https:\/\/miminhosritacatita.com\/de\/wp-json\/wp\/v2\/product"}],"about":[{"href":"https:\/\/miminhosritacatita.com\/de\/wp-json\/wp\/v2\/types\/product"}],"wp:featuredmedia":[{"embeddable":true,"href":"https:\/\/miminhosritacatita.com\/de\/wp-json\/wp\/v2\/media\/61149"}],"wp:attachment":[{"href":"https:\/\/miminhosritacatita.com\/de\/wp-json\/wp\/v2\/media?parent=61148"}],"wp:term":[{"taxonomy":"product_brand","embeddable":true,"href":"https:\/\/miminhosritacatita.com\/de\/wp-json\/wp\/v2\/product_brand?post=61148"},{"taxonomy":"product_cat","embeddable":true,"href":"https:\/\/miminhosritacatita.com\/de\/wp-json\/wp\/v2\/product_cat?post=61148"},{"taxonomy":"product_tag","embeddable":true,"href":"https:\/\/miminhosritacatita.com\/de\/wp-json\/wp\/v2\/product_tag?post=61148"}],"curies":[{"name":"wp","href":"https:\/\/api.w.org\/{rel}","templated":true}]}}