{"id":61071,"date":"2024-12-02T18:21:16","date_gmt":"2024-12-02T18:21:16","guid":{"rendered":"https:\/\/miminhosritacatita.com\/?post_type=product&#038;p=61071"},"modified":"2024-12-02T18:33:13","modified_gmt":"2024-12-02T18:33:13","slug":"menu-batizado-elegante-e-delicado","status":"publish","type":"product","link":"https:\/\/miminhosritacatita.com\/de\/batizado\/ementas-de-batizado\/menu-batizado-elegante-e-delicado\/","title":{"rendered":"Menu Batizado Elegante e Delicado"},"content":{"rendered":"<h1>Menu Batizado Elegante e Delicado<\/h1>\n<p>Menu Batizado Elegante e Delicado<\/p>\n<p><b>Die Taufe ist<\/b> eine der wichtigsten Phasen in der Entwicklung Ihres Kindes steht vor der T\u00fcr. Und wir sind \u00fcberzeugt, dass dies ein Grund zum Feiern ist.<\/p>\n<p>Todos os detalhes contam, desde o nome do seu filho, \u00e0 data do nascimento, at\u00e9 \u00e0 lista de convidados!\u00a0 Porque vamos j\u00e1 come\u00e7ar a preparar o <b>Taufe<\/b> das s\u00fc\u00dfeste \u00fcberhaupt.<\/p>\n<p>Wir glauben, dass der Verdienst f\u00fcr <b>Taufe<\/b> \u00e9 seu, mas que a miss\u00e3o \u00e9 nossa. E, por isso, criamos uma Ementa \u00fanica e adaptada ao gosto de cada cliente, cumprindo sempre com a qualidade e perfei\u00e7\u00e3o e bom gosto.<\/p>\n<p>Feita com amor, a nossas Ementas s\u00e3o feitas para cada cliente. Pois na altura em que nascem, todos os beb\u00e9s j\u00e1 tem a sua hist\u00f3ria.<\/p>\n<h2>Menu Batizado Elegante e Delicado<\/h2>\n<p>E, na Miminhos, j\u00e1 sabemos que as ementas s\u00e3o um bom pretexto para contar a sua!<\/p>\n<p>Feitas com amor, as Ementas s\u00e3o feitas para cada cliente, ideia que resulta dos detalhes da sua hist\u00f3ria. Por isso, vamos j\u00e1 conta-la como ela \u00e9, pelas suas palavras.<\/p>\n<p>Temos ementas de todas as formas e cores e materiais e tamb\u00e9m a todos os pre\u00e7os. Al\u00e9m disso, o nosso Menu Batizado Elegante e Delicado \u00e9 feito c\u00e1, j\u00e1 que \u00e9 o que nos d\u00e1 o controlo sobre o prazo de produ\u00e7\u00e3o.<\/p>\n<p>Kaufen Sie jetzt die Produkte, die Ihre Party zu einem Erfolg machen, im Miminhos Online Shop<strong>, das Beste. Darunter Einladungen und Souvenirs und Sets und Ehrenb\u00fccher.<\/strong><\/p>\n<ul>\n<li><strong> Und auch Plakate und Umschlagboxen und Tischmarker und Speisekarten und K\u00f6rbe. <\/strong><\/li>\n<\/ul>\n<p><strong>Aber auch Baby Shower und Kleider und Kost\u00fcme und Tortenaufleger. <\/strong><strong>Dar\u00fcber hinaus haben wir auch eine in<\/strong>H\u00fcpfburg und eine Rutsche f\u00fcr Sie zu mieten.<\/p>\n<p class=\"font_3\">Portanto, inspire-se no nosso trabalho e tenha j\u00e1 mais ideias de <strong>Taufe<\/strong>, von den einfachsten \u00fcber die elegantesten und formellsten bis hin zu den lustigsten.<\/p>\n<p class=\"font_2\">Assim, combine j\u00e1 o design do seu Menu Batizado Elegante e Delicado com o ambiente que quer apresentar aos seus convidados no dia.<\/p>\n<p class=\"font_3\">Werfen Sie also einen Blick auf einige der folgenden Arten von <strong>ementas<\/strong> im Miminhos-Shop erstellt.<\/p>\n<p><strong>Siehe auch <a href=\"https:\/\/miminhosritacatita.com\/de\/product-category\/batizados\/\">Artikel zur Taufe<\/a><\/strong><\/p>\n<p><strong>Folgen Sie uns auf <a href=\"https:\/\/www.instagram.com\/miminhos.rita.catita\/\" target=\"_blank\" rel=\"noopener\">Instagram<\/a><\/strong><\/p>","protected":false},"excerpt":{"rendered":"<p>Menu Batizado Elegante e Delicado<\/p>\n<p>Dimens\u00e3o: 21 x 7,4cm<\/p>\n<p>Para altera\u00e7\u00f5es \u00e0 cor do papel ou ao design, indicar nas notas, depois de finalizar a encomenda.<\/p>\n<p>&nbsp;<\/p>\n<p>&nbsp;<\/p>","protected":false},"featured_media":61065,"template":"","meta":[],"product_brand":[],"product_cat":[858,1035],"product_tag":[],"class_list":{"0":"post-61071","1":"product","2":"type-product","3":"status-publish","4":"has-post-thumbnail","6":"product_cat-batizado","7":"product_cat-ementas-de-batizado","9":"first","10":"instock","11":"taxable","12":"shipping-taxable","13":"purchasable","14":"product-type-simple"},"_links":{"self":[{"href":"https:\/\/miminhosritacatita.com\/de\/wp-json\/wp\/v2\/product\/61071","targetHints":{"allow":["GET"]}}],"collection":[{"href":"https:\/\/miminhosritacatita.com\/de\/wp-json\/wp\/v2\/product"}],"about":[{"href":"https:\/\/miminhosritacatita.com\/de\/wp-json\/wp\/v2\/types\/product"}],"wp:featuredmedia":[{"embeddable":true,"href":"https:\/\/miminhosritacatita.com\/de\/wp-json\/wp\/v2\/media\/61065"}],"wp:attachment":[{"href":"https:\/\/miminhosritacatita.com\/de\/wp-json\/wp\/v2\/media?parent=61071"}],"wp:term":[{"taxonomy":"product_brand","embeddable":true,"href":"https:\/\/miminhosritacatita.com\/de\/wp-json\/wp\/v2\/product_brand?post=61071"},{"taxonomy":"product_cat","embeddable":true,"href":"https:\/\/miminhosritacatita.com\/de\/wp-json\/wp\/v2\/product_cat?post=61071"},{"taxonomy":"product_tag","embeddable":true,"href":"https:\/\/miminhosritacatita.com\/de\/wp-json\/wp\/v2\/product_tag?post=61071"}],"curies":[{"name":"wp","href":"https:\/\/api.w.org\/{rel}","templated":true}]}}