{"id":4396,"date":"2018-11-19T12:00:25","date_gmt":"2018-11-19T12:00:25","guid":{"rendered":"https:\/\/miminhosritacatita.com\/?post_type=product&#038;p=4396"},"modified":"2026-03-30T15:48:31","modified_gmt":"2026-03-30T15:48:31","slug":"saco-arroz-casamento-personalizado","status":"publish","type":"product","link":"https:\/\/miminhosritacatita.com\/de\/casamento\/cones-para-arroz-casamento\/saco-arroz-casamento-personalizado\/","title":{"rendered":"Saco Arroz Casamento Personalizado"},"content":{"rendered":"<h1>Saco Arroz Casamento Personalizado<\/h1>\n<p>Saco Arroz Casamento Personalizado<\/p>\n<p>Dizem que o segredo est\u00e1 nos detalhes\u2026 E n\u00f3s acreditamos! Na nossa loja os cones de arroz casamento s\u00e3o dos nossos detalhes favoritos.<\/p>\n<p>Dos robes \u00e0s ligas\u2026 Qual ser\u00e1 o seu Saco Arroz Casamento Personalizado? Pense!, porque \u00e9 aqui que o estilo pessoal vai brilhar!<\/p>\n<p>Assim, feitos com amor, os nossos cones de arroz s\u00e3o feitas para cada cliente, ideia que resulta dos detalhes da sua hist\u00f3ria. Por isso, vamos j\u00e1 conta-la como ela \u00e9, pelas suas palavras.<\/p>\n<p>Temos, na nossa loja, v\u00e1rios cones de arroz para casamento, para v\u00e1rios pre\u00e7os e gostos, mantendo sempre a promessa de qualidade.<\/p>\n<h2>Saco Arroz Casamento Personalizado<\/h2>\n<p>Entendemos que o m\u00e9rito pelo <b>Hochzeit<\/b> \u00e9 seu, mas que a miss\u00e3o \u00e9 nossa. E, por isso, criamos produtos ajustados ao gosto de cada cliente, cumprindo sempre com a qualidade e perfei\u00e7\u00e3o e bom gosto.<\/p>\n<p>Tamb\u00e9m alugamos carros para o transporte dos noivos. Para saber o pre\u00e7o contacte-nos e informe a data do Evento \/ a morada de recolha \/ a da Igreja \/ e a do local da boda.<\/p>\n<p>Assim, encontre na Loja Online a resposta para todos os pormenores que far\u00e3o a sua festa \u00fanica, como o Saco Arroz Casamento.<\/p>\n<ul>\n<li>Encontre aqui a resposta para todos os detalhes que far\u00e3o o seu Casamento \u00fanico. Dos quais Convites de casamento \/ Porta Alian\u00e7as \/ Livros de Honra para casamento \/ Lembran\u00e7as de casamento \/ e Cones de Arroz para casamento.<\/li>\n<\/ul>\n<p>Mas tamb\u00e9m, Cesta para Lembran\u00e7a \/ e Photo Booth \/ e Cabides. Assim como Flutes \/ e Talheres \/ e os Bal\u00f5es \/ e os Sparklers \/ e Placas para Entrada da Noiva.<\/p>\n<p>Seja como for, tamb\u00e9m temos Ramos de Noiva Artificiais \/ e os Ramos de Solteiras \/ e Caixas de Envelopes. E ainda, as Ofertas a Pais e Padrinhos \/ e as Argolas de Guardanapos\/ Cesta para Lembran\u00e7a \/ e as Ementas.<\/p>\n<p><strong>Siehe auch: <a href=\"https:\/\/miminhosritacatita.com\/de\/product\/agenda-da-noiva\/\">Braut-Agenda<\/a><\/strong><\/p>\n<p>Siga-nos no <a href=\"https:\/\/www.instagram.com\/miminhos.rita.catita\/\" target=\"_blank\" rel=\"noopener\">Instagram<\/a><\/p>","protected":false},"excerpt":{"rendered":"<p>Saco Arroz Casamento Personalizado, impress\u00e3o personalizada, arroz inclu\u00eddo.<\/p>\n<p>Escolha o fio\/fita e a cor do papel<\/p>\n<p>Cor do Papel da Imagem: Kraft<\/p>\n<p>Cor da Fita da Imagem: Fio Norte<\/p>\n<p>&nbsp;<\/p>\n<p>&nbsp;<\/p>\n<p>&nbsp;<\/p>\n<p>&nbsp;<\/p>","protected":false},"featured_media":78113,"template":"","meta":[],"product_brand":[],"product_cat":[489],"product_tag":[],"class_list":{"0":"post-4396","1":"product","2":"type-product","3":"status-publish","4":"has-post-thumbnail","6":"product_cat-cones-para-arroz-casamento","8":"first","9":"instock","10":"taxable","11":"shipping-taxable","12":"purchasable","13":"product-type-simple"},"_links":{"self":[{"href":"https:\/\/miminhosritacatita.com\/de\/wp-json\/wp\/v2\/product\/4396","targetHints":{"allow":["GET"]}}],"collection":[{"href":"https:\/\/miminhosritacatita.com\/de\/wp-json\/wp\/v2\/product"}],"about":[{"href":"https:\/\/miminhosritacatita.com\/de\/wp-json\/wp\/v2\/types\/product"}],"wp:featuredmedia":[{"embeddable":true,"href":"https:\/\/miminhosritacatita.com\/de\/wp-json\/wp\/v2\/media\/78113"}],"wp:attachment":[{"href":"https:\/\/miminhosritacatita.com\/de\/wp-json\/wp\/v2\/media?parent=4396"}],"wp:term":[{"taxonomy":"product_brand","embeddable":true,"href":"https:\/\/miminhosritacatita.com\/de\/wp-json\/wp\/v2\/product_brand?post=4396"},{"taxonomy":"product_cat","embeddable":true,"href":"https:\/\/miminhosritacatita.com\/de\/wp-json\/wp\/v2\/product_cat?post=4396"},{"taxonomy":"product_tag","embeddable":true,"href":"https:\/\/miminhosritacatita.com\/de\/wp-json\/wp\/v2\/product_tag?post=4396"}],"curies":[{"name":"wp","href":"https:\/\/api.w.org\/{rel}","templated":true}]}}