{"id":38900,"date":"2023-04-20T10:25:39","date_gmt":"2023-04-20T10:25:39","guid":{"rendered":"https:\/\/miminhosritacatita.com\/?post_type=product&#038;p=38900"},"modified":"2024-06-13T13:41:02","modified_gmt":"2024-06-13T13:41:02","slug":"concha-batismo-medalha-coroa-m","status":"publish","type":"product","link":"https:\/\/miminhosritacatita.com\/de\/batizado\/acessorios-de-batizado\/conchas-de-batizado\/concha-batismo-medalha-coroa-m\/","title":{"rendered":"Concha Batismo Medalha Coroa-M"},"content":{"rendered":"<h1>Concha Batismo Medalha Coroa-M<\/h1>\n<p>Concha Batismo Medalha Coroa-M<\/p>\n<p>Die Taufe ist eine der wichtigsten Etappen in der Entwicklung Ihres Kindes, und sie steht vor der T\u00fcr. Und wir sind \u00fcberzeugt, dass dies ein Grund zum Feiern ist.<\/p>\n<p>Jedes Detail z\u00e4hlt, vom Namen Ihres Kindes \u00fcber das Geburtsdatum bis hin zur G\u00e4steliste! Lassen Sie uns mit den Vorbereitungen f\u00fcr die sch\u00f6nste Taufe aller Zeiten beginnen.<\/p>\n<p>Wir sind uns bewusst, dass die Taufe Ihr Verdienst ist, aber dass die Aufgabe unsere ist. Deshalb kreieren wir ein Taufset, das einzigartig und auf den Geschmack eines jeden Kunden zugeschnitten ist, wobei wir stets auf Qualit\u00e4t, Perfektion und guten Geschmack achten.<\/p>\n<p>Unsere mit Liebe hergestellten Taufboxen werden f\u00fcr jeden Kunden individuell angefertigt und k\u00f6nnen Folgendes enthalten: eine Taufbox, eine Taufkerze, ein Taufhandtuch, ein Taufl\u00e4tzchen, eine Taufmuschel und einen Taufschnuller. Denn jedes Baby hat seine eigene Geschichte, wenn es geboren wird.<\/p>\n<h2>Concha Batismo Medalha Coroa-M<\/h2>\n<p>Und wir von Miminhos wissen bereits, dass Kerzen eine gute Ausrede sind, um Ihre Geschichte zu erz\u00e4hlen!<\/p>\n<p>Die mit Liebe hergestellten Taufschachteln werden f\u00fcr jeden Kunden individuell angefertigt, eine Idee, die aus den Details seiner Geschichte entsteht. Also erz\u00e4hlen wir sie, wie sie ist, in ihren eigenen Worten.<\/p>\n<p>Seja como for, temos conjuntos de todas as formas e cores e materiais e tamb\u00e9m a todos os pre\u00e7os. Al\u00e9m disso, o nosso Concha Batismo Medalha Coroa-G \u00e9 feita c\u00e1, j\u00e1 que \u00e9 o que nos d\u00e1 o controlo sobre o prazo de produ\u00e7\u00e3o.<\/p>\n<p>Kaufen Sie im Miminhos Online Shop die Produkte, die Ihre Tauffeier zur besten machen werden. Dazu geh\u00f6ren Einladungen und Souvenirs sowie Sets und Ehrenb\u00fccher.<\/p>\n<ul>\n<li>Und auch Plakate und Umschlagboxen und Tischmarker und Speisekarten und K\u00f6rbe.<\/li>\n<li><strong>Muschel f\u00fcr die Taufe, Muschel f\u00fcr die Taufe, Muschel f\u00fcr die Taufe, Muschel f\u00fcr die Taufe<\/strong><\/li>\n<\/ul>\n<p>Aber auch Baby Shower und Kleider und Kost\u00fcme und Cake Toppers. Wir haben auch eine H\u00fcpfburg und eine Rutsche f\u00fcr Sie zu mieten.<\/p>\n<p class=\"font_3\">Lassen Sie sich also von unserer Arbeit inspirieren und holen Sie sich weitere Ideen f\u00fcr <strong>Taufe<\/strong>, von den einfachsten \u00fcber die elegantesten und formellsten bis hin zu den lustigsten.<\/p>\n<p class=\"font_2\">Assim, combine j\u00e1 o design do seu Concha Batismo Medalha Coroa-M com o ambiente que quer apresentar aos seus convidados no dia.<\/p>\n<p class=\"font_3\">Werfen Sie also einen Blick auf einige der Taufschachteln und Taufkerzen aus dem Miminhos-Shop.<\/p>\n<p><strong>Siehe auch: <a href=\"https:\/\/miminhosritacatita.com\/de\/product-category\/batizados\/\">Artikel zur Taufe<\/a><\/strong><\/p>\n<p><strong>Besuchen Sie unser <a href=\"https:\/\/www.instagram.com\/miminhos.rita.catita\/\" target=\"_blank\" rel=\"noopener\">Instagram<\/a><\/strong><\/p>","protected":false},"excerpt":{"rendered":"<p>Concha Batismo Medalha Coroa-G, personalizado e impresso ao seu gosto:<\/p>\n<div id=\"id_5c950091cd3335e03125653\" class=\"text_exposed_root text_exposed\">\n<div id=\"id_5db1bbeb6c0678b38325450\" class=\"text_exposed_root text_exposed\"><span class=\"text_exposed_show\">Corrente de Chucha &#8211; 10\u20ac<br \/>\nVela 30\u20ac<br \/>\nToalha com bordado personalizado e medalha 42,50\u20ac<br \/>\nConcha com medalha 17,50\u20ac<\/span><\/div>\n<div class=\"text_exposed_root text_exposed\"><span class=\"text_exposed_show\">Caixa com divis\u00f3rias 35x14cm &#8211; 77,50\u20ac<br \/>\n<\/span><\/div>\n<div>Decora\u00e7\u00e3o da caixa com medalha &#8211; 5\u20ac<\/div>\n<\/div>\n<p>Para altera\u00e7\u00f5es \u00e0s cores, indicar nas notas.<\/p>","protected":false},"featured_media":10835,"template":"","meta":[],"product_brand":[],"product_cat":[1165],"product_tag":[],"class_list":{"0":"post-38900","1":"product","2":"type-product","3":"status-publish","4":"has-post-thumbnail","6":"product_cat-conchas-de-batizado","8":"first","9":"instock","10":"taxable","11":"shipping-taxable","12":"purchasable","13":"product-type-simple"},"_links":{"self":[{"href":"https:\/\/miminhosritacatita.com\/de\/wp-json\/wp\/v2\/product\/38900","targetHints":{"allow":["GET"]}}],"collection":[{"href":"https:\/\/miminhosritacatita.com\/de\/wp-json\/wp\/v2\/product"}],"about":[{"href":"https:\/\/miminhosritacatita.com\/de\/wp-json\/wp\/v2\/types\/product"}],"wp:featuredmedia":[{"embeddable":true,"href":"https:\/\/miminhosritacatita.com\/de\/wp-json\/wp\/v2\/media\/10835"}],"wp:attachment":[{"href":"https:\/\/miminhosritacatita.com\/de\/wp-json\/wp\/v2\/media?parent=38900"}],"wp:term":[{"taxonomy":"product_brand","embeddable":true,"href":"https:\/\/miminhosritacatita.com\/de\/wp-json\/wp\/v2\/product_brand?post=38900"},{"taxonomy":"product_cat","embeddable":true,"href":"https:\/\/miminhosritacatita.com\/de\/wp-json\/wp\/v2\/product_cat?post=38900"},{"taxonomy":"product_tag","embeddable":true,"href":"https:\/\/miminhosritacatita.com\/de\/wp-json\/wp\/v2\/product_tag?post=38900"}],"curies":[{"name":"wp","href":"https:\/\/api.w.org\/{rel}","templated":true}]}}