{"id":38093,"date":"2023-04-06T16:43:30","date_gmt":"2023-04-06T16:43:30","guid":{"rendered":"https:\/\/miminhosritacatita.com\/?post_type=product&#038;p=38093"},"modified":"2024-12-31T09:54:48","modified_gmt":"2024-12-31T09:54:48","slug":"kit-estacionario-casamento-75-convidados","status":"publish","type":"product","link":"https:\/\/miminhosritacatita.com\/de\/casamento\/kits-de-casamento\/kit-estacionario-casamento-75-convidados\/","title":{"rendered":"Kit Estacion\u00e1rio Casamento 75-convidados"},"content":{"rendered":"<h1>Kit Estacion\u00e1rio Casamento 75-convidados<\/h1>\n<p>Kit Estacion\u00e1rio Casamento 75-convidados<\/p>\n<p>Primeiramente, dizem que o segredo est\u00e1 nos detalhes\u2026 E n\u00f3s acreditamos! Assim, na nossa loja os conjuntos s\u00e3o dos nossos detalhes favoritos.<\/p>\n<p>Dos robes \u00e0s ligas\u2026 Como ser\u00e1 o seu kit de casamento? Pense!, porque \u00e9 aqui que o estilo pessoal vai brilhar!<\/p>\n<p>Feitos com amor, os nossos Kit Estacion\u00e1rio Casamento s\u00e3o feitos para cada cliente, ideia que resulta dos detalhes da sua hist\u00f3ria. Por isso, vamos j\u00e1 conta-la como ela \u00e9, pelas suas palavras.<\/p>\n<p>Assim, temos, na nossa loja, v\u00e1rios conjuntos para v\u00e1rios pre\u00e7os e gostos, mantendo sempre a promessa de qualidade.<\/p>\n<p>Wir glauben, dass der Verdienst f\u00fcr <b>Hochzeit<\/b> \u00e9 seu, mas que a miss\u00e3o \u00e9 nossa. E, por isso, criamos produtos ajustados ao gosto de cada cliente, cumprindo sempre com a qualidade e perfei\u00e7\u00e3o e bom gosto.<\/p>\n<h2>Os kits mais completos e originais est\u00e3o aqui!<\/h2>\n<p>Assim, encontre na Loja Online a resposta para todos os pormenores que far\u00e3o a sua festa \u00fanica, como o Kit Estacion\u00e1rio Casamento 75-convidados.<\/p>\n<p>Por isso, tamb\u00e9m alugamos carros para o transporte dos noivos. Sendo assim, para saber o pre\u00e7o contacte-nos e informe a data do Evento \/ a morada de recolha \/ a da Igreja \/ e a do local da boda.<\/p>\n<p>Assim, temos ainda para alugar um insufl\u00e1vel e um escorrega. Portanto, pe\u00e7a o seu or\u00e7amento dizendo em que dia ser\u00e1 o evento e se o deseja levantar em loja ou se pretende que nos desloquemos ao local do evento para a montagem \/ e a desmontagem.<\/p>\n<ul>\n<li>Encontre aqui a resposta para todos os detalhes que far\u00e3o o seu Casamento \u00fanico. Dos quais Convites \/ Kit Estacion\u00e1rio Casamento 75-convidados \/ Livros de Honra \/ Lembran\u00e7as. Mas tamb\u00e9m, as Cestas de Lembran\u00e7as \/ e os Photo Booth \/ e os Cabides. Assim como Flutes \/ e Talheres \/ e os Bal\u00f5es \/ e os Sparklers \/ e Placas \u201cL\u00e1 Vem a Noiva\u201d.<\/li>\n<li>Assim, Tamb\u00e9m temos Ramos de Noiva Artificiais \/ e os Ramos de Solteiras \/ e Caixas de Envelopes. E ainda, as Ofertas a Pais e Padrinhos \/ e as Argolas de Guardanapos\/ e as Ementas. Seja como for, encomenda j\u00e1 o seu Kit Estacion\u00e1rio Casamento connosco!<\/li>\n<\/ul>\n<h4><strong>Siehe auch: <a href=\"https:\/\/miminhosritacatita.com\/de\/product\/agenda-da-noiva\/\">Braut-Agenda<\/a><\/strong><\/h4>\n<h4><strong>Folgen Sie uns auf <a href=\"https:\/\/www.instagram.com\/miminhos.rita.catita\/\" target=\"_blank\" rel=\"noopener\">Instagram<\/a><\/strong><\/h4>","protected":false},"excerpt":{"rendered":"<p>Kit Estacion\u00e1rio Casamento 75-convidados<\/p>\n<p>Este Kit Inclui os produtos como nas imagens, com os detalhes que est\u00e3o apresentados nas imagens.<\/p>\n<p>Este kit pode ser adaptado ao vosso gosto, em termos de quantidade, design, cores e em termos de artigos. Pode escolher este kit e posteriormente pedir modifica\u00e7\u00f5es, os acertos de valores podem ser feitos posteriormente.<\/p>\n<p>A mudan\u00e7a de quantidades de artigos pode afetar o pre\u00e7o quer para cima, quer para baixo (mediante a tabela de pre\u00e7os do produto individual)<\/p>\n<p>Qualquer d\u00favida por favor contacte-nos por escrito.<\/p>\n<p>A compra destes artigos todos em conjunto tem um desconto de 10% sobre os valores abaixo:<\/p>\n<h4>O kit-estacionario-casamento-75-convidados mais completos e originais est\u00e3o aqui!<\/h4>\n<p>45 convites Madeira\u00a0 &#8211; 4,95\u20ac cada &#8211; 222,75\u20ac<\/p>\n<p>1 Convite Padrinhos Casamento &#8211; 15\u20ac<\/p>\n<p>40 Lembran\u00e7as Mulher &#8211; Incenso\u00a0 &#8211; 6,20\u20ac cada &#8211; 248\u20ac<\/p>\n<p>40 Lembran\u00e7as Homens &#8211; Mini Chocolates &#8211; 2,95\u20ac cada &#8211; 118\u20ac<\/p>\n<p>1 Livro Honra Madeira &#8211; 75\u20ac<\/p>\n<p>1 Caixa Envelopes &#8211; 45\u20ac<\/p>\n<p>1 Liga da Noiva &#8211; 15\u20ac<\/p>\n<p>1 Robe da Noiva Bordado &#8211; 75\u20ac<\/p>\n<p>1 Chinelos Bordados &#8211; 45\u20ac<\/p>\n<p>1 Par Flutes com caixa &#8211; 62,50\u20ac<\/p>\n<p>1 Par Talheres com caixa &#8211; 84,50\u20ac<\/p>\n<p>1 Topo Bolo &#8211; 25\u20ac<\/p>\n<p>45 Cones arroz &#8211; 1\u20ac cada (sem arroz nem confetis) &#8211; 45\u20ac<\/p>\n<p>1 Cesta Madeira Tamanho grande &#8211; 75\u20ac<\/p>\n<p>Porta Alian\u00e7as (primeira imagem) &#8211; 25\u20ac<\/p>\n<p>Placard 1mt x 70cm &#8211; 125\u20ac<\/p>\n<p>10 Marcadores &#8211; 6\u20ac cada &#8211; 60\u20ac<\/p>\n<p>75 Menus &#8211; 1,95\u20ac cada &#8211; 97,50\u20ac<\/p>\n<p>Quadro Impress\u00f5es digitais &#8211; 100\u20ac<\/p>\n<p>1 convite Menino Alian\u00e7as &#8211; 35\u20ac<\/p>\n<p>1 Ramo de Noiva de Flores artificiais e desidratadas &#8211; 80\u20ac<\/p>\n<p>1 Aro de fitas para o momento de entregar o ramo \u00e0s solteiras &#8211; 35\u20ac<\/p>\n<p>2 Placas cadeiras dos Noivos &#8211; 20\u20ac cada &#8211; 40\u20ac<\/p>\n<p>Pre\u00e7o total sem desconto kit-estacionario-casamento-75-convidados: 1748,25\u20ac<\/p>","protected":false},"featured_media":38086,"template":"","meta":[],"product_brand":[],"product_cat":[1164],"product_tag":[],"class_list":{"0":"post-38093","1":"product","2":"type-product","3":"status-publish","4":"has-post-thumbnail","6":"product_cat-kits-de-casamento","8":"first","9":"instock","10":"featured","11":"taxable","12":"shipping-taxable","13":"purchasable","14":"product-type-simple"},"_links":{"self":[{"href":"https:\/\/miminhosritacatita.com\/de\/wp-json\/wp\/v2\/product\/38093","targetHints":{"allow":["GET"]}}],"collection":[{"href":"https:\/\/miminhosritacatita.com\/de\/wp-json\/wp\/v2\/product"}],"about":[{"href":"https:\/\/miminhosritacatita.com\/de\/wp-json\/wp\/v2\/types\/product"}],"wp:featuredmedia":[{"embeddable":true,"href":"https:\/\/miminhosritacatita.com\/de\/wp-json\/wp\/v2\/media\/38086"}],"wp:attachment":[{"href":"https:\/\/miminhosritacatita.com\/de\/wp-json\/wp\/v2\/media?parent=38093"}],"wp:term":[{"taxonomy":"product_brand","embeddable":true,"href":"https:\/\/miminhosritacatita.com\/de\/wp-json\/wp\/v2\/product_brand?post=38093"},{"taxonomy":"product_cat","embeddable":true,"href":"https:\/\/miminhosritacatita.com\/de\/wp-json\/wp\/v2\/product_cat?post=38093"},{"taxonomy":"product_tag","embeddable":true,"href":"https:\/\/miminhosritacatita.com\/de\/wp-json\/wp\/v2\/product_tag?post=38093"}],"curies":[{"name":"wp","href":"https:\/\/api.w.org\/{rel}","templated":true}]}}