{"id":32981,"date":"2022-10-03T14:43:43","date_gmt":"2022-10-03T14:43:43","guid":{"rendered":"https:\/\/miminhosritacatita.com\/?post_type=product&#038;p=32981"},"modified":"2024-11-21T12:31:50","modified_gmt":"2024-11-21T12:31:50","slug":"caixa-porta-aliancas-caixa","status":"publish","type":"product","link":"https:\/\/miminhosritacatita.com\/de\/bodas\/bodas-de-ouro\/porta-aliancas-bodas-ouro\/caixa-porta-aliancas-caixa\/","title":{"rendered":"Caixa Porta Alian\u00e7as Caixa"},"content":{"rendered":"<h1>Caixa Porta Alian\u00e7as Caixa<\/h1>\n<p>Caixa Porta Alian\u00e7as Caixa<\/p>\n<p>As Bodas de Ouro s\u00e3o uma celebra\u00e7\u00e3o muito importante e est\u00e3o prestes a chegar. E estamos convencidos de que isso \u00e9 motivo para celebrar.<\/p>\n<p>Todos temos uma hist\u00f3ria. E, n\u00f3s suspeitamos de que os Porta Alian\u00e7as seja\u00a0 um bom pretexto para (nos) contar a sua!<\/p>\n<p>Jedes Detail z\u00e4hlt, von der Verabredung \u00fcber das Hochzeitsdatum bis hin zur G\u00e4steliste!  Denn die Vorbereitungen f\u00fcr das sch\u00f6nste Goldene Jubil\u00e4um aller Zeiten k\u00f6nnen beginnen.<\/p>\n<p>Entendemos que o m\u00e9rito pelas<b> Goldene Hochzeit<\/b>\u00a0\u00e9 seu, mas que a miss\u00e3o \u00e9 nossa. E, por isso, criamos produtos \u00fanicos e adaptados ao gosto de cada cliente, cumprindo sempre com a qualidade e perfei\u00e7\u00e3o e bom gosto.<\/p>\n<p>Feitos com amor, os nossos Porta Alian\u00e7as para bodas de ouro s\u00e3o feitos para cada cliente.<\/p>\n<h2>O Caixa Porta Alian\u00e7as Caixa<\/h2>\n<p>Pela altura em que casam, todos os casais j\u00e1 tem uma hist\u00f3ria. E, na Miminhos, j\u00e1 sabemos que os Porta Alian\u00e7as s\u00e3o um bom pretexto para contar a sua!<\/p>\n<p>Seja como for, os brindes de bodas de ouro s\u00e3o feitos para cada cliente, ideia que resulta dos detalhes da sua hist\u00f3ria. Por isso, vamos j\u00e1 conta-la como ela \u00e9, pelas suas palavras.<\/p>\n<p>Assim, temos porta alian\u00e7as de todas as formas e cores e materiais e tamb\u00e9m a todos os pre\u00e7os. Al\u00e9m disso, os nossos brindes s\u00e3o feitos c\u00e1, j\u00e1 que \u00e9 o que nos d\u00e1 o controlo sobre o prazo de produ\u00e7\u00e3o.<\/p>\n<p>Kaufen Sie jetzt die Produkte, die Ihre Party zu einem Erfolg machen, im Miminhos Online Shop<strong>, <\/strong>a melhor:<\/p>\n<ul>\n<li>Convites de Bodas de Ouro<\/li>\n<li>Abridor Lembran\u00e7a Bodas Ouro<\/li>\n<li>Tortenaufleger<\/li>\n<li>Livros de Honra<\/li>\n<\/ul>\n<p>E ainda, Placards, Caixas de Envelopes, Marcadores de Mesa, Ementas e Cestas.<\/p>\n<p class=\"font_3\">Lassen Sie sich also von unserer Arbeit inspirieren und holen Sie sich jetzt weitere Hochzeitsideen, von den einfachsten \u00fcber die elegantesten und formellsten bis hin zu den lustigsten.<\/p>\n<p class=\"font_2\">Assim, combine j\u00e1 o design da sua <strong>Goldene Hochzeit <\/strong>com o ambiente que quer apresentar aos seus convidados no dia.<\/p>\n<p class=\"font_3\">Werfen Sie also einen Blick auf einige der folgenden Arten von\u00a0<strong>Caixa Porta Alian\u00e7as Caixa <\/strong>im Miminhos-Shop erstellt.<\/p>\n<p><strong>Siehe auch: <a href=\"https:\/\/miminhosritacatita.com\/de\/product-category\/goldene-hochzeit\/convites-bodas-de-ouro\/\">Convites p\/ 50 anos de casados<\/a><\/strong><\/p>\n<p><strong>Besuchen Sie unser <a href=\"https:\/\/www.instagram.com\/miminhos.rita.catita\/\" target=\"_blank\" rel=\"noopener\">Instagram<\/a><\/strong><\/p>","protected":false},"excerpt":{"rendered":"<p>Caixa Porta Alian\u00e7as Caixa<\/p>\n<p>Dimens\u00e3o: 11 x 8cm<\/p>\n<p>Material: madeira<\/p>\n<p>O seu bolo vai ficar muito bonito com este acess\u00f3rio, fa\u00e7a j\u00e1 a sua encomenda.<\/p>","protected":false},"featured_media":32960,"template":"","meta":[],"product_brand":[],"product_cat":[1138],"product_tag":[],"class_list":{"0":"post-32981","1":"product","2":"type-product","3":"status-publish","4":"has-post-thumbnail","6":"product_cat-porta-aliancas-bodas-ouro","8":"first","9":"instock","10":"taxable","11":"shipping-taxable","12":"purchasable","13":"product-type-simple"},"_links":{"self":[{"href":"https:\/\/miminhosritacatita.com\/de\/wp-json\/wp\/v2\/product\/32981","targetHints":{"allow":["GET"]}}],"collection":[{"href":"https:\/\/miminhosritacatita.com\/de\/wp-json\/wp\/v2\/product"}],"about":[{"href":"https:\/\/miminhosritacatita.com\/de\/wp-json\/wp\/v2\/types\/product"}],"wp:featuredmedia":[{"embeddable":true,"href":"https:\/\/miminhosritacatita.com\/de\/wp-json\/wp\/v2\/media\/32960"}],"wp:attachment":[{"href":"https:\/\/miminhosritacatita.com\/de\/wp-json\/wp\/v2\/media?parent=32981"}],"wp:term":[{"taxonomy":"product_brand","embeddable":true,"href":"https:\/\/miminhosritacatita.com\/de\/wp-json\/wp\/v2\/product_brand?post=32981"},{"taxonomy":"product_cat","embeddable":true,"href":"https:\/\/miminhosritacatita.com\/de\/wp-json\/wp\/v2\/product_cat?post=32981"},{"taxonomy":"product_tag","embeddable":true,"href":"https:\/\/miminhosritacatita.com\/de\/wp-json\/wp\/v2\/product_tag?post=32981"}],"curies":[{"name":"wp","href":"https:\/\/api.w.org\/{rel}","templated":true}]}}