{"id":32517,"date":"2022-09-09T10:37:26","date_gmt":"2022-09-09T10:37:26","guid":{"rendered":"https:\/\/miminhosritacatita.com\/?post_type=product&#038;p=32517"},"modified":"2026-03-13T17:29:39","modified_gmt":"2026-03-13T17:29:39","slug":"conjunto-batizado-personalizado-pluma","status":"publish","type":"product","link":"https:\/\/miminhosritacatita.com\/de\/batizado\/conjuntos-de-batizado\/conjunto-batizado-personalizado-pluma\/","title":{"rendered":"Conjunto Batizado Personalizado Pluma"},"content":{"rendered":"<h1>Conjunto Batizado Personalizado Pluma<\/h1>\n<p>Conjunto Batizado Personalizado Pluma<\/p>\n<p>Die Taufe ist eine der wichtigsten Etappen in der Entwicklung Ihres Kindes, und sie steht vor der T\u00fcr. Und wir sind \u00fcberzeugt, dass dies ein Grund zum Feiern ist.<\/p>\n<p>Jedes Detail z\u00e4hlt, vom Namen Ihres Kindes \u00fcber das Geburtsdatum bis hin zur G\u00e4steliste! Lassen Sie uns mit den Vorbereitungen f\u00fcr die sch\u00f6nste Taufe aller Zeiten beginnen.<\/p>\n<p>Wir sind uns bewusst, dass die Taufe Ihr Verdienst ist, aber dass die Aufgabe unsere ist. Deshalb kreieren wir ein Taufset, das einzigartig und auf den Geschmack eines jeden Kunden zugeschnitten ist, wobei wir stets auf Qualit\u00e4t, Perfektion und guten Geschmack achten.<\/p>\n<p>Feitos com amor, as nossas Caixas de Batismo s\u00e3o feitos para cada cliente e podem conter: caixa de batizado, vela de batizado, toalha de batizado, babete de batizado, concha de batizado e chucha de batizado. Pois na altura em que nascem, todos os beb\u00e9s j\u00e1 tem a sua hist\u00f3ria.<\/p>\n<h2>O nosso Conjunto Batizado Personalizado Pluma<\/h2>\n<p>Und wir von Miminhos wissen bereits, dass Kerzen eine gute Ausrede sind, um Ihre Geschichte zu erz\u00e4hlen!<\/p>\n<p>Die mit Liebe hergestellten Taufschachteln werden f\u00fcr jeden Kunden individuell angefertigt, eine Idee, die aus den Details seiner Geschichte entsteht. Also erz\u00e4hlen wir sie, wie sie ist, in ihren eigenen Worten.<\/p>\n<p>Seja como for, temos conjuntos de todas as formas e cores e materiais e tamb\u00e9m a todos os pre\u00e7os. Al\u00e9m disso, o nosso Conjunto Batizado Personalizado Pluma \u00e9 feita c\u00e1, j\u00e1 que \u00e9 o que nos d\u00e1 o controlo sobre o prazo de produ\u00e7\u00e3o.<\/p>\n<p>Kaufen Sie im Miminhos Online Shop die Produkte, die Ihre Tauffeier zur besten machen werden. Dazu geh\u00f6ren Einladungen und Souvenirs sowie Sets und Ehrenb\u00fccher.<\/p>\n<ul>\n<li>\n<h3>Und auch Plakate und Umschlagboxen und Tischmarker und Speisekarten und K\u00f6rbe.<\/h3>\n<\/li>\n<\/ul>\n<p>Aber auch Baby Shower und Kleider und Kost\u00fcme und Cake Toppers. Wir haben auch eine H\u00fcpfburg und eine Rutsche f\u00fcr Sie zu mieten.<\/p>\n<p class=\"font_3\">Lassen Sie sich also von unserer Arbeit inspirieren und holen Sie sich weitere Ideen f\u00fcr <strong>Taufe<\/strong>, von den einfachsten \u00fcber die elegantesten und formellsten bis hin zu den lustigsten.<\/p>\n<p class=\"font_2\">Assim, combine j\u00e1 o design do seu Conjunto Batizado Personalizado Pluma com o ambiente que quer apresentar aos seus convidados no dia.<\/p>\n<p class=\"font_3\">Werfen Sie also einen Blick auf einige der Taufschachteln und Taufkerzen aus dem Miminhos-Shop.<\/p>\n<p><strong>Siehe auch <a href=\"https:\/\/miminhosritacatita.com\/de\/product-category\/batizados\/\">Artikel zur Taufe<\/a><\/strong><\/p>\n<p><strong>Besuchen Sie unser <a href=\"https:\/\/www.instagram.com\/miminhos.rita.catita\/\" target=\"_blank\" rel=\"noopener\">Instagram<\/a><\/strong><\/p>\n<p>&nbsp;<\/p>","protected":false},"excerpt":{"rendered":"<p>Conjunto Batizado Personalizado Pluma<\/p>\n<div id=\"id_5c950091cd3335e03125653\" class=\"text_exposed_root text_exposed\">\n<div>Vela de Batizado 25\u20ac<\/div>\n<div>Impress\u00e3o Na vela 7,50\u20ac<br \/>\nConcha 12,50\u20ac<br \/>\nToalha com estampagem &#8211; 35\u20ac<br \/>\nBox 60\u20ac<br \/>\nDruck auf dem Deckel 7,50\u20ac<\/div>\n<\/div>\n<p>Gr\u00f6\u00dfe der Box: 34\u00d725,5cm ohne Trennw\u00e4nde<\/p>\n<p>Bei Farb\u00e4nderungen bitte nach Abschluss der Bestellung in den Anmerkungen angeben<\/p>","protected":false},"featured_media":32519,"template":"","meta":[],"product_brand":[],"product_cat":[1167],"product_tag":[],"class_list":{"0":"post-32517","1":"product","2":"type-product","3":"status-publish","4":"has-post-thumbnail","6":"product_cat-conjuntos-de-batizado","8":"first","9":"instock","10":"taxable","11":"shipping-taxable","12":"purchasable","13":"product-type-simple"},"_links":{"self":[{"href":"https:\/\/miminhosritacatita.com\/de\/wp-json\/wp\/v2\/product\/32517","targetHints":{"allow":["GET"]}}],"collection":[{"href":"https:\/\/miminhosritacatita.com\/de\/wp-json\/wp\/v2\/product"}],"about":[{"href":"https:\/\/miminhosritacatita.com\/de\/wp-json\/wp\/v2\/types\/product"}],"wp:featuredmedia":[{"embeddable":true,"href":"https:\/\/miminhosritacatita.com\/de\/wp-json\/wp\/v2\/media\/32519"}],"wp:attachment":[{"href":"https:\/\/miminhosritacatita.com\/de\/wp-json\/wp\/v2\/media?parent=32517"}],"wp:term":[{"taxonomy":"product_brand","embeddable":true,"href":"https:\/\/miminhosritacatita.com\/de\/wp-json\/wp\/v2\/product_brand?post=32517"},{"taxonomy":"product_cat","embeddable":true,"href":"https:\/\/miminhosritacatita.com\/de\/wp-json\/wp\/v2\/product_cat?post=32517"},{"taxonomy":"product_tag","embeddable":true,"href":"https:\/\/miminhosritacatita.com\/de\/wp-json\/wp\/v2\/product_tag?post=32517"}],"curies":[{"name":"wp","href":"https:\/\/api.w.org\/{rel}","templated":true}]}}