{"id":28433,"date":"2022-03-18T10:38:08","date_gmt":"2022-03-18T10:38:08","guid":{"rendered":"https:\/\/miminhosritacatita.com\/?post_type=product&#038;p=28433"},"modified":"2024-12-31T09:20:06","modified_gmt":"2024-12-31T09:20:06","slug":"lembranca-bodas-ouro-chavena","status":"publish","type":"product","link":"https:\/\/miminhosritacatita.com\/de\/bodas\/bodas-de-ouro\/lembrancas-bodas-de-ouro\/lembranca-bodas-ouro-chavena\/","title":{"rendered":"Lembran\u00e7a Bodas Ouro Ch\u00e1vena"},"content":{"rendered":"<h1>Lembran\u00e7a Bodas Ouro Ch\u00e1vena<\/h1>\n<p>Lembran\u00e7a Bodas Ouro Ch\u00e1vena<\/p>\n<p>As Bodas de Ouro s\u00e3o uma celebra\u00e7\u00e3o muito importante e est\u00e3o prestes a chegar. E estamos convencidos de que isso \u00e9 motivo para celebrar.<\/p>\n<p>Todos temos uma hist\u00f3ria. E, n\u00f3s suspeitamos de que a Lembran\u00e7a Bodas Ouro Ch\u00e1vena seja\u00a0 um bom pretexto para (nos) contar a sua!<\/p>\n<p>Todos os detalhes contam, desde o namoro, \u00e0 data do casamento, at\u00e9 \u00e0 lista de convidados!\u00a0 Porque vamos j\u00e1 come\u00e7ar a preparar as Bodas de Ouro mais doces de sempre.<\/p>\n<p>Entendemos que o m\u00e9rito pelas<b> Goldene Hochzeit<\/b>\u00a0\u00e9 seu, mas que a miss\u00e3o \u00e9 nossa. E, por isso, criamos produtos \u00fanicos e adaptados ao gosto de cada cliente, cumprindo sempre com a qualidade e perfei\u00e7\u00e3o e bom gosto.<\/p>\n<p>Feitos com amor, as nossas lembran\u00e7as de bodas de ouro s\u00e3o feitas para cada cliente.<\/p>\n<h2>A Lembran\u00e7a Bodas Ouro Ch\u00e1vena<\/h2>\n<p>Pela altura em que casam, todos os casais j\u00e1 tem uma hist\u00f3ria. E, na Miminhos, j\u00e1 sabemos que as lembran\u00e7as s\u00e3o um bom pretexto para contar a sua!<\/p>\n<p>Feitos com amor, os brindes de bodas de ouro s\u00e3o feitos para cada cliente, ideia que resulta dos detalhes da sua hist\u00f3ria. Por isso, vamos j\u00e1 conta-la como ela \u00e9, pelas suas palavras.<\/p>\n<p>Assim, temos lembran\u00e7as de bodas de ouro de todas as formas e cores e materiais e tamb\u00e9m a todos os pre\u00e7os. Al\u00e9m disso, os nossos brindes s\u00e3o feitos c\u00e1, j\u00e1 que \u00e9 o que nos d\u00e1 o controlo sobre o prazo de produ\u00e7\u00e3o.<\/p>\n<p>Compre j\u00e1 na Loja Online da Miminhos os produtos que far\u00e3o da sua festa<strong>, <\/strong>a melhor:<\/p>\n<ul>\n<li>Convites<\/li>\n<li>Abridor Lembran\u00e7a Bodas Ouro<\/li>\n<li>Eheringhalter<\/li>\n<li>Livros de Honra<\/li>\n<\/ul>\n<p>E ainda, Placards, Caixas de Envelopes, Marcadores de Mesa, Ementas e Cestas.<\/p>\n<p class=\"font_3\">Portanto, inspire-se no nosso trabalho e tenha j\u00e1 mais ideias de Bodas, desde as mais simples, \u00e0s mais elegantes e mais formais, at\u00e9 aos mais divertidos.<\/p>\n<p class=\"font_2\">Assim, combine j\u00e1 o design do seu <strong>brinde de bodas de ouro <\/strong>com o ambiente que quer apresentar aos seus convidados no dia.<\/p>\n<p class=\"font_3\">Portanto, veja j\u00e1, em baixo alguns tipos de <strong>Lembran\u00e7as de bodas de ouro <\/strong>criadas na loja da Miminhos.\u200b<\/p>\n<p><strong>Siehe auch: <a href=\"https:\/\/miminhosritacatita.com\/de\/product-category\/bodas-de-ouro\/convites-bodas-de-ouro\/\">Convites p\/ 50 anos de casados<\/a><\/strong><\/p>\n<p><strong>Visite o nosso <a href=\"https:\/\/www.instagram.com\/miminhos.rita.catita\/\" target=\"_blank\" rel=\"noopener\">Instagram<\/a><\/strong><\/p>","protected":false},"excerpt":{"rendered":"<p>Lembran\u00e7a Bodas Ouro Ch\u00e1vena<\/p>\n<p>Cor do papel da Imagem: Dourado Vivo metalizado<\/p>\n<p>Uma excelente ideia para tornar o seu dia ainda mais memor\u00e1vel e \u00fanico!<\/p>","protected":false},"featured_media":28494,"template":"","meta":[],"product_brand":[],"product_cat":[1048],"product_tag":[],"class_list":{"0":"post-28433","1":"product","2":"type-product","3":"status-publish","4":"has-post-thumbnail","6":"product_cat-lembrancas-bodas-de-ouro","8":"first","9":"instock","10":"taxable","11":"shipping-taxable","12":"purchasable","13":"product-type-simple"},"_links":{"self":[{"href":"https:\/\/miminhosritacatita.com\/de\/wp-json\/wp\/v2\/product\/28433","targetHints":{"allow":["GET"]}}],"collection":[{"href":"https:\/\/miminhosritacatita.com\/de\/wp-json\/wp\/v2\/product"}],"about":[{"href":"https:\/\/miminhosritacatita.com\/de\/wp-json\/wp\/v2\/types\/product"}],"wp:featuredmedia":[{"embeddable":true,"href":"https:\/\/miminhosritacatita.com\/de\/wp-json\/wp\/v2\/media\/28494"}],"wp:attachment":[{"href":"https:\/\/miminhosritacatita.com\/de\/wp-json\/wp\/v2\/media?parent=28433"}],"wp:term":[{"taxonomy":"product_brand","embeddable":true,"href":"https:\/\/miminhosritacatita.com\/de\/wp-json\/wp\/v2\/product_brand?post=28433"},{"taxonomy":"product_cat","embeddable":true,"href":"https:\/\/miminhosritacatita.com\/de\/wp-json\/wp\/v2\/product_cat?post=28433"},{"taxonomy":"product_tag","embeddable":true,"href":"https:\/\/miminhosritacatita.com\/de\/wp-json\/wp\/v2\/product_tag?post=28433"}],"curies":[{"name":"wp","href":"https:\/\/api.w.org\/{rel}","templated":true}]}}