{"id":19000,"date":"2021-04-12T15:56:53","date_gmt":"2021-04-12T15:56:53","guid":{"rendered":"https:\/\/miminhosritacatita.com\/?post_type=product&#038;p=19000"},"modified":"2025-01-31T17:24:35","modified_gmt":"2025-01-31T17:24:35","slug":"presente-especial-mae-adora","status":"publish","type":"product","link":"https:\/\/miminhosritacatita.com\/de\/presentes-personalizados\/prendas-dia-da-mae\/presente-especial-mae-adora\/","title":{"rendered":"Presente Especial M\u00e3e Adora"},"content":{"rendered":"<h1>Presente Especial M\u00e3e Adora<\/h1>\n<p>Presente Especial M\u00e3e Adora<\/p>\n<p>Man sagt, das Geheimnis liegt im Detail... Und wir glauben daran! In unserem Gesch\u00e4ft sind die Muttertagsgeschenke einige unserer Lieblingsdetails.<\/p>\n<p>Also, welches Geschenk zum Muttertag w\u00e4hlen Sie? Denken Sie nach, denn hier kommt Ihr pers\u00f6nlicher Stil zum Tragen!<\/p>\n<p>Deshalb werden unsere Produkte mit Liebe f\u00fcr jeden Kunden hergestellt, eine Idee, die sich aus den Details seiner Geschichte ergibt. Lassen Sie uns also in Ihren eigenen Worten erz\u00e4hlen, wie es ist.<\/p>\n<p>No entanto, temos, na nossa loja, v\u00e1rios Presentes para a M\u00e3e, para v\u00e1rios pre\u00e7os e gostos, mantendo sempre a promessa de qualidade.<\/p>\n<h2>O Presente Especial M\u00e3e Adora<\/h2>\n<p>Das Geschenk ist Ihr Verdienst, aber die Aufgabe ist unsere. Deshalb kreieren wir Produkte, die auf den Geschmack eines jeden Kunden zugeschnitten sind, und liefern stets Qualit\u00e4t, Perfektion und guten Geschmack.<\/p>\n<p>Finden Sie also die Antwort auf alle Details, die Ihre Party einzigartig machen, im Online Shop.<\/p>\n<p>Finden Sie also hier und jetzt die Antwort auf alle Details, die diesen Tag einzigartig machen.<\/p>\n<ul>\n<li>Dos quais, as molduras com a vossa foto e uma mensagem especial \/ o Martelo com mensagem \/ ou os Chinelos de Quarto \/ ou bebidas com r\u00f3tulos e copos personalizados \/ ou a moldura mealheiro para os sonhos da Mam\u00e3.<\/li>\n<\/ul>\n<p>Dar\u00fcber hinaus haben wir f\u00fcr diesen besonderen Tag auch andere und originelle Geschenke f\u00fcr die beste Mutter, eine Schokoladenbox nach ihrem Geschmack \/ oder eine Box mit Pralinen und einem Getr\u00e4nk \/ oder Pralinen mit einer Botschaft.<\/p>\n<p>Finden Sie hier das ideale Geschenk f\u00fcr die beste Mutter der Welt, bestellen Sie jetzt.<\/p>\n<p>Siehe auch: <a href=\"https:\/\/miminhosritacatita.com\/de\/product\/agenda-da-noiva\/\">Braut-Agenda<\/a><\/p>\n<p><strong>Folgen Sie uns auf<a href=\"https:\/\/www.instagram.com\/miminhos.rita.catita\/\" target=\"_blank\" rel=\"noopener\"> Instagram<\/a><\/strong><\/p>\n<p>&nbsp;<\/p>","protected":false},"excerpt":{"rendered":"<p>Presente Especial M\u00e3e Adora (Coca-cola e Copo com grava\u00e7\u00e3o) O efeito do lim\u00e3o \u00e9 apenas sugest\u00e3o de apresenta\u00e7\u00e3o<\/p>\n<p>Para altera\u00e7\u00f5es, indique nas notas depois de finalizar a sua encomenda.<\/p>\n<p>O Dia da M\u00e3e est\u00e1 a chegar, \u00e9 no primeiro Domingo de Maio<\/p>","protected":false},"featured_media":28862,"template":"","meta":[],"product_brand":[],"product_cat":[1076],"product_tag":[],"class_list":{"0":"post-19000","1":"product","2":"type-product","3":"status-publish","4":"has-post-thumbnail","6":"product_cat-prendas-dia-da-mae","8":"first","9":"instock","10":"taxable","11":"shipping-taxable","12":"purchasable","13":"product-type-simple"},"_links":{"self":[{"href":"https:\/\/miminhosritacatita.com\/de\/wp-json\/wp\/v2\/product\/19000","targetHints":{"allow":["GET"]}}],"collection":[{"href":"https:\/\/miminhosritacatita.com\/de\/wp-json\/wp\/v2\/product"}],"about":[{"href":"https:\/\/miminhosritacatita.com\/de\/wp-json\/wp\/v2\/types\/product"}],"wp:featuredmedia":[{"embeddable":true,"href":"https:\/\/miminhosritacatita.com\/de\/wp-json\/wp\/v2\/media\/28862"}],"wp:attachment":[{"href":"https:\/\/miminhosritacatita.com\/de\/wp-json\/wp\/v2\/media?parent=19000"}],"wp:term":[{"taxonomy":"product_brand","embeddable":true,"href":"https:\/\/miminhosritacatita.com\/de\/wp-json\/wp\/v2\/product_brand?post=19000"},{"taxonomy":"product_cat","embeddable":true,"href":"https:\/\/miminhosritacatita.com\/de\/wp-json\/wp\/v2\/product_cat?post=19000"},{"taxonomy":"product_tag","embeddable":true,"href":"https:\/\/miminhosritacatita.com\/de\/wp-json\/wp\/v2\/product_tag?post=19000"}],"curies":[{"name":"wp","href":"https:\/\/api.w.org\/{rel}","templated":true}]}}