{"id":18929,"date":"2021-04-12T10:35:45","date_gmt":"2021-04-12T10:35:45","guid":{"rendered":"https:\/\/miminhosritacatita.com\/?post_type=product&#038;p=18929"},"modified":"2025-01-31T13:19:48","modified_gmt":"2025-01-31T13:19:48","slug":"caixa-flor-presente-mae","status":"publish","type":"product","link":"https:\/\/miminhosritacatita.com\/de\/presentes-personalizados\/prendas-dia-da-mae\/caixa-flor-presente-mae\/","title":{"rendered":"Caixa Flor Presente M\u00e3e"},"content":{"rendered":"<h1>Caixa Flor Presente M\u00e3e<\/h1>\n<p>Caixa Flor Presente M\u00e3e<\/p>\n<p>Man sagt, das Geheimnis liegt im Detail... Und wir glauben daran! In unserem Gesch\u00e4ft sind die Muttertagsgeschenke einige unserer Lieblingsdetails.<\/p>\n<p>Also, welches Geschenk zum Muttertag w\u00e4hlen Sie? Denken Sie nach, denn hier kommt Ihr pers\u00f6nlicher Stil zum Tragen!<\/p>\n<h2>A Caixa Flor Presente M\u00e3e<\/h2>\n<p>Deshalb werden unsere Produkte mit Liebe f\u00fcr jeden Kunden hergestellt, eine Idee, die sich aus den Details seiner Geschichte ergibt. Lassen Sie uns also in Ihren eigenen Worten erz\u00e4hlen, wie es ist.<\/p>\n<p>No entanto, temos, na nossa loja, a caixa flor presente, para v\u00e1rios pre\u00e7os e gostos, mantendo sempre a promessa de qualidade.<\/p>\n<p>Das Geschenk ist Ihr Verdienst, aber die Aufgabe ist unsere. Deshalb kreieren wir Produkte, die auf den Geschmack eines jeden Kunden zugeschnitten sind, und liefern stets Qualit\u00e4t, Perfektion und guten Geschmack.<\/p>\n<p>Finden Sie also hier und jetzt die Antwort auf alle Details, die diesen Tag einzigartig machen.<\/p>\n<ul>\n<li>Darunter die Fotorahmen mit Ihrem Foto und einer besonderen Botschaft \/ der Hammer mit Botschaft \/ oder die Schlafzimmer-Pantoffeln \/ oder das Original Mama-Geschenk \/ oder der Sparschweinrahmen f\u00fcr Mamas Tr\u00e4ume.<\/li>\n<\/ul>\n<p>Finden Sie also die Antwort auf alle Details, die Ihre Party einzigartig machen, im Online Shop.<\/p>\n<p>Dar\u00fcber hinaus haben wir f\u00fcr diesen besonderen Tag auch andere und originelle Geschenke f\u00fcr die beste Mutter, eine Schokoladenbox nach ihrem Geschmack \/ oder eine Box mit Pralinen und einem Getr\u00e4nk \/ oder Pralinen mit einer Botschaft.<\/p>\n<p>Encontre aqui o prenda ideal para a melhor m\u00e3e do mundo, encomende j\u00e1 a Caixa Flor Presente M\u00e3e.<\/p>\n<p>Siehe auch: <a href=\"https:\/\/miminhosritacatita.com\/de\/product\/agenda-da-noiva\/\">Braut-Agenda<\/a><\/p>\n<p><strong>Folgen Sie uns auf<a href=\"https:\/\/www.instagram.com\/miminhos.rita.catita\/\" target=\"_blank\" rel=\"noopener\"> Instagram<\/a><\/strong><\/p>\n<p>&nbsp;<\/p>","protected":false},"excerpt":{"rendered":"<p>Caixa Flor Presente M\u00e3e<\/p>\n<p>Para altera\u00e7\u00f5es, indique nas notas depois de finalizar a sua encomenda.<\/p>\n<p>O Dia da M\u00e3e est\u00e1 a chegar, \u00e9 j\u00e1 no primeiro domingo de maio, encomende j\u00e1 o presente ideal para a Melhor M\u00e3e do Mundo!<\/p>","protected":false},"featured_media":28881,"template":"","meta":[],"product_brand":[],"product_cat":[1076],"product_tag":[],"class_list":{"0":"post-18929","1":"product","2":"type-product","3":"status-publish","4":"has-post-thumbnail","6":"product_cat-prendas-dia-da-mae","8":"first","9":"instock","10":"taxable","11":"shipping-taxable","12":"purchasable","13":"product-type-simple"},"_links":{"self":[{"href":"https:\/\/miminhosritacatita.com\/de\/wp-json\/wp\/v2\/product\/18929","targetHints":{"allow":["GET"]}}],"collection":[{"href":"https:\/\/miminhosritacatita.com\/de\/wp-json\/wp\/v2\/product"}],"about":[{"href":"https:\/\/miminhosritacatita.com\/de\/wp-json\/wp\/v2\/types\/product"}],"wp:featuredmedia":[{"embeddable":true,"href":"https:\/\/miminhosritacatita.com\/de\/wp-json\/wp\/v2\/media\/28881"}],"wp:attachment":[{"href":"https:\/\/miminhosritacatita.com\/de\/wp-json\/wp\/v2\/media?parent=18929"}],"wp:term":[{"taxonomy":"product_brand","embeddable":true,"href":"https:\/\/miminhosritacatita.com\/de\/wp-json\/wp\/v2\/product_brand?post=18929"},{"taxonomy":"product_cat","embeddable":true,"href":"https:\/\/miminhosritacatita.com\/de\/wp-json\/wp\/v2\/product_cat?post=18929"},{"taxonomy":"product_tag","embeddable":true,"href":"https:\/\/miminhosritacatita.com\/de\/wp-json\/wp\/v2\/product_tag?post=18929"}],"curies":[{"name":"wp","href":"https:\/\/api.w.org\/{rel}","templated":true}]}}