{"id":17602,"date":"2021-03-05T16:42:34","date_gmt":"2021-03-05T16:42:34","guid":{"rendered":"https:\/\/miminhosritacatita.com\/?post_type=product&#038;p=17602"},"modified":"2025-02-10T12:30:04","modified_gmt":"2025-02-10T12:30:04","slug":"martelo-original-padrinho-pascoa","status":"publish","type":"product","link":"https:\/\/miminhosritacatita.com\/de\/presentes-personalizados\/prendas-pascoa\/martelo-original-padrinho-pascoa\/","title":{"rendered":"Martelo Original Padrinho P\u00e1scoa"},"content":{"rendered":"<h1>Martelo Original Padrinho P\u00e1scoa<\/h1>\n<p>Martelo Original Padrinho P\u00e1scoa<\/p>\n<p>Dizem que o segredo est\u00e1 nos detalhes\u2026 E n\u00f3s acreditamos! Na nossa loja os Presentes para o Dia de Ramos s\u00e3o dos nossos detalhes favoritos.<\/p>\n<p>Assim, das Argola \u00e0s Molduras\u2026 Qual ser\u00e1 o presente escolhido? Pense!, porque \u00e9 aqui que o estilo pessoal vai brilhar!<\/p>\n<h2>O Martelo Original Padrinho P\u00e1scoa<\/h2>\n<p>Portanto, feitos com amor, alguns produtos j\u00e1 s\u00e3o feitos para cada cliente, ideia que resulta dos detalhes da sua hist\u00f3ria. Por isso, vamos j\u00e1 conta-la como ela \u00e9, pelas suas palavras.<\/p>\n<p>No entanto, temos, na nossa loja, v\u00e1rios prendas para v\u00e1rios pre\u00e7os e gostos, mantendo sempre a promessa de qualidade, como o Martelo Original Padrinho.<\/p>\n<p>Das Geschenk ist Ihr Verdienst, aber die Aufgabe ist unsere. Deshalb kreieren wir Produkte, die auf den Geschmack eines jeden Kunden zugeschnitten sind, und liefern stets Qualit\u00e4t, Perfektion und guten Geschmack.<\/p>\n<p>Finden Sie also die Antwort auf alle Details, die Ihre Party einzigartig machen, im Online Shop.<\/p>\n<p>Portanto, encontre j\u00e1 e aqui a resposta para todos os detalhes que far\u00e3o este dia \u00fanico, como o Martelo Original Padrinho.<\/p>\n<ul>\n<li>Dos quais, as molduras com a vossa foto e uma mensagem especial \/ o Martelo com mensagem \/ ou os Chinelos de Quarto \/ ou a Argola Guardanapo Coelho \/ ou a moldura mealheiro para os sonhos do Pap\u00e1.<\/li>\n<\/ul>\n<p>E ainda, temos tamb\u00e9m para este dia especial mais presentes diferentes e originais para oferecer ao Melhor Padrinho, uma Caixa Chocolate ao seu gosto \/ ou uma caixa com chocolates e uma bebida \/ ou os Chocolates com uma mensagem.<\/p>\n<p>Encontre aqui o prenda ideal para os melhores Padrinhos do Mundo, encomende j\u00e1.<\/p>\n<p>Siehe auch: <a href=\"https:\/\/miminhosritacatita.com\/de\/product\/agenda-da-noiva\/\">Braut-Agenda<\/a><\/p>\n<p><strong>Folgen Sie uns auf<\/strong> <a href=\"https:\/\/www.instagram.com\/miminhos.rita.catita\/\" target=\"_blank\" rel=\"noopener\">Instagram<\/a><\/p>\n<p>&nbsp;<\/p>\n<p>&nbsp;<\/p>","protected":false},"excerpt":{"rendered":"<p>Martelo Original Padrinho P\u00e1scoa<\/p>\n<p>(restantes artigos fazem parte do cen\u00e1rio)<\/p>\n<p>Para altera\u00e7\u00f5es indique nas &#8220;notas&#8221; depois de finalizar a encomenda.<\/p>\n<p>O Dia de Ramos est\u00e1 a chegar.<\/p>","protected":false},"featured_media":28835,"template":"","meta":[],"product_brand":[],"product_cat":[1073],"product_tag":[],"class_list":{"0":"post-17602","1":"product","2":"type-product","3":"status-publish","4":"has-post-thumbnail","6":"product_cat-prendas-pascoa","8":"first","9":"instock","10":"taxable","11":"shipping-taxable","12":"purchasable","13":"product-type-simple"},"_links":{"self":[{"href":"https:\/\/miminhosritacatita.com\/de\/wp-json\/wp\/v2\/product\/17602","targetHints":{"allow":["GET"]}}],"collection":[{"href":"https:\/\/miminhosritacatita.com\/de\/wp-json\/wp\/v2\/product"}],"about":[{"href":"https:\/\/miminhosritacatita.com\/de\/wp-json\/wp\/v2\/types\/product"}],"wp:featuredmedia":[{"embeddable":true,"href":"https:\/\/miminhosritacatita.com\/de\/wp-json\/wp\/v2\/media\/28835"}],"wp:attachment":[{"href":"https:\/\/miminhosritacatita.com\/de\/wp-json\/wp\/v2\/media?parent=17602"}],"wp:term":[{"taxonomy":"product_brand","embeddable":true,"href":"https:\/\/miminhosritacatita.com\/de\/wp-json\/wp\/v2\/product_brand?post=17602"},{"taxonomy":"product_cat","embeddable":true,"href":"https:\/\/miminhosritacatita.com\/de\/wp-json\/wp\/v2\/product_cat?post=17602"},{"taxonomy":"product_tag","embeddable":true,"href":"https:\/\/miminhosritacatita.com\/de\/wp-json\/wp\/v2\/product_tag?post=17602"}],"curies":[{"name":"wp","href":"https:\/\/api.w.org\/{rel}","templated":true}]}}