{"id":10061,"date":"2020-01-03T12:27:01","date_gmt":"2020-01-03T12:27:01","guid":{"rendered":"https:\/\/miminhosritacatita.com\/?post_type=product&#038;p=10061"},"modified":"2025-01-30T16:41:39","modified_gmt":"2025-01-30T16:41:39","slug":"ementa-cocas-super-divertida","status":"publish","type":"product","link":"https:\/\/miminhosritacatita.com\/de\/comunhao\/ementas-de-comunhao\/ementa-cocas-super-divertida\/","title":{"rendered":"Ementa Cocas Super Divertida"},"content":{"rendered":"<h1>Ementa Cocas Super Divertida<\/h1>\n<p>Ementa Cocas Super Divertida<\/p>\n<p>A Comunh\u00e3o \u00e9 um dos passos mais importantes na nossa est\u00f3ria, e esse parece-nos motivo suficiente para celebrar. Concorda? Por isso, perguntamos-lhe: como \u00e9 a sua festa de sonho? Conte-nos! Na Miminhos Rita Catita estamos verdadeiramente interessados em saber: porque a nossa miss\u00e3o \u00e9 tornar o seu sonho real com a Ementa Cocas Super Divertida.<\/p>\n<p>A festa \u00e9 sua, mas o compromisso \u00e9 nosso. Por isso, \u00e0 singularidade de cada pedido, dedicamo-nos de forma apaixonada. Desenvolvemos produtos personalizados e ajustados \u00e0s necessidades de cada cliente, cumprindo sempre com a promessa de qualidade, excel\u00eancia e profissionalismo.<\/p>\n<h2>As Nossas Ementa Cocas Super\u00a0 Divertida<\/h2>\n<p>As nossas cria\u00e7\u00f5es s\u00e3o o resultado de uma combina\u00e7\u00e3o inspirada nos detalhes que tornam cada hist\u00f3ria especial e \u00fanica, pelo que trabalhamos para manter sempre a mudan\u00e7a e a inova\u00e7\u00e3o.<\/p>\n<p>Como tal, o nosso amor em nada \u00e9 secreto: confessamos j\u00e1 publicamente que somos apaixonados por detalhes. Desta vez, a confiss\u00e3o \u00e9 mais espec\u00edfica. Estamos apaixonados por\u2026 <strong>Speisekarten<\/strong>!<\/p>\n<p>No entanto, as <strong>Speisekarten<\/strong> s\u00e3o mais um daqueles pormenores em que podemos investir com criatividade, justamente para, como expect\u00e1vel, revelar aos convidados que refei\u00e7\u00e3o os vai esperar.<\/p>\n<p>Na Miminhos Rita Catita desenvolvemos <strong>Speisekarten<\/strong> personalizadas e ajustadas \u00e0s necessidades de cada cliente, cumprindo sempre com a promessa de qualidade, excel\u00eancia e profissionalismo. Para al\u00e9m disso, as nossas <strong>Speisekarten<\/strong> s\u00e3o desenvolvidas internamente \u2013 o que nos d\u00e1 total controlo sobre o processo de produ\u00e7\u00e3o.<\/p>\n<p>Assim, escolha a cor de papel que mais lhe agrada e n\u00f3s tratamos do resto, deixe estes detalhes da sua comunh\u00e3o na m\u00e3o de profissionais como n\u00f3s!<\/p>\n<ul>\n<li>Portanto encontre na Loja Online da Miminhos Rita Catita a resposta para todos os pormenores que tornar\u00e3o a sua festa de Comunh\u00e3o \u00fanica: Convites, Lembran\u00e7as, Livros de Honra, Placards, Ementa &#8220;Quantos Queres&#8221; Divertida<strong>. E ainda, <\/strong>Marcadores de Mesa, Cestas de Lembran\u00e7as e Topos de Bolo, aplica\u00e7\u00f5es para cabelo. Mas tamb\u00e9m, convites e lembran\u00e7as especiais para padrinhos, av\u00f3s e catequistas.<\/li>\n<\/ul>\n<p><strong>Siehe auch: <a href=\"https:\/\/miminhosritacatita.com\/de\/product-category\/comunhoes\/convites-de-comunhao\/\">Einladungen zur Kommunion<\/a><\/strong><\/p>\n<p><strong>Visite o nosso <a href=\"https:\/\/www.instagram.com\/miminhos.rita.catita\/\" target=\"_blank\" rel=\"noopener\">Instagram<\/a><\/strong><\/p>","protected":false},"excerpt":{"rendered":"<p>Ementa Cocas Super Divertida<\/p>\n<p>Papel 120gr<\/p>\n<p>Cor do papel da Imagem: Prata Metalizado.<\/p>\n<p>Com impress\u00e3o a cor personalizada!<\/p>\n<p>Escolhe j\u00e1 a tua!<\/p>\n<p>&nbsp;<\/p>","protected":false},"featured_media":61058,"template":"","meta":[],"product_brand":[],"product_cat":[1039],"product_tag":[],"class_list":{"0":"post-10061","1":"product","2":"type-product","3":"status-publish","4":"has-post-thumbnail","6":"product_cat-ementas-de-comunhao","8":"first","9":"instock","10":"taxable","11":"shipping-taxable","12":"purchasable","13":"product-type-simple"},"_links":{"self":[{"href":"https:\/\/miminhosritacatita.com\/de\/wp-json\/wp\/v2\/product\/10061","targetHints":{"allow":["GET"]}}],"collection":[{"href":"https:\/\/miminhosritacatita.com\/de\/wp-json\/wp\/v2\/product"}],"about":[{"href":"https:\/\/miminhosritacatita.com\/de\/wp-json\/wp\/v2\/types\/product"}],"wp:featuredmedia":[{"embeddable":true,"href":"https:\/\/miminhosritacatita.com\/de\/wp-json\/wp\/v2\/media\/61058"}],"wp:attachment":[{"href":"https:\/\/miminhosritacatita.com\/de\/wp-json\/wp\/v2\/media?parent=10061"}],"wp:term":[{"taxonomy":"product_brand","embeddable":true,"href":"https:\/\/miminhosritacatita.com\/de\/wp-json\/wp\/v2\/product_brand?post=10061"},{"taxonomy":"product_cat","embeddable":true,"href":"https:\/\/miminhosritacatita.com\/de\/wp-json\/wp\/v2\/product_cat?post=10061"},{"taxonomy":"product_tag","embeddable":true,"href":"https:\/\/miminhosritacatita.com\/de\/wp-json\/wp\/v2\/product_tag?post=10061"}],"curies":[{"name":"wp","href":"https:\/\/api.w.org\/{rel}","templated":true}]}}