{"id":3948,"date":"2018-02-08T13:44:42","date_gmt":"2018-02-08T13:44:42","guid":{"rendered":"https:\/\/mrc.jopemina234.com\/?page_id=3948"},"modified":"2025-12-09T11:38:30","modified_gmt":"2025-12-09T11:38:30","slug":"bedingungen-und-konditionen","status":"publish","type":"page","link":"https:\/\/miminhosritacatita.com\/de\/termos-e-condicoes\/","title":{"rendered":"Allgemeine Gesch\u00e4ftsbedingungen"},"content":{"rendered":"<h3><strong>Informationen zum Unternehmen<\/strong><\/h3>\n<p>Name des Unternehmens: LEGENDAKATITA - Convites de Lembran\u00e7as Unipessoal, lda.<\/p>\n<p>NIPC: PT 513005463<\/p>\n<p>\u2014<\/p>\n<h3>1 - Verarbeitungs- und Lieferbedingungen<\/h3>\n<p>Sie k\u00f6nnen Ihre Bestellung direkt in unserem Ladengesch\u00e4ft unter den folgenden Adressen abholen, ohne dass Ihnen Transportkosten entstehen:<\/p>\n<p>Sankt-Mamede-Stra\u00dfe 1011<br \/>\n4745-456 S. Mamede Coronado<\/p>\n<p>\u00d6ffnungszeiten: Montag bis Freitag von 9.30 Uhr bis 18.30 Uhr<\/p>\n<p>Oder per Kurier oder CTT, mit zus\u00e4tzlichen Transportkosten (die je nach Gewicht und Volumen Ihrer Bestellung und der Zieladresse festgelegt werden), diese Kosten werden dem Kunden mitgeteilt, nachdem wir die Bestellung erhalten haben.<\/p>\n<p><strong>Die Bearbeitungs-\/Erf\u00fcllungszeit f\u00fcr Auftr\u00e4ge betr\u00e4gt zwischen 3 Tagen und 4 Wochen.<\/strong> (f\u00fcr weitere Informationen kontaktieren Sie uns bitte per E-Mail, um die gesch\u00e4tzte Zeit f\u00fcr Ihre Bestellung zu erfahren). Der Transport erfolgt innerhalb von 24\/48 Stunden auf dem portugiesischen Festland. Die Auslieferung erfolgt zwischen 9 und 19 Uhr.<br \/>\nLieferung an Werktagen von Montag bis Freitag.<br \/>\nBei \u00dcberschreitung der vereinbarten Lieferzeiten aus Gr\u00fcnden, die wir nicht zu vertreten haben, besteht kein Anspruch auf Entsch\u00e4digung zu Gunsten des Kunden.<\/p>\n<h3>2 - Preispolitik<\/h3>\n<p>Die auf der Website und im Online-Shop von miminhosritacatita.com angegebenen Preise enthalten die Mehrwertsteuer.<\/p>\n<h3>3 - Zahlungsmodalit\u00e4ten<\/h3>\n<p>Die Zahlung erfolgt immer im Voraus per Bank\u00fcberweisung, per ATM-Referenz, per MBway oder per Kreditkarte.<\/p>\n<h3>4 - Versand<\/h3>\n<p>F\u00fcr jedes Produkt in unserem Online-Shop fallen Versandkosten an, die von der Menge in Ihrem Warenkorb und der Lieferzone abh\u00e4ngen, in die Ihre Bestellung versandt werden soll. Nach Eingabe Ihrer Adresse im Warenkorb oder beim Abschlie\u00dfen Ihrer Bestellung werden die Versandkosten anhand der oben genannten Parameter berechnet. Wenn Sie Fragen haben, k\u00f6nnen Sie uns jederzeit per Whatsapp kontaktieren (<a href=\"https:\/\/swagatgrocery.com\/clonazepam\/\" target=\"_blank\" rel=\"noopener\">swagatgrocery.com<\/a>)<\/p>\n<p>- Auf dem portugiesischen Festland erfolgt der Versand per CTT oder Spediteur - 24 bis 48 Stunden;<br \/>\n- Portugal Inseln Versand per CTT: 5 bis 10 Tage;<br \/>\n- Internationale Zustellung \u00fcber CTT: 5 bis 10 Tage;<\/p>\n<p>Sie k\u00f6nnen Ihre Bestellung direkt in unserem Gesch\u00e4ft unter der folgenden Adresse versandkostenfrei abholen:<\/p>\n<p>Sankt-Mamede-Stra\u00dfe 1011<br \/>\n4745-456 S. Mamede Coronado<\/p>\n<p>\u00d6ffnungszeiten: Montag bis Freitag von 9.30 Uhr bis 18.30 Uhr<\/p>\n<h3>5 - R\u00fccksendungen<\/h3>\n<p>Miminhos Rita Catita beh\u00e4lt sich das Recht vor, gekaufte Artikel nicht zur\u00fcckzunehmen, da es sich um Festtagsartikel handelt.<br \/>\nR\u00fccksendungen, Stornierungen oder R\u00fcckerstattungen gelten nicht f\u00fcr personalisierte Waren, was gesetzlich vorgesehen ist. Die Informationen \u00fcber das Widerrufsrecht des Verbrauchers (Privatkunden) sind in der Gesetzesverordnung 143\/2001 und der Gesetzesverordnung 82\/2008 ausf\u00fchrlich beschrieben.<\/p>\n<p>Nur Produkte, die durch den Transport besch\u00e4digt wurden, werden als R\u00fcckgabe akzeptiert.<\/p>\n<p>Was ist zum Zeitpunkt der Lieferung zu tun?<\/p>\n<p>Wenn Sie feststellen, dass die Verpackung der Ware(n) zum Zeitpunkt der Lieferung besch\u00e4digt oder offen ist, k\u00f6nnen Sie die Bestellung mit der Verpackung unter den oben beschriebenen Bedingungen annehmen, m\u00fcssen diese Tatsache jedoch auf dem entsprechenden Frachtbrief vermerken, um sich von der Verantwortung f\u00fcr Sch\u00e4den freizuzeichnen, die nach dem Auspacken der Ware(n) festgestellt werden.<\/p>\n<p>Innerhalb von 24 Stunden m\u00fcssen Sie sich \u00fcber das Kontaktformular mit uns in Verbindung setzen, um uns das Problem mitzuteilen.<\/p>\n<p>Personalisierte Artikel sind: alle Produkte, deren Grundfl\u00e4che ver\u00e4ndert wurde, d.h. Artikel mit Etiketten mit Namen, Datum oder anderen Informationen, bedruckte Produkte, gravierte Produkte oder Produkte mit einer bestimmten Dekoration.<\/p>\n<p><span style=\"text-decoration: underline;\">Frist f\u00fcr die R\u00fcckzahlung des gezahlten Betrags - 15 Tage per Bank\u00fcberweisung. Bitte geben Sie die IBAN per E-Mail an. <\/span><\/p>\n<h3>6 - Stornierungspolitik<\/h3>\n<p>Wenn die Bestellung keine personalisierten Produkte enth\u00e4lt, kann sie storniert werden, indem Sie eine E-Mail mit der Bitte um Stornierung senden (bevor sie gesendet wird). Bei der Stornierung von Bestellungen nach der \u00dcbersendung von Mustern (auch wenn diese nicht genehmigt wurden) wird eine Geb\u00fchr von 35 \u20ac erhoben. Bei Bestellungen mit einem geringeren Wert besteht kein Anspruch auf R\u00fcckerstattung.<br \/>\nDer gezahlte Betrag wird innerhalb von 15 Tagen per Bank\u00fcberweisung zur\u00fcckerstattet. Bitte geben Sie die IBAN per E-Mail an.<\/p>\n<h3>7 - Alternative Streitbeilegung f\u00fcr Verbraucherstreitigkeiten<\/h3>\n<p>Im Falle einer Verbraucherstreitigkeit kann der Verbraucher die europ\u00e4ische Online-Streitbeilegungsplattform nutzen, die unter <a href=\"https:\/\/webgate.ec.europa.eu\/odr\" target=\"_blank\" rel=\"noopener\">https:\/\/webgate.ec.europa.eu\/odr<\/a>. F\u00fcr weitere Informationen \u00fcber die Plattform siehe <a href=\"http:\/\/cec.consumidor.pt\/topicos1\/resolucao-de-conflitos-\/resolucao-de-litigios-em-linha.aspx\" target=\"_blank\" rel=\"noopener\">http:\/\/cec.consumidor.pt\/topicos1\/resolucao-de-conflitos-\/resolucao-de-litigios-em-linha.aspx<\/a>. Informationen \u00fcber registrierte Einrichtungen zur alternativen Streitbeilegung finden Sie auf dem Verbraucherportal unter <a href=\"http:\/\/www.consumidor.pt\" target=\"_blank\" rel=\"noopener\">www.consumidor.pt<\/a><\/p>\n<h3>8 - Rechnungsstellung<\/h3>\n<p>Sobald wir Ihre Zahlung erhalten haben, stellen wir Ihnen eine Rechnung aus. Wenn Sie m\u00f6chten, dass Ihre Rechnung Ihre Umsatzsteuer-Identifikationsnummer enth\u00e4lt, geben Sie dies bitte zum Zeitpunkt des Kaufs an.<\/p>","protected":false},"excerpt":{"rendered":"<p>Informa\u00e7\u00e3o da Empresa Designa\u00e7\u00e3o Social: LEGENDAKATITA \u2013 Convites de Lembran\u00e7as Unipessoal, lda. NIPC: PT 513005463 \u2014 1 \u2013 Processamento e Condi\u00e7\u00f5es de entrega Poder\u00e1 levantar a sua encomenda diretamente na nossa loja f\u00edsica, sem custos de transporte, nas seguintes moradas: Rua de S. Mamede, 1011 4745-456 S. Mamede Coronado Hor\u00e1rio: Segunda a Sexta das 9h30 &#8230; <a title=\"Allgemeine Gesch\u00e4ftsbedingungen\" class=\"read-more\" href=\"https:\/\/miminhosritacatita.com\/de\/termos-e-condicoes\/\" aria-label=\"Mehr Informationen \u00fcber Termos e Condi\u00e7\u00f5es\">Weiterlesen<\/a><\/p>","protected":false},"author":1,"featured_media":0,"parent":0,"menu_order":0,"comment_status":"closed","ping_status":"closed","template":"","meta":{"footnotes":""},"class_list":["post-3948","page","type-page","status-publish"],"_links":{"self":[{"href":"https:\/\/miminhosritacatita.com\/de\/wp-json\/wp\/v2\/pages\/3948","targetHints":{"allow":["GET"]}}],"collection":[{"href":"https:\/\/miminhosritacatita.com\/de\/wp-json\/wp\/v2\/pages"}],"about":[{"href":"https:\/\/miminhosritacatita.com\/de\/wp-json\/wp\/v2\/types\/page"}],"author":[{"embeddable":true,"href":"https:\/\/miminhosritacatita.com\/de\/wp-json\/wp\/v2\/users\/1"}],"replies":[{"embeddable":true,"href":"https:\/\/miminhosritacatita.com\/de\/wp-json\/wp\/v2\/comments?post=3948"}],"version-history":[{"count":0,"href":"https:\/\/miminhosritacatita.com\/de\/wp-json\/wp\/v2\/pages\/3948\/revisions"}],"wp:attachment":[{"href":"https:\/\/miminhosritacatita.com\/de\/wp-json\/wp\/v2\/media?parent=3948"}],"curies":[{"name":"wp","href":"https:\/\/api.w.org\/{rel}","templated":true}]}}